{"id":100,"date":"2025-07-21T20:46:03","date_gmt":"2025-07-21T20:46:03","guid":{"rendered":"https:\/\/medsol.cl\/?post_type=product&#038;p=100"},"modified":"2025-09-15T02:38:32","modified_gmt":"2025-09-15T02:38:32","slug":"desfibrilador-mindray-c2","status":"publish","type":"product","link":"https:\/\/medsol.cl\/index.php\/producto\/desfibrilador-mindray-c2\/","title":{"rendered":"Desfibrilador Mindray C2"},"content":{"rendered":"<p><span class=\"wixui-rich-text__text\">DESFIBRILADOR SEMIAUTOMATICO DEA\/AED BENEHEART C2 MINDRAY. CON PANTALLA TFT\/LCD 7\u201d M\u00c1S INTELIGENTE Y M\u00c1S R\u00c1PIDO.<\/span><\/p>\n<p>El <strong>BeneHeart C2<\/strong> es un DEA inteligente de \u00faltima generaci\u00f3n, dise\u00f1ado para actuar r\u00e1pido y con precisi\u00f3n en situaciones cr\u00edticas. Ofrece gu\u00eda de voz clara y animaciones en pantalla para asistir al usuario durante la RCP, ideal tanto para personal entrenado como no entrenado. Su tecnolog\u00eda <strong>ResQNavi\u2122<\/strong> adapta las instrucciones seg\u00fan el nivel del usuario y su sistema de an\u00e1lisis permite una descarga en menos de 8 segundos. Compacto, resistente (IP55) y confiable para cualquier entorno.<\/p>\n<div class=\"_tableContainer_1rjym_1\">\n<div class=\"group w-fit _tableWrapper_1rjym_13 flex flex-col-reverse\" tabindex=\"-1\">\n<table class=\"w-fit min-w-(--thread-content-width)\" data-start=\"219\" data-end=\"1868\">\n<thead data-start=\"219\" data-end=\"248\">\n<tr data-start=\"219\" data-end=\"248\">\n<th data-start=\"219\" data-end=\"236\" data-col-size=\"sm\">Caracter\u00edstica<\/th>\n<th data-start=\"236\" data-end=\"248\" data-col-size=\"lg\">Detalles<\/th>\n<\/tr>\n<\/thead>\n<tbody data-start=\"259\" data-end=\"1868\">\n<tr data-start=\"259\" data-end=\"354\">\n<td data-start=\"259\" data-end=\"270\" data-col-size=\"sm\">Pantalla<\/td>\n<td data-col-size=\"lg\" data-start=\"270\" data-end=\"354\">TFT a color de 7\u2033, resoluci\u00f3n ~800\u00d7480 px.<\/td>\n<\/tr>\n<tr data-start=\"355\" data-end=\"481\">\n<td data-start=\"355\" data-end=\"375\" data-col-size=\"sm\">Modo de operaci\u00f3n<\/td>\n<td data-start=\"375\" data-end=\"481\" data-col-size=\"lg\">Autom\u00e1tico y semiautom\u00e1tico. Adulto \/ Infante (modo para ni\u00f1os).<\/td>\n<\/tr>\n<tr data-start=\"482\" data-end=\"624\">\n<td data-start=\"482\" data-end=\"507\" data-col-size=\"sm\">Tecnolog\u00eda de descarga<\/td>\n<td data-start=\"507\" data-end=\"624\" data-col-size=\"lg\">Tecnolog\u00eda \u201cQShock\u2122\u201d para hacer la primera descarga en menos de 8 segundos.<\/td>\n<\/tr>\n<tr data-start=\"625\" data-end=\"720\">\n<td data-start=\"625\" data-end=\"647\" data-col-size=\"sm\">Energ\u00eda de descarga<\/td>\n<td data-start=\"647\" data-end=\"720\" data-col-size=\"lg\">Hasta <strong data-start=\"655\" data-end=\"669\">360 julios<\/strong> bif\u00e1sicos.<\/td>\n<\/tr>\n<tr data-start=\"721\" data-end=\"824\">\n<td data-start=\"721\" data-end=\"734\" data-col-size=\"sm\">Electrodos<\/td>\n<td data-start=\"734\" data-end=\"824\" data-col-size=\"lg\">Preconectados, aptos para adultos y pedi\u00e1tricos.<\/td>\n<\/tr>\n<tr data-start=\"825\" data-end=\"978\">\n<td data-start=\"825\" data-end=\"835\" data-col-size=\"sm\">Bater\u00eda<\/td>\n<td data-start=\"835\" data-end=\"978\" data-col-size=\"lg\">Tipo Li-MnO\u2082, capacidad alrededor de <strong data-start=\"874\" data-end=\"886\">4200 mAh<\/strong>. Vida \u00fatil m\u00ednima: unos <strong data-start=\"911\" data-end=\"921\">5 a\u00f1os<\/strong> antes de usarse.<\/td>\n<\/tr>\n<tr data-start=\"979\" data-end=\"1112\">\n<td data-start=\"979\" data-end=\"1003\" data-col-size=\"sm\">Autonom\u00eda \/ descargas<\/td>\n<td data-start=\"1003\" data-end=\"1112\" data-col-size=\"lg\">M\u00e1s de 400 descargas a 200J o 200 descargas a 360J cuando es nueva.<\/td>\n<\/tr>\n<tr data-start=\"1113\" data-end=\"1302\">\n<td data-start=\"1113\" data-end=\"1141\" data-col-size=\"sm\">Resistencia \/ durabilidad<\/td>\n<td data-start=\"1141\" data-end=\"1302\" data-col-size=\"lg\">IP55 (protecci\u00f3n contra polvo y agua), resistente a ca\u00eddas de ~1,5 m. Temperaturas de operaci\u00f3n t\u00edpicas de 0\u00b0C a +50\u00b0C.<\/td>\n<\/tr>\n<tr data-start=\"1303\" data-end=\"1511\">\n<td data-start=\"1303\" data-end=\"1319\" data-col-size=\"sm\">Peso y tama\u00f1o<\/td>\n<td data-start=\"1319\" data-end=\"1511\" data-col-size=\"lg\">Aproximadamente <strong data-start=\"1337\" data-end=\"1351\">2,2-2,3 kg<\/strong> sin bater\u00eda o con bater\u00eda incluida seg\u00fan modelos \u2248 2,3 kg. Dimensiones cercanas a 21 \u00d7 28,6 \u00d7 7,95-8 cm de profundidad.<\/td>\n<\/tr>\n<tr data-start=\"1512\" data-end=\"1685\">\n<td data-start=\"1512\" data-end=\"1531\" data-col-size=\"sm\">Datos \/ registro<\/td>\n<td data-start=\"1531\" data-end=\"1685\" data-col-size=\"lg\">Almacenamiento de eventos (desfibrilaciones, RCP), perfiles de pacientes, grabaci\u00f3n de voz, exportaci\u00f3n por USB.<\/td>\n<\/tr>\n<tr data-start=\"1686\" data-end=\"1868\">\n<td data-start=\"1686\" data-end=\"1702\" data-col-size=\"sm\">Guiado en RCP<\/td>\n<td data-start=\"1702\" data-end=\"1868\" data-col-size=\"lg\">Incluye funci\u00f3n de gu\u00eda inteligente (ResQNavi\u2122) con instrucciones de voz + animaciones para la reanimaci\u00f3n cardiopulmonar.<\/td>\n<\/tr>\n<\/tbody>\n<\/table>\n<\/div>\n<\/div>\n","protected":false},"excerpt":{"rendered":"<p>DESFIBRILADOR SEMIAUTOMATICO DEA\/AED BENEHEART C2 MINDRAY. CON PANTALLA TFT\/LCD 7\u201d M\u00c1S INTELIGENTE Y M\u00c1S R\u00c1PIDO. El BeneHeart C2 es un [&hellip;]<\/p>\n","protected":false},"featured_media":672,"comment_status":"open","ping_status":"closed","template":"","meta":{"site-sidebar-layout":"default","site-content-layout":"","ast-site-content-layout":"default","site-content-style":"default","site-sidebar-style":"default","ast-global-header-display":"","ast-banner-title-visibility":"","ast-main-header-display":"","ast-hfb-above-header-display":"","ast-hfb-below-header-display":"","ast-hfb-mobile-header-display":"","site-post-title":"","ast-breadcrumbs-content":"","ast-featured-img":"","footer-sml-layout":"","theme-transparent-header-meta":"default","adv-header-id-meta":"","stick-header-meta":"","header-above-stick-meta":"","header-main-stick-meta":"","header-below-stick-meta":"","astra-migrate-meta-layouts":"set","ast-page-background-enabled":"default","ast-page-background-meta":{"desktop":{"background-color":"var(--ast-global-color-5)","background-image":"","background-repeat":"repeat","background-position":"center center","background-size":"auto","background-attachment":"scroll","background-type":"","background-media":"","overlay-type":"","overlay-color":"","overlay-opacity":"","overlay-gradient":""},"tablet":{"background-color":"","background-image":"","background-repeat":"repeat","background-position":"center center","background-size":"auto","background-attachment":"scroll","background-type":"","background-media":"","overlay-type":"","overlay-color":"","overlay-opacity":"","overlay-gradient":""},"mobile":{"background-color":"","background-image":"","background-repeat":"repeat","background-position":"center center","background-size":"auto","background-attachment":"scroll","background-type":"","background-media":"","overlay-type":"","overlay-color":"","overlay-opacity":"","overlay-gradient":""}},"ast-content-background-meta":{"desktop":{"background-color":"var(--ast-global-color-4)","background-image":"","background-repeat":"repeat","background-position":"center center","background-size":"auto","background-attachment":"scroll","background-type":"","background-media":"","overlay-type":"","overlay-color":"","overlay-opacity":"","overlay-gradient":""},"tablet":{"background-color":"var(--ast-global-color-4)","background-image":"","background-repeat":"repeat","background-position":"center center","background-size":"auto","background-attachment":"scroll","background-type":"","background-media":"","overlay-type":"","overlay-color":"","overlay-opacity":"","overlay-gradient":""},"mobile":{"background-color":"var(--ast-global-color-4)","background-image":"","background-repeat":"repeat","background-position":"center center","background-size":"auto","background-attachment":"scroll","background-type":"","background-media":"","overlay-type":"","overlay-color":"","overlay-opacity":"","overlay-gradient":""}}},"product_brand":[],"product_cat":[25],"product_tag":[],"class_list":{"0":"post-100","1":"product","2":"type-product","3":"status-publish","4":"has-post-thumbnail","6":"product_cat-equipos-medicos","7":"desktop-align-left","8":"tablet-align-left","9":"mobile-align-left","11":"first","12":"instock","13":"shipping-taxable","14":"product-type-simple"},"yoast_head":"<!-- This site is optimized with the Yoast SEO plugin v25.8 - https:\/\/yoast.com\/wordpress\/plugins\/seo\/ -->\n<title>Desfibrilador Mindray C2 - Med Solutions<\/title>\n<meta name=\"robots\" content=\"index, follow, max-snippet:-1, max-image-preview:large, max-video-preview:-1\" \/>\n<link rel=\"canonical\" href=\"https:\/\/medsol.cl\/index.php\/producto\/desfibrilador-mindray-c2\/\" \/>\n<meta property=\"og:locale\" content=\"es_ES\" \/>\n<meta property=\"og:type\" content=\"article\" \/>\n<meta property=\"og:title\" content=\"Desfibrilador Mindray C2 - Med Solutions\" \/>\n<meta property=\"og:description\" content=\"DESFIBRILADOR SEMIAUTOMATICO DEA\/AED BENEHEART C2 MINDRAY. CON PANTALLA TFT\/LCD 7\u201d M\u00c1S INTELIGENTE Y M\u00c1S R\u00c1PIDO. El BeneHeart C2 es un [&hellip;]\" \/>\n<meta property=\"og:url\" content=\"https:\/\/medsol.cl\/index.php\/producto\/desfibrilador-mindray-c2\/\" \/>\n<meta property=\"og:site_name\" content=\"Med Solutions\" \/>\n<meta property=\"article:modified_time\" content=\"2025-09-15T02:38:32+00:00\" \/>\n<meta property=\"og:image\" content=\"https:\/\/medsol.cl\/wp-content\/uploads\/2025\/07\/Diseno-sin-titulo.png\" \/>\n\t<meta property=\"og:image:width\" content=\"1080\" \/>\n\t<meta property=\"og:image:height\" content=\"1350\" \/>\n\t<meta property=\"og:image:type\" content=\"image\/png\" \/>\n<meta name=\"twitter:card\" content=\"summary_large_image\" \/>\n<meta name=\"twitter:label1\" content=\"Tiempo de lectura\" \/>\n\t<meta name=\"twitter:data1\" content=\"2 minutos\" \/>\n<script type=\"application\/ld+json\" class=\"yoast-schema-graph\">{\"@context\":\"https:\/\/schema.org\",\"@graph\":[{\"@type\":\"WebPage\",\"@id\":\"https:\/\/medsol.cl\/index.php\/producto\/desfibrilador-mindray-c2\/\",\"url\":\"https:\/\/medsol.cl\/index.php\/producto\/desfibrilador-mindray-c2\/\",\"name\":\"Desfibrilador Mindray C2 - Med Solutions\",\"isPartOf\":{\"@id\":\"https:\/\/medsol.cl\/#website\"},\"primaryImageOfPage\":{\"@id\":\"https:\/\/medsol.cl\/index.php\/producto\/desfibrilador-mindray-c2\/#primaryimage\"},\"image\":{\"@id\":\"https:\/\/medsol.cl\/index.php\/producto\/desfibrilador-mindray-c2\/#primaryimage\"},\"thumbnailUrl\":\"https:\/\/medsol.cl\/wp-content\/uploads\/2025\/07\/Diseno-sin-titulo.png\",\"datePublished\":\"2025-07-21T20:46:03+00:00\",\"dateModified\":\"2025-09-15T02:38:32+00:00\",\"breadcrumb\":{\"@id\":\"https:\/\/medsol.cl\/index.php\/producto\/desfibrilador-mindray-c2\/#breadcrumb\"},\"inLanguage\":\"es\",\"potentialAction\":[{\"@type\":\"ReadAction\",\"target\":[\"https:\/\/medsol.cl\/index.php\/producto\/desfibrilador-mindray-c2\/\"]}]},{\"@type\":\"ImageObject\",\"inLanguage\":\"es\",\"@id\":\"https:\/\/medsol.cl\/index.php\/producto\/desfibrilador-mindray-c2\/#primaryimage\",\"url\":\"https:\/\/medsol.cl\/wp-content\/uploads\/2025\/07\/Diseno-sin-titulo.png\",\"contentUrl\":\"https:\/\/medsol.cl\/wp-content\/uploads\/2025\/07\/Diseno-sin-titulo.png\",\"width\":1080,\"height\":1350},{\"@type\":\"BreadcrumbList\",\"@id\":\"https:\/\/medsol.cl\/index.php\/producto\/desfibrilador-mindray-c2\/#breadcrumb\",\"itemListElement\":[{\"@type\":\"ListItem\",\"position\":1,\"name\":\"Portada\",\"item\":\"https:\/\/medsol.cl\/\"},{\"@type\":\"ListItem\",\"position\":2,\"name\":\"Tienda\",\"item\":\"https:\/\/medsol.cl\/index.php\/tienda\/\"},{\"@type\":\"ListItem\",\"position\":3,\"name\":\"Desfibrilador Mindray C2\"}]},{\"@type\":\"WebSite\",\"@id\":\"https:\/\/medsol.cl\/#website\",\"url\":\"https:\/\/medsol.cl\/\",\"name\":\"Med Solutions\",\"description\":\"Tu Mejor Aliado\",\"publisher\":{\"@id\":\"https:\/\/medsol.cl\/#organization\"},\"potentialAction\":[{\"@type\":\"SearchAction\",\"target\":{\"@type\":\"EntryPoint\",\"urlTemplate\":\"https:\/\/medsol.cl\/?s={search_term_string}\"},\"query-input\":{\"@type\":\"PropertyValueSpecification\",\"valueRequired\":true,\"valueName\":\"search_term_string\"}}],\"inLanguage\":\"es\"},{\"@type\":\"Organization\",\"@id\":\"https:\/\/medsol.cl\/#organization\",\"name\":\"Med Solutions\",\"url\":\"https:\/\/medsol.cl\/\",\"logo\":{\"@type\":\"ImageObject\",\"inLanguage\":\"es\",\"@id\":\"https:\/\/medsol.cl\/#\/schema\/logo\/image\/\",\"url\":\"https:\/\/medsol.cl\/wp-content\/uploads\/2025\/07\/Logo-Med-Solutions-e1753134682177.png\",\"contentUrl\":\"https:\/\/medsol.cl\/wp-content\/uploads\/2025\/07\/Logo-Med-Solutions-e1753134682177.png\",\"width\":955,\"height\":867,\"caption\":\"Med Solutions\"},\"image\":{\"@id\":\"https:\/\/medsol.cl\/#\/schema\/logo\/image\/\"}}]}<\/script>\n<!-- \/ Yoast SEO plugin. -->","yoast_head_json":{"title":"Desfibrilador Mindray C2 - Med Solutions","robots":{"index":"index","follow":"follow","max-snippet":"max-snippet:-1","max-image-preview":"max-image-preview:large","max-video-preview":"max-video-preview:-1"},"canonical":"https:\/\/medsol.cl\/index.php\/producto\/desfibrilador-mindray-c2\/","og_locale":"es_ES","og_type":"article","og_title":"Desfibrilador Mindray C2 - Med Solutions","og_description":"DESFIBRILADOR SEMIAUTOMATICO DEA\/AED BENEHEART C2 MINDRAY. CON PANTALLA TFT\/LCD 7\u201d M\u00c1S INTELIGENTE Y M\u00c1S R\u00c1PIDO. El BeneHeart C2 es un [&hellip;]","og_url":"https:\/\/medsol.cl\/index.php\/producto\/desfibrilador-mindray-c2\/","og_site_name":"Med Solutions","article_modified_time":"2025-09-15T02:38:32+00:00","og_image":[{"width":1080,"height":1350,"url":"https:\/\/medsol.cl\/wp-content\/uploads\/2025\/07\/Diseno-sin-titulo.png","type":"image\/png"}],"twitter_card":"summary_large_image","twitter_misc":{"Tiempo de lectura":"2 minutos"},"schema":{"@context":"https:\/\/schema.org","@graph":[{"@type":"WebPage","@id":"https:\/\/medsol.cl\/index.php\/producto\/desfibrilador-mindray-c2\/","url":"https:\/\/medsol.cl\/index.php\/producto\/desfibrilador-mindray-c2\/","name":"Desfibrilador Mindray C2 - Med Solutions","isPartOf":{"@id":"https:\/\/medsol.cl\/#website"},"primaryImageOfPage":{"@id":"https:\/\/medsol.cl\/index.php\/producto\/desfibrilador-mindray-c2\/#primaryimage"},"image":{"@id":"https:\/\/medsol.cl\/index.php\/producto\/desfibrilador-mindray-c2\/#primaryimage"},"thumbnailUrl":"https:\/\/medsol.cl\/wp-content\/uploads\/2025\/07\/Diseno-sin-titulo.png","datePublished":"2025-07-21T20:46:03+00:00","dateModified":"2025-09-15T02:38:32+00:00","breadcrumb":{"@id":"https:\/\/medsol.cl\/index.php\/producto\/desfibrilador-mindray-c2\/#breadcrumb"},"inLanguage":"es","potentialAction":[{"@type":"ReadAction","target":["https:\/\/medsol.cl\/index.php\/producto\/desfibrilador-mindray-c2\/"]}]},{"@type":"ImageObject","inLanguage":"es","@id":"https:\/\/medsol.cl\/index.php\/producto\/desfibrilador-mindray-c2\/#primaryimage","url":"https:\/\/medsol.cl\/wp-content\/uploads\/2025\/07\/Diseno-sin-titulo.png","contentUrl":"https:\/\/medsol.cl\/wp-content\/uploads\/2025\/07\/Diseno-sin-titulo.png","width":1080,"height":1350},{"@type":"BreadcrumbList","@id":"https:\/\/medsol.cl\/index.php\/producto\/desfibrilador-mindray-c2\/#breadcrumb","itemListElement":[{"@type":"ListItem","position":1,"name":"Portada","item":"https:\/\/medsol.cl\/"},{"@type":"ListItem","position":2,"name":"Tienda","item":"https:\/\/medsol.cl\/index.php\/tienda\/"},{"@type":"ListItem","position":3,"name":"Desfibrilador Mindray C2"}]},{"@type":"WebSite","@id":"https:\/\/medsol.cl\/#website","url":"https:\/\/medsol.cl\/","name":"Med Solutions","description":"Tu Mejor Aliado","publisher":{"@id":"https:\/\/medsol.cl\/#organization"},"potentialAction":[{"@type":"SearchAction","target":{"@type":"EntryPoint","urlTemplate":"https:\/\/medsol.cl\/?s={search_term_string}"},"query-input":{"@type":"PropertyValueSpecification","valueRequired":true,"valueName":"search_term_string"}}],"inLanguage":"es"},{"@type":"Organization","@id":"https:\/\/medsol.cl\/#organization","name":"Med Solutions","url":"https:\/\/medsol.cl\/","logo":{"@type":"ImageObject","inLanguage":"es","@id":"https:\/\/medsol.cl\/#\/schema\/logo\/image\/","url":"https:\/\/medsol.cl\/wp-content\/uploads\/2025\/07\/Logo-Med-Solutions-e1753134682177.png","contentUrl":"https:\/\/medsol.cl\/wp-content\/uploads\/2025\/07\/Logo-Med-Solutions-e1753134682177.png","width":955,"height":867,"caption":"Med Solutions"},"image":{"@id":"https:\/\/medsol.cl\/#\/schema\/logo\/image\/"}}]}},"_links":{"self":[{"href":"https:\/\/medsol.cl\/index.php\/wp-json\/wp\/v2\/product\/100","targetHints":{"allow":["GET"]}}],"collection":[{"href":"https:\/\/medsol.cl\/index.php\/wp-json\/wp\/v2\/product"}],"about":[{"href":"https:\/\/medsol.cl\/index.php\/wp-json\/wp\/v2\/types\/product"}],"replies":[{"embeddable":true,"href":"https:\/\/medsol.cl\/index.php\/wp-json\/wp\/v2\/comments?post=100"}],"wp:featuredmedia":[{"embeddable":true,"href":"https:\/\/medsol.cl\/index.php\/wp-json\/wp\/v2\/media\/672"}],"wp:attachment":[{"href":"https:\/\/medsol.cl\/index.php\/wp-json\/wp\/v2\/media?parent=100"}],"wp:term":[{"taxonomy":"product_brand","embeddable":true,"href":"https:\/\/medsol.cl\/index.php\/wp-json\/wp\/v2\/product_brand?post=100"},{"taxonomy":"product_cat","embeddable":true,"href":"https:\/\/medsol.cl\/index.php\/wp-json\/wp\/v2\/product_cat?post=100"},{"taxonomy":"product_tag","embeddable":true,"href":"https:\/\/medsol.cl\/index.php\/wp-json\/wp\/v2\/product_tag?post=100"}],"curies":[{"name":"wp","href":"https:\/\/api.w.org\/{rel}","templated":true}]}}