{"id":175,"date":"2025-07-21T21:11:28","date_gmt":"2025-07-21T21:11:28","guid":{"rendered":"https:\/\/medsol.cl\/?post_type=product&#038;p=175"},"modified":"2025-07-23T20:15:02","modified_gmt":"2025-07-23T20:15:02","slug":"mascarilla-n95","status":"publish","type":"product","link":"https:\/\/medsol.cl\/index.php\/producto\/mascarilla-n95\/","title":{"rendered":"Mascarilla N95"},"content":{"rendered":"<p>Elemento de protecci\u00f3n personal f\u00edsica y respiratoria que cubre boca y nariz. Filtra los principales g\u00e9rmenes del ambiente, con un 95% de efectividad. Indicada para la protecci\u00f3n frente a elementos particulares y biocontaminantes como, por ejemplo: ofrece eficaz protecci\u00f3n contra la tuberculosis (Bacilo de Koch).<br \/>\nLa mascarilla es un derivado del pl\u00e1stico que se obtiene por la polimerizaci\u00f3n del propileno, subproducto gaseoso de la refinaci\u00f3n del petr\u00f3leo.<br \/>\n&#8211; Esta mascarilla es de polipropileno reforzado con doble el\u00e1stico que se ajusta a la nuca de la cabeza para ofrecer mayar seguridad.<br \/>\n&#8211; Se llama N95 a toda mascarilla que filtre el 95% de las particulas del aire. La letra significa la resistencia al aceite; N: No es resistente \/<br \/>\nP: Resistente en parte \/ R: Resistente.<br \/>\n&#8211; Filtro bacteriol\u00f3gico.<br \/>\n-Clip ajuste nasal amplio en borde superior<br \/>\n&#8211; Producto liviano, resistente al colapso, comoda y suave.<br \/>\n&#8211; Ofrece protecci\u00f3n y seguridad por periodos prolongados mientras se mantenga limpia y seca.<\/p>\n","protected":false},"excerpt":{"rendered":"<p>Elemento de protecci\u00f3n personal f\u00edsica y respiratoria que cubre boca y nariz. Filtra los principales g\u00e9rmenes del ambiente, con un [&hellip;]<\/p>\n","protected":false},"featured_media":176,"comment_status":"open","ping_status":"closed","template":"","meta":{"site-sidebar-layout":"default","site-content-layout":"","ast-site-content-layout":"default","site-content-style":"default","site-sidebar-style":"default","ast-global-header-display":"","ast-banner-title-visibility":"","ast-main-header-display":"","ast-hfb-above-header-display":"","ast-hfb-below-header-display":"","ast-hfb-mobile-header-display":"","site-post-title":"","ast-breadcrumbs-content":"","ast-featured-img":"","footer-sml-layout":"","theme-transparent-header-meta":"default","adv-header-id-meta":"","stick-header-meta":"","header-above-stick-meta":"","header-main-stick-meta":"","header-below-stick-meta":"","astra-migrate-meta-layouts":"set","ast-page-background-enabled":"default","ast-page-background-meta":{"desktop":{"background-color":"var(--ast-global-color-5)","background-image":"","background-repeat":"repeat","background-position":"center center","background-size":"auto","background-attachment":"scroll","background-type":"","background-media":"","overlay-type":"","overlay-color":"","overlay-opacity":"","overlay-gradient":""},"tablet":{"background-color":"","background-image":"","background-repeat":"repeat","background-position":"center center","background-size":"auto","background-attachment":"scroll","background-type":"","background-media":"","overlay-type":"","overlay-color":"","overlay-opacity":"","overlay-gradient":""},"mobile":{"background-color":"","background-image":"","background-repeat":"repeat","background-position":"center center","background-size":"auto","background-attachment":"scroll","background-type":"","background-media":"","overlay-type":"","overlay-color":"","overlay-opacity":"","overlay-gradient":""}},"ast-content-background-meta":{"desktop":{"background-color":"var(--ast-global-color-4)","background-image":"","background-repeat":"repeat","background-position":"center center","background-size":"auto","background-attachment":"scroll","background-type":"","background-media":"","overlay-type":"","overlay-color":"","overlay-opacity":"","overlay-gradient":""},"tablet":{"background-color":"var(--ast-global-color-4)","background-image":"","background-repeat":"repeat","background-position":"center center","background-size":"auto","background-attachment":"scroll","background-type":"","background-media":"","overlay-type":"","overlay-color":"","overlay-opacity":"","overlay-gradient":""},"mobile":{"background-color":"var(--ast-global-color-4)","background-image":"","background-repeat":"repeat","background-position":"center center","background-size":"auto","background-attachment":"scroll","background-type":"","background-media":"","overlay-type":"","overlay-color":"","overlay-opacity":"","overlay-gradient":""}}},"product_brand":[],"product_cat":[23],"product_tag":[],"class_list":{"0":"post-175","1":"product","2":"type-product","3":"status-publish","4":"has-post-thumbnail","6":"product_cat-insumos-desechables","7":"desktop-align-left","8":"tablet-align-left","9":"mobile-align-left","11":"first","12":"instock","13":"shipping-taxable","14":"product-type-simple"},"yoast_head":"<!-- This site is optimized with the Yoast SEO plugin v25.8 - https:\/\/yoast.com\/wordpress\/plugins\/seo\/ -->\n<title>Mascarilla N95 - Med Solutions<\/title>\n<meta name=\"robots\" content=\"index, follow, max-snippet:-1, max-image-preview:large, max-video-preview:-1\" \/>\n<link rel=\"canonical\" href=\"https:\/\/medsol.cl\/index.php\/producto\/mascarilla-n95\/\" \/>\n<meta property=\"og:locale\" content=\"es_ES\" \/>\n<meta property=\"og:type\" content=\"article\" \/>\n<meta property=\"og:title\" content=\"Mascarilla N95 - Med Solutions\" \/>\n<meta property=\"og:description\" content=\"Elemento de protecci\u00f3n personal f\u00edsica y respiratoria que cubre boca y nariz. Filtra los principales g\u00e9rmenes del ambiente, con un [&hellip;]\" \/>\n<meta property=\"og:url\" content=\"https:\/\/medsol.cl\/index.php\/producto\/mascarilla-n95\/\" \/>\n<meta property=\"og:site_name\" content=\"Med Solutions\" \/>\n<meta property=\"article:modified_time\" content=\"2025-07-23T20:15:02+00:00\" \/>\n<meta property=\"og:image\" content=\"https:\/\/medsol.cl\/wp-content\/uploads\/2025\/07\/mascarilla-95.jpg\" \/>\n\t<meta property=\"og:image:width\" content=\"600\" \/>\n\t<meta property=\"og:image:height\" content=\"600\" \/>\n\t<meta property=\"og:image:type\" content=\"image\/jpeg\" \/>\n<meta name=\"twitter:card\" content=\"summary_large_image\" \/>\n<meta name=\"twitter:label1\" content=\"Tiempo de lectura\" \/>\n\t<meta name=\"twitter:data1\" content=\"1 minuto\" \/>\n<script type=\"application\/ld+json\" class=\"yoast-schema-graph\">{\"@context\":\"https:\/\/schema.org\",\"@graph\":[{\"@type\":\"WebPage\",\"@id\":\"https:\/\/medsol.cl\/index.php\/producto\/mascarilla-n95\/\",\"url\":\"https:\/\/medsol.cl\/index.php\/producto\/mascarilla-n95\/\",\"name\":\"Mascarilla N95 - Med Solutions\",\"isPartOf\":{\"@id\":\"https:\/\/medsol.cl\/#website\"},\"primaryImageOfPage\":{\"@id\":\"https:\/\/medsol.cl\/index.php\/producto\/mascarilla-n95\/#primaryimage\"},\"image\":{\"@id\":\"https:\/\/medsol.cl\/index.php\/producto\/mascarilla-n95\/#primaryimage\"},\"thumbnailUrl\":\"https:\/\/medsol.cl\/wp-content\/uploads\/2025\/07\/mascarilla-95.jpg\",\"datePublished\":\"2025-07-21T21:11:28+00:00\",\"dateModified\":\"2025-07-23T20:15:02+00:00\",\"breadcrumb\":{\"@id\":\"https:\/\/medsol.cl\/index.php\/producto\/mascarilla-n95\/#breadcrumb\"},\"inLanguage\":\"es\",\"potentialAction\":[{\"@type\":\"ReadAction\",\"target\":[\"https:\/\/medsol.cl\/index.php\/producto\/mascarilla-n95\/\"]}]},{\"@type\":\"ImageObject\",\"inLanguage\":\"es\",\"@id\":\"https:\/\/medsol.cl\/index.php\/producto\/mascarilla-n95\/#primaryimage\",\"url\":\"https:\/\/medsol.cl\/wp-content\/uploads\/2025\/07\/mascarilla-95.jpg\",\"contentUrl\":\"https:\/\/medsol.cl\/wp-content\/uploads\/2025\/07\/mascarilla-95.jpg\",\"width\":600,\"height\":600},{\"@type\":\"BreadcrumbList\",\"@id\":\"https:\/\/medsol.cl\/index.php\/producto\/mascarilla-n95\/#breadcrumb\",\"itemListElement\":[{\"@type\":\"ListItem\",\"position\":1,\"name\":\"Portada\",\"item\":\"https:\/\/medsol.cl\/\"},{\"@type\":\"ListItem\",\"position\":2,\"name\":\"Tienda\",\"item\":\"https:\/\/medsol.cl\/index.php\/tienda\/\"},{\"@type\":\"ListItem\",\"position\":3,\"name\":\"Mascarilla N95\"}]},{\"@type\":\"WebSite\",\"@id\":\"https:\/\/medsol.cl\/#website\",\"url\":\"https:\/\/medsol.cl\/\",\"name\":\"Med Solutions\",\"description\":\"Tu Mejor Aliado\",\"publisher\":{\"@id\":\"https:\/\/medsol.cl\/#organization\"},\"potentialAction\":[{\"@type\":\"SearchAction\",\"target\":{\"@type\":\"EntryPoint\",\"urlTemplate\":\"https:\/\/medsol.cl\/?s={search_term_string}\"},\"query-input\":{\"@type\":\"PropertyValueSpecification\",\"valueRequired\":true,\"valueName\":\"search_term_string\"}}],\"inLanguage\":\"es\"},{\"@type\":\"Organization\",\"@id\":\"https:\/\/medsol.cl\/#organization\",\"name\":\"Med Solutions\",\"url\":\"https:\/\/medsol.cl\/\",\"logo\":{\"@type\":\"ImageObject\",\"inLanguage\":\"es\",\"@id\":\"https:\/\/medsol.cl\/#\/schema\/logo\/image\/\",\"url\":\"https:\/\/medsol.cl\/wp-content\/uploads\/2025\/07\/Logo-Med-Solutions-e1753134682177.png\",\"contentUrl\":\"https:\/\/medsol.cl\/wp-content\/uploads\/2025\/07\/Logo-Med-Solutions-e1753134682177.png\",\"width\":955,\"height\":867,\"caption\":\"Med Solutions\"},\"image\":{\"@id\":\"https:\/\/medsol.cl\/#\/schema\/logo\/image\/\"}}]}<\/script>\n<!-- \/ Yoast SEO plugin. -->","yoast_head_json":{"title":"Mascarilla N95 - Med Solutions","robots":{"index":"index","follow":"follow","max-snippet":"max-snippet:-1","max-image-preview":"max-image-preview:large","max-video-preview":"max-video-preview:-1"},"canonical":"https:\/\/medsol.cl\/index.php\/producto\/mascarilla-n95\/","og_locale":"es_ES","og_type":"article","og_title":"Mascarilla N95 - Med Solutions","og_description":"Elemento de protecci\u00f3n personal f\u00edsica y respiratoria que cubre boca y nariz. Filtra los principales g\u00e9rmenes del ambiente, con un [&hellip;]","og_url":"https:\/\/medsol.cl\/index.php\/producto\/mascarilla-n95\/","og_site_name":"Med Solutions","article_modified_time":"2025-07-23T20:15:02+00:00","og_image":[{"width":600,"height":600,"url":"https:\/\/medsol.cl\/wp-content\/uploads\/2025\/07\/mascarilla-95.jpg","type":"image\/jpeg"}],"twitter_card":"summary_large_image","twitter_misc":{"Tiempo de lectura":"1 minuto"},"schema":{"@context":"https:\/\/schema.org","@graph":[{"@type":"WebPage","@id":"https:\/\/medsol.cl\/index.php\/producto\/mascarilla-n95\/","url":"https:\/\/medsol.cl\/index.php\/producto\/mascarilla-n95\/","name":"Mascarilla N95 - Med Solutions","isPartOf":{"@id":"https:\/\/medsol.cl\/#website"},"primaryImageOfPage":{"@id":"https:\/\/medsol.cl\/index.php\/producto\/mascarilla-n95\/#primaryimage"},"image":{"@id":"https:\/\/medsol.cl\/index.php\/producto\/mascarilla-n95\/#primaryimage"},"thumbnailUrl":"https:\/\/medsol.cl\/wp-content\/uploads\/2025\/07\/mascarilla-95.jpg","datePublished":"2025-07-21T21:11:28+00:00","dateModified":"2025-07-23T20:15:02+00:00","breadcrumb":{"@id":"https:\/\/medsol.cl\/index.php\/producto\/mascarilla-n95\/#breadcrumb"},"inLanguage":"es","potentialAction":[{"@type":"ReadAction","target":["https:\/\/medsol.cl\/index.php\/producto\/mascarilla-n95\/"]}]},{"@type":"ImageObject","inLanguage":"es","@id":"https:\/\/medsol.cl\/index.php\/producto\/mascarilla-n95\/#primaryimage","url":"https:\/\/medsol.cl\/wp-content\/uploads\/2025\/07\/mascarilla-95.jpg","contentUrl":"https:\/\/medsol.cl\/wp-content\/uploads\/2025\/07\/mascarilla-95.jpg","width":600,"height":600},{"@type":"BreadcrumbList","@id":"https:\/\/medsol.cl\/index.php\/producto\/mascarilla-n95\/#breadcrumb","itemListElement":[{"@type":"ListItem","position":1,"name":"Portada","item":"https:\/\/medsol.cl\/"},{"@type":"ListItem","position":2,"name":"Tienda","item":"https:\/\/medsol.cl\/index.php\/tienda\/"},{"@type":"ListItem","position":3,"name":"Mascarilla N95"}]},{"@type":"WebSite","@id":"https:\/\/medsol.cl\/#website","url":"https:\/\/medsol.cl\/","name":"Med Solutions","description":"Tu Mejor Aliado","publisher":{"@id":"https:\/\/medsol.cl\/#organization"},"potentialAction":[{"@type":"SearchAction","target":{"@type":"EntryPoint","urlTemplate":"https:\/\/medsol.cl\/?s={search_term_string}"},"query-input":{"@type":"PropertyValueSpecification","valueRequired":true,"valueName":"search_term_string"}}],"inLanguage":"es"},{"@type":"Organization","@id":"https:\/\/medsol.cl\/#organization","name":"Med Solutions","url":"https:\/\/medsol.cl\/","logo":{"@type":"ImageObject","inLanguage":"es","@id":"https:\/\/medsol.cl\/#\/schema\/logo\/image\/","url":"https:\/\/medsol.cl\/wp-content\/uploads\/2025\/07\/Logo-Med-Solutions-e1753134682177.png","contentUrl":"https:\/\/medsol.cl\/wp-content\/uploads\/2025\/07\/Logo-Med-Solutions-e1753134682177.png","width":955,"height":867,"caption":"Med Solutions"},"image":{"@id":"https:\/\/medsol.cl\/#\/schema\/logo\/image\/"}}]}},"_links":{"self":[{"href":"https:\/\/medsol.cl\/index.php\/wp-json\/wp\/v2\/product\/175","targetHints":{"allow":["GET"]}}],"collection":[{"href":"https:\/\/medsol.cl\/index.php\/wp-json\/wp\/v2\/product"}],"about":[{"href":"https:\/\/medsol.cl\/index.php\/wp-json\/wp\/v2\/types\/product"}],"replies":[{"embeddable":true,"href":"https:\/\/medsol.cl\/index.php\/wp-json\/wp\/v2\/comments?post=175"}],"wp:featuredmedia":[{"embeddable":true,"href":"https:\/\/medsol.cl\/index.php\/wp-json\/wp\/v2\/media\/176"}],"wp:attachment":[{"href":"https:\/\/medsol.cl\/index.php\/wp-json\/wp\/v2\/media?parent=175"}],"wp:term":[{"taxonomy":"product_brand","embeddable":true,"href":"https:\/\/medsol.cl\/index.php\/wp-json\/wp\/v2\/product_brand?post=175"},{"taxonomy":"product_cat","embeddable":true,"href":"https:\/\/medsol.cl\/index.php\/wp-json\/wp\/v2\/product_cat?post=175"},{"taxonomy":"product_tag","embeddable":true,"href":"https:\/\/medsol.cl\/index.php\/wp-json\/wp\/v2\/product_tag?post=175"}],"curies":[{"name":"wp","href":"https:\/\/api.w.org\/{rel}","templated":true}]}}