{"id":179,"date":"2025-07-21T21:18:21","date_gmt":"2025-07-21T21:18:21","guid":{"rendered":"https:\/\/medsol.cl\/?post_type=product&#038;p=179"},"modified":"2025-07-23T20:14:34","modified_gmt":"2025-07-23T20:14:34","slug":"pack-de-cirugia-dental-usos-extendidos","status":"publish","type":"product","link":"https:\/\/medsol.cl\/index.php\/producto\/pack-de-cirugia-dental-usos-extendidos\/","title":{"rendered":"Pack de Cirug\u00eda Dental &#8211; Usos Extendidos"},"content":{"rendered":"<p>Producto especinco para procedimientos quir\u00fargicos dentales y maxilofaciales. Este pack cuenta con cinco capas impermeables, configurado como SMMMS, Especialmente dise\u00f1ado para prevenir el riesgo de infecci\u00f3n asociado a la salud bucal y maxilar. Sus 5 capas confieren la impermeabilidad y seguridad exigido por el personal m\u00e9dico. Posee 11 piezas: 1 cubierta mesa arsenalera reforzada, 2 delantales talla L con una toalla de mano, 1 s\u00e1bana dental, 1 pa\u00f1o cl\u00ednico,<br \/>\n2 cables protectores tubulares, 3 toallas de mano y una bolsa de sutura.<br \/>\n&#8211; Insumo est\u00e9ril de textura lisa, no deja hilachas ni pelusas.<br \/>\n&#8211; Resistente al rasgado y la fricci\u00f3n.<br \/>\n&#8211; Este pack posee diversos usos extendidos validados con clientes p\u00fablicos y privados, entre ellos, instalaci\u00f3n de cat\u00e9ter venoso central.<br \/>\n&#8211; Instalaci\u00f3n de cat\u00e9ter de di\u00e1lisis transitorio y cat\u00e9ter tor\u00e1cico.<\/p>\n","protected":false},"excerpt":{"rendered":"<p>Producto especinco para procedimientos quir\u00fargicos dentales y maxilofaciales. Este pack cuenta con cinco capas impermeables, configurado como SMMMS, Especialmente dise\u00f1ado [&hellip;]<\/p>\n","protected":false},"featured_media":180,"comment_status":"open","ping_status":"closed","template":"","meta":{"site-sidebar-layout":"default","site-content-layout":"","ast-site-content-layout":"default","site-content-style":"default","site-sidebar-style":"default","ast-global-header-display":"","ast-banner-title-visibility":"","ast-main-header-display":"","ast-hfb-above-header-display":"","ast-hfb-below-header-display":"","ast-hfb-mobile-header-display":"","site-post-title":"","ast-breadcrumbs-content":"","ast-featured-img":"","footer-sml-layout":"","theme-transparent-header-meta":"default","adv-header-id-meta":"","stick-header-meta":"","header-above-stick-meta":"","header-main-stick-meta":"","header-below-stick-meta":"","astra-migrate-meta-layouts":"set","ast-page-background-enabled":"default","ast-page-background-meta":{"desktop":{"background-color":"var(--ast-global-color-5)","background-image":"","background-repeat":"repeat","background-position":"center center","background-size":"auto","background-attachment":"scroll","background-type":"","background-media":"","overlay-type":"","overlay-color":"","overlay-opacity":"","overlay-gradient":""},"tablet":{"background-color":"","background-image":"","background-repeat":"repeat","background-position":"center center","background-size":"auto","background-attachment":"scroll","background-type":"","background-media":"","overlay-type":"","overlay-color":"","overlay-opacity":"","overlay-gradient":""},"mobile":{"background-color":"","background-image":"","background-repeat":"repeat","background-position":"center center","background-size":"auto","background-attachment":"scroll","background-type":"","background-media":"","overlay-type":"","overlay-color":"","overlay-opacity":"","overlay-gradient":""}},"ast-content-background-meta":{"desktop":{"background-color":"var(--ast-global-color-4)","background-image":"","background-repeat":"repeat","background-position":"center center","background-size":"auto","background-attachment":"scroll","background-type":"","background-media":"","overlay-type":"","overlay-color":"","overlay-opacity":"","overlay-gradient":""},"tablet":{"background-color":"var(--ast-global-color-4)","background-image":"","background-repeat":"repeat","background-position":"center center","background-size":"auto","background-attachment":"scroll","background-type":"","background-media":"","overlay-type":"","overlay-color":"","overlay-opacity":"","overlay-gradient":""},"mobile":{"background-color":"var(--ast-global-color-4)","background-image":"","background-repeat":"repeat","background-position":"center center","background-size":"auto","background-attachment":"scroll","background-type":"","background-media":"","overlay-type":"","overlay-color":"","overlay-opacity":"","overlay-gradient":""}}},"product_brand":[],"product_cat":[23],"product_tag":[],"class_list":{"0":"post-179","1":"product","2":"type-product","3":"status-publish","4":"has-post-thumbnail","6":"product_cat-insumos-desechables","7":"desktop-align-left","8":"tablet-align-left","9":"mobile-align-left","11":"first","12":"instock","13":"shipping-taxable","14":"product-type-simple"},"yoast_head":"<!-- This site is optimized with the Yoast SEO plugin v25.8 - https:\/\/yoast.com\/wordpress\/plugins\/seo\/ -->\n<title>Pack de Cirug\u00eda Dental - Usos Extendidos - Med Solutions<\/title>\n<meta name=\"robots\" content=\"index, follow, max-snippet:-1, max-image-preview:large, max-video-preview:-1\" \/>\n<link rel=\"canonical\" href=\"https:\/\/medsol.cl\/index.php\/producto\/pack-de-cirugia-dental-usos-extendidos\/\" \/>\n<meta property=\"og:locale\" content=\"es_ES\" \/>\n<meta property=\"og:type\" content=\"article\" \/>\n<meta property=\"og:title\" content=\"Pack de Cirug\u00eda Dental - Usos Extendidos - Med Solutions\" \/>\n<meta property=\"og:description\" content=\"Producto especinco para procedimientos quir\u00fargicos dentales y maxilofaciales. Este pack cuenta con cinco capas impermeables, configurado como SMMMS, Especialmente dise\u00f1ado [&hellip;]\" \/>\n<meta property=\"og:url\" content=\"https:\/\/medsol.cl\/index.php\/producto\/pack-de-cirugia-dental-usos-extendidos\/\" \/>\n<meta property=\"og:site_name\" content=\"Med Solutions\" \/>\n<meta property=\"article:modified_time\" content=\"2025-07-23T20:14:34+00:00\" \/>\n<meta property=\"og:image\" content=\"https:\/\/medsol.cl\/wp-content\/uploads\/2025\/07\/DENTAL.jpg\" \/>\n\t<meta property=\"og:image:width\" content=\"600\" \/>\n\t<meta property=\"og:image:height\" content=\"600\" \/>\n\t<meta property=\"og:image:type\" content=\"image\/jpeg\" \/>\n<meta name=\"twitter:card\" content=\"summary_large_image\" \/>\n<meta name=\"twitter:label1\" content=\"Tiempo de lectura\" \/>\n\t<meta name=\"twitter:data1\" content=\"1 minuto\" \/>\n<script type=\"application\/ld+json\" class=\"yoast-schema-graph\">{\"@context\":\"https:\/\/schema.org\",\"@graph\":[{\"@type\":\"WebPage\",\"@id\":\"https:\/\/medsol.cl\/index.php\/producto\/pack-de-cirugia-dental-usos-extendidos\/\",\"url\":\"https:\/\/medsol.cl\/index.php\/producto\/pack-de-cirugia-dental-usos-extendidos\/\",\"name\":\"Pack de Cirug\u00eda Dental - Usos Extendidos - Med Solutions\",\"isPartOf\":{\"@id\":\"https:\/\/medsol.cl\/#website\"},\"primaryImageOfPage\":{\"@id\":\"https:\/\/medsol.cl\/index.php\/producto\/pack-de-cirugia-dental-usos-extendidos\/#primaryimage\"},\"image\":{\"@id\":\"https:\/\/medsol.cl\/index.php\/producto\/pack-de-cirugia-dental-usos-extendidos\/#primaryimage\"},\"thumbnailUrl\":\"https:\/\/medsol.cl\/wp-content\/uploads\/2025\/07\/DENTAL.jpg\",\"datePublished\":\"2025-07-21T21:18:21+00:00\",\"dateModified\":\"2025-07-23T20:14:34+00:00\",\"breadcrumb\":{\"@id\":\"https:\/\/medsol.cl\/index.php\/producto\/pack-de-cirugia-dental-usos-extendidos\/#breadcrumb\"},\"inLanguage\":\"es\",\"potentialAction\":[{\"@type\":\"ReadAction\",\"target\":[\"https:\/\/medsol.cl\/index.php\/producto\/pack-de-cirugia-dental-usos-extendidos\/\"]}]},{\"@type\":\"ImageObject\",\"inLanguage\":\"es\",\"@id\":\"https:\/\/medsol.cl\/index.php\/producto\/pack-de-cirugia-dental-usos-extendidos\/#primaryimage\",\"url\":\"https:\/\/medsol.cl\/wp-content\/uploads\/2025\/07\/DENTAL.jpg\",\"contentUrl\":\"https:\/\/medsol.cl\/wp-content\/uploads\/2025\/07\/DENTAL.jpg\",\"width\":600,\"height\":600},{\"@type\":\"BreadcrumbList\",\"@id\":\"https:\/\/medsol.cl\/index.php\/producto\/pack-de-cirugia-dental-usos-extendidos\/#breadcrumb\",\"itemListElement\":[{\"@type\":\"ListItem\",\"position\":1,\"name\":\"Portada\",\"item\":\"https:\/\/medsol.cl\/\"},{\"@type\":\"ListItem\",\"position\":2,\"name\":\"Tienda\",\"item\":\"https:\/\/medsol.cl\/index.php\/tienda\/\"},{\"@type\":\"ListItem\",\"position\":3,\"name\":\"Pack de Cirug\u00eda Dental &#8211; Usos Extendidos\"}]},{\"@type\":\"WebSite\",\"@id\":\"https:\/\/medsol.cl\/#website\",\"url\":\"https:\/\/medsol.cl\/\",\"name\":\"Med Solutions\",\"description\":\"Tu Mejor Aliado\",\"publisher\":{\"@id\":\"https:\/\/medsol.cl\/#organization\"},\"potentialAction\":[{\"@type\":\"SearchAction\",\"target\":{\"@type\":\"EntryPoint\",\"urlTemplate\":\"https:\/\/medsol.cl\/?s={search_term_string}\"},\"query-input\":{\"@type\":\"PropertyValueSpecification\",\"valueRequired\":true,\"valueName\":\"search_term_string\"}}],\"inLanguage\":\"es\"},{\"@type\":\"Organization\",\"@id\":\"https:\/\/medsol.cl\/#organization\",\"name\":\"Med Solutions\",\"url\":\"https:\/\/medsol.cl\/\",\"logo\":{\"@type\":\"ImageObject\",\"inLanguage\":\"es\",\"@id\":\"https:\/\/medsol.cl\/#\/schema\/logo\/image\/\",\"url\":\"https:\/\/medsol.cl\/wp-content\/uploads\/2025\/07\/Logo-Med-Solutions-e1753134682177.png\",\"contentUrl\":\"https:\/\/medsol.cl\/wp-content\/uploads\/2025\/07\/Logo-Med-Solutions-e1753134682177.png\",\"width\":955,\"height\":867,\"caption\":\"Med Solutions\"},\"image\":{\"@id\":\"https:\/\/medsol.cl\/#\/schema\/logo\/image\/\"}}]}<\/script>\n<!-- \/ Yoast SEO plugin. -->","yoast_head_json":{"title":"Pack de Cirug\u00eda Dental - Usos Extendidos - Med Solutions","robots":{"index":"index","follow":"follow","max-snippet":"max-snippet:-1","max-image-preview":"max-image-preview:large","max-video-preview":"max-video-preview:-1"},"canonical":"https:\/\/medsol.cl\/index.php\/producto\/pack-de-cirugia-dental-usos-extendidos\/","og_locale":"es_ES","og_type":"article","og_title":"Pack de Cirug\u00eda Dental - Usos Extendidos - Med Solutions","og_description":"Producto especinco para procedimientos quir\u00fargicos dentales y maxilofaciales. Este pack cuenta con cinco capas impermeables, configurado como SMMMS, Especialmente dise\u00f1ado [&hellip;]","og_url":"https:\/\/medsol.cl\/index.php\/producto\/pack-de-cirugia-dental-usos-extendidos\/","og_site_name":"Med Solutions","article_modified_time":"2025-07-23T20:14:34+00:00","og_image":[{"width":600,"height":600,"url":"https:\/\/medsol.cl\/wp-content\/uploads\/2025\/07\/DENTAL.jpg","type":"image\/jpeg"}],"twitter_card":"summary_large_image","twitter_misc":{"Tiempo de lectura":"1 minuto"},"schema":{"@context":"https:\/\/schema.org","@graph":[{"@type":"WebPage","@id":"https:\/\/medsol.cl\/index.php\/producto\/pack-de-cirugia-dental-usos-extendidos\/","url":"https:\/\/medsol.cl\/index.php\/producto\/pack-de-cirugia-dental-usos-extendidos\/","name":"Pack de Cirug\u00eda Dental - Usos Extendidos - Med Solutions","isPartOf":{"@id":"https:\/\/medsol.cl\/#website"},"primaryImageOfPage":{"@id":"https:\/\/medsol.cl\/index.php\/producto\/pack-de-cirugia-dental-usos-extendidos\/#primaryimage"},"image":{"@id":"https:\/\/medsol.cl\/index.php\/producto\/pack-de-cirugia-dental-usos-extendidos\/#primaryimage"},"thumbnailUrl":"https:\/\/medsol.cl\/wp-content\/uploads\/2025\/07\/DENTAL.jpg","datePublished":"2025-07-21T21:18:21+00:00","dateModified":"2025-07-23T20:14:34+00:00","breadcrumb":{"@id":"https:\/\/medsol.cl\/index.php\/producto\/pack-de-cirugia-dental-usos-extendidos\/#breadcrumb"},"inLanguage":"es","potentialAction":[{"@type":"ReadAction","target":["https:\/\/medsol.cl\/index.php\/producto\/pack-de-cirugia-dental-usos-extendidos\/"]}]},{"@type":"ImageObject","inLanguage":"es","@id":"https:\/\/medsol.cl\/index.php\/producto\/pack-de-cirugia-dental-usos-extendidos\/#primaryimage","url":"https:\/\/medsol.cl\/wp-content\/uploads\/2025\/07\/DENTAL.jpg","contentUrl":"https:\/\/medsol.cl\/wp-content\/uploads\/2025\/07\/DENTAL.jpg","width":600,"height":600},{"@type":"BreadcrumbList","@id":"https:\/\/medsol.cl\/index.php\/producto\/pack-de-cirugia-dental-usos-extendidos\/#breadcrumb","itemListElement":[{"@type":"ListItem","position":1,"name":"Portada","item":"https:\/\/medsol.cl\/"},{"@type":"ListItem","position":2,"name":"Tienda","item":"https:\/\/medsol.cl\/index.php\/tienda\/"},{"@type":"ListItem","position":3,"name":"Pack de Cirug\u00eda Dental &#8211; Usos Extendidos"}]},{"@type":"WebSite","@id":"https:\/\/medsol.cl\/#website","url":"https:\/\/medsol.cl\/","name":"Med Solutions","description":"Tu Mejor Aliado","publisher":{"@id":"https:\/\/medsol.cl\/#organization"},"potentialAction":[{"@type":"SearchAction","target":{"@type":"EntryPoint","urlTemplate":"https:\/\/medsol.cl\/?s={search_term_string}"},"query-input":{"@type":"PropertyValueSpecification","valueRequired":true,"valueName":"search_term_string"}}],"inLanguage":"es"},{"@type":"Organization","@id":"https:\/\/medsol.cl\/#organization","name":"Med Solutions","url":"https:\/\/medsol.cl\/","logo":{"@type":"ImageObject","inLanguage":"es","@id":"https:\/\/medsol.cl\/#\/schema\/logo\/image\/","url":"https:\/\/medsol.cl\/wp-content\/uploads\/2025\/07\/Logo-Med-Solutions-e1753134682177.png","contentUrl":"https:\/\/medsol.cl\/wp-content\/uploads\/2025\/07\/Logo-Med-Solutions-e1753134682177.png","width":955,"height":867,"caption":"Med Solutions"},"image":{"@id":"https:\/\/medsol.cl\/#\/schema\/logo\/image\/"}}]}},"_links":{"self":[{"href":"https:\/\/medsol.cl\/index.php\/wp-json\/wp\/v2\/product\/179","targetHints":{"allow":["GET"]}}],"collection":[{"href":"https:\/\/medsol.cl\/index.php\/wp-json\/wp\/v2\/product"}],"about":[{"href":"https:\/\/medsol.cl\/index.php\/wp-json\/wp\/v2\/types\/product"}],"replies":[{"embeddable":true,"href":"https:\/\/medsol.cl\/index.php\/wp-json\/wp\/v2\/comments?post=179"}],"wp:featuredmedia":[{"embeddable":true,"href":"https:\/\/medsol.cl\/index.php\/wp-json\/wp\/v2\/media\/180"}],"wp:attachment":[{"href":"https:\/\/medsol.cl\/index.php\/wp-json\/wp\/v2\/media?parent=179"}],"wp:term":[{"taxonomy":"product_brand","embeddable":true,"href":"https:\/\/medsol.cl\/index.php\/wp-json\/wp\/v2\/product_brand?post=179"},{"taxonomy":"product_cat","embeddable":true,"href":"https:\/\/medsol.cl\/index.php\/wp-json\/wp\/v2\/product_cat?post=179"},{"taxonomy":"product_tag","embeddable":true,"href":"https:\/\/medsol.cl\/index.php\/wp-json\/wp\/v2\/product_tag?post=179"}],"curies":[{"name":"wp","href":"https:\/\/api.w.org\/{rel}","templated":true}]}}