{"id":321,"date":"2025-07-23T21:18:41","date_gmt":"2025-07-23T21:18:41","guid":{"rendered":"https:\/\/medsol.cl\/?post_type=product&#038;p=321"},"modified":"2025-07-23T21:19:17","modified_gmt":"2025-07-23T21:19:17","slug":"colchon-clinico-med-one-visco","status":"publish","type":"product","link":"https:\/\/medsol.cl\/index.php\/producto\/colchon-clinico-med-one-visco\/","title":{"rendered":"Colch\u00f3n Cl\u00ednico Med One Visco"},"content":{"rendered":"<p>Nuestro Colch\u00f3n Cl\u00ednico Med One Visco est\u00e1 dise\u00f1ado para brindar el m\u00e1ximo confort y alivio de dolores. Las multicapas de espumas distribuyen el peso corporal y la temperatura, molde\u00e1ndose a la forma y posici\u00f3n exacta del cuerpo. Su funda de tela Vestiflex impermeable y retardante de fuego le brinda la protecci\u00f3n necesaria para una larga vida \u00fatil. Largo: 200 cm. Ancho: 85 cm. Alto: 15 cm.<\/p>\n<ul>\n<li>Descripci\u00f3n<\/li>\n<\/ul>\n<p>COLCHON MED ONE VISCO<\/p>\n<ul>\n<li>C\u00f3digo<\/li>\n<\/ul>\n<p>780642764626-4<\/p>\n<ul>\n<li>Componentes del Mixto<\/li>\n<\/ul>\n<p>Colch\u00f3n MedOne Visco<\/p>\n<ul>\n<li>Tipo de Producto<\/li>\n<\/ul>\n<p>Colch\u00f3n Cl\u00ednico<\/p>\n<ul>\n<li>Modelo<\/li>\n<\/ul>\n<p>MedOne Visco<\/p>\n<ul>\n<li>Plazaje<\/li>\n<\/ul>\n<p>85x200x15<\/p>\n<ul>\n<li>Beneficios\/Atributos<\/li>\n<\/ul>\n<p>Multicapas de rellenos, espuma viscoel\u00e1stica: se adapta al contorno del cuerpo, Espuma D21 de alta resistencia.<\/p>\n<ul>\n<li>Performance<\/li>\n<\/ul>\n<p>Las multicapas de espumas distribuyen el peso corporal y la temperatura, molde\u00e1ndose a la forma y posici\u00f3n exacta del cuerpo. Funda tela Vestiflex impermeable y Retardante de fuego.<\/p>\n<ul>\n<li>FT Colch\u00f3n<\/li>\n<\/ul>\n<p>COLCHON MED ONE VISCO 0.85 X 2.0 X 0.15 MTS<\/p>\n<ul>\n<li>Tipo de Cubierta<\/li>\n<\/ul>\n<p>Funda tela Vestiflex impermeable y Retardante de fuego. apta para limpieza con Cloro y Amonio cuaternario<\/p>\n<ul>\n<li>Lados de Uso<\/li>\n<\/ul>\n<p>Doble lado de uso (visco\/espuma D21)<\/p>\n<ul>\n<li>Tipo de Tela<\/li>\n<\/ul>\n<p>Tela Vestiflex impermeable y Retardante de fuego. apta para limpieza con Cloro y Amonio cuaternario<\/p>\n<ul>\n<li>Relleno del Caj\u00f3n<\/li>\n<\/ul>\n<p>Multicapas: Espuma (D40) viscoel\u00e1stica, N\u00facleo de espuma D21.<\/p>\n<ul>\n<li>Largo (cm)<\/li>\n<\/ul>\n<p>200 Cm.<\/p>\n<ul>\n<li>Ancho (cm)<\/li>\n<\/ul>\n<p>85 Cm.<\/p>\n<ul>\n<li>Alto (cm)<\/li>\n<\/ul>\n<p>15 Cm.<\/p>\n<ul>\n<li>Peso (kg)<\/li>\n<\/ul>\n<p>6.3 Kg.<\/p>\n<ul>\n<li>m3<\/li>\n<\/ul>\n<p>0.255<\/p>\n<ul>\n<li>Garant\u00eda sobre Rellenos, Telas y otros Componentes del mixto<\/li>\n<\/ul>\n<p>Colch\u00f3n MedHome, Garant\u00eda 6 meses.<\/p>\n","protected":false},"excerpt":{"rendered":"<p>Nuestro Colch\u00f3n Cl\u00ednico Med One Visco est\u00e1 dise\u00f1ado para brindar el m\u00e1ximo confort y alivio de dolores. Las multicapas de [&hellip;]<\/p>\n","protected":false},"featured_media":322,"comment_status":"open","ping_status":"closed","template":"","meta":{"site-sidebar-layout":"default","site-content-layout":"","ast-site-content-layout":"default","site-content-style":"default","site-sidebar-style":"default","ast-global-header-display":"","ast-banner-title-visibility":"","ast-main-header-display":"","ast-hfb-above-header-display":"","ast-hfb-below-header-display":"","ast-hfb-mobile-header-display":"","site-post-title":"","ast-breadcrumbs-content":"","ast-featured-img":"","footer-sml-layout":"","theme-transparent-header-meta":"default","adv-header-id-meta":"","stick-header-meta":"","header-above-stick-meta":"","header-main-stick-meta":"","header-below-stick-meta":"","astra-migrate-meta-layouts":"set","ast-page-background-enabled":"default","ast-page-background-meta":{"desktop":{"background-color":"var(--ast-global-color-5)","background-image":"","background-repeat":"repeat","background-position":"center center","background-size":"auto","background-attachment":"scroll","background-type":"","background-media":"","overlay-type":"","overlay-color":"","overlay-opacity":"","overlay-gradient":""},"tablet":{"background-color":"","background-image":"","background-repeat":"repeat","background-position":"center center","background-size":"auto","background-attachment":"scroll","background-type":"","background-media":"","overlay-type":"","overlay-color":"","overlay-opacity":"","overlay-gradient":""},"mobile":{"background-color":"","background-image":"","background-repeat":"repeat","background-position":"center center","background-size":"auto","background-attachment":"scroll","background-type":"","background-media":"","overlay-type":"","overlay-color":"","overlay-opacity":"","overlay-gradient":""}},"ast-content-background-meta":{"desktop":{"background-color":"var(--ast-global-color-4)","background-image":"","background-repeat":"repeat","background-position":"center center","background-size":"auto","background-attachment":"scroll","background-type":"","background-media":"","overlay-type":"","overlay-color":"","overlay-opacity":"","overlay-gradient":""},"tablet":{"background-color":"var(--ast-global-color-4)","background-image":"","background-repeat":"repeat","background-position":"center center","background-size":"auto","background-attachment":"scroll","background-type":"","background-media":"","overlay-type":"","overlay-color":"","overlay-opacity":"","overlay-gradient":""},"mobile":{"background-color":"var(--ast-global-color-4)","background-image":"","background-repeat":"repeat","background-position":"center center","background-size":"auto","background-attachment":"scroll","background-type":"","background-media":"","overlay-type":"","overlay-color":"","overlay-opacity":"","overlay-gradient":""}}},"product_brand":[],"product_cat":[24],"product_tag":[],"class_list":{"0":"post-321","1":"product","2":"type-product","3":"status-publish","4":"has-post-thumbnail","6":"product_cat-mobiliario-clinico","7":"desktop-align-left","8":"tablet-align-left","9":"mobile-align-left","11":"first","12":"instock","13":"shipping-taxable","14":"product-type-simple"},"yoast_head":"<!-- This site is optimized with the Yoast SEO plugin v25.8 - https:\/\/yoast.com\/wordpress\/plugins\/seo\/ -->\n<title>Colch\u00f3n Cl\u00ednico Med One Visco - Med Solutions<\/title>\n<meta name=\"robots\" content=\"index, follow, max-snippet:-1, max-image-preview:large, max-video-preview:-1\" \/>\n<link rel=\"canonical\" href=\"https:\/\/medsol.cl\/index.php\/producto\/colchon-clinico-med-one-visco\/\" \/>\n<meta property=\"og:locale\" content=\"es_ES\" \/>\n<meta property=\"og:type\" content=\"article\" \/>\n<meta property=\"og:title\" content=\"Colch\u00f3n Cl\u00ednico Med One Visco - Med Solutions\" \/>\n<meta property=\"og:description\" content=\"Nuestro Colch\u00f3n Cl\u00ednico Med One Visco est\u00e1 dise\u00f1ado para brindar el m\u00e1ximo confort y alivio de dolores. Las multicapas de [&hellip;]\" \/>\n<meta property=\"og:url\" content=\"https:\/\/medsol.cl\/index.php\/producto\/colchon-clinico-med-one-visco\/\" \/>\n<meta property=\"og:site_name\" content=\"Med Solutions\" \/>\n<meta property=\"article:modified_time\" content=\"2025-07-23T21:19:17+00:00\" \/>\n<meta property=\"og:image\" content=\"https:\/\/medsol.cl\/wp-content\/uploads\/2025\/07\/COL.jpg\" \/>\n\t<meta property=\"og:image:width\" content=\"600\" \/>\n\t<meta property=\"og:image:height\" content=\"600\" \/>\n\t<meta property=\"og:image:type\" content=\"image\/jpeg\" \/>\n<meta name=\"twitter:card\" content=\"summary_large_image\" \/>\n<meta name=\"twitter:label1\" content=\"Tiempo de lectura\" \/>\n\t<meta name=\"twitter:data1\" content=\"1 minuto\" \/>\n<script type=\"application\/ld+json\" class=\"yoast-schema-graph\">{\"@context\":\"https:\/\/schema.org\",\"@graph\":[{\"@type\":\"WebPage\",\"@id\":\"https:\/\/medsol.cl\/index.php\/producto\/colchon-clinico-med-one-visco\/\",\"url\":\"https:\/\/medsol.cl\/index.php\/producto\/colchon-clinico-med-one-visco\/\",\"name\":\"Colch\u00f3n Cl\u00ednico Med One Visco - Med Solutions\",\"isPartOf\":{\"@id\":\"https:\/\/medsol.cl\/#website\"},\"primaryImageOfPage\":{\"@id\":\"https:\/\/medsol.cl\/index.php\/producto\/colchon-clinico-med-one-visco\/#primaryimage\"},\"image\":{\"@id\":\"https:\/\/medsol.cl\/index.php\/producto\/colchon-clinico-med-one-visco\/#primaryimage\"},\"thumbnailUrl\":\"https:\/\/medsol.cl\/wp-content\/uploads\/2025\/07\/COL.jpg\",\"datePublished\":\"2025-07-23T21:18:41+00:00\",\"dateModified\":\"2025-07-23T21:19:17+00:00\",\"breadcrumb\":{\"@id\":\"https:\/\/medsol.cl\/index.php\/producto\/colchon-clinico-med-one-visco\/#breadcrumb\"},\"inLanguage\":\"es\",\"potentialAction\":[{\"@type\":\"ReadAction\",\"target\":[\"https:\/\/medsol.cl\/index.php\/producto\/colchon-clinico-med-one-visco\/\"]}]},{\"@type\":\"ImageObject\",\"inLanguage\":\"es\",\"@id\":\"https:\/\/medsol.cl\/index.php\/producto\/colchon-clinico-med-one-visco\/#primaryimage\",\"url\":\"https:\/\/medsol.cl\/wp-content\/uploads\/2025\/07\/COL.jpg\",\"contentUrl\":\"https:\/\/medsol.cl\/wp-content\/uploads\/2025\/07\/COL.jpg\",\"width\":600,\"height\":600},{\"@type\":\"BreadcrumbList\",\"@id\":\"https:\/\/medsol.cl\/index.php\/producto\/colchon-clinico-med-one-visco\/#breadcrumb\",\"itemListElement\":[{\"@type\":\"ListItem\",\"position\":1,\"name\":\"Portada\",\"item\":\"https:\/\/medsol.cl\/\"},{\"@type\":\"ListItem\",\"position\":2,\"name\":\"Tienda\",\"item\":\"https:\/\/medsol.cl\/index.php\/tienda\/\"},{\"@type\":\"ListItem\",\"position\":3,\"name\":\"Colch\u00f3n Cl\u00ednico Med One Visco\"}]},{\"@type\":\"WebSite\",\"@id\":\"https:\/\/medsol.cl\/#website\",\"url\":\"https:\/\/medsol.cl\/\",\"name\":\"Med Solutions\",\"description\":\"Tu Mejor Aliado\",\"publisher\":{\"@id\":\"https:\/\/medsol.cl\/#organization\"},\"potentialAction\":[{\"@type\":\"SearchAction\",\"target\":{\"@type\":\"EntryPoint\",\"urlTemplate\":\"https:\/\/medsol.cl\/?s={search_term_string}\"},\"query-input\":{\"@type\":\"PropertyValueSpecification\",\"valueRequired\":true,\"valueName\":\"search_term_string\"}}],\"inLanguage\":\"es\"},{\"@type\":\"Organization\",\"@id\":\"https:\/\/medsol.cl\/#organization\",\"name\":\"Med Solutions\",\"url\":\"https:\/\/medsol.cl\/\",\"logo\":{\"@type\":\"ImageObject\",\"inLanguage\":\"es\",\"@id\":\"https:\/\/medsol.cl\/#\/schema\/logo\/image\/\",\"url\":\"https:\/\/medsol.cl\/wp-content\/uploads\/2025\/07\/Logo-Med-Solutions-e1753134682177.png\",\"contentUrl\":\"https:\/\/medsol.cl\/wp-content\/uploads\/2025\/07\/Logo-Med-Solutions-e1753134682177.png\",\"width\":955,\"height\":867,\"caption\":\"Med Solutions\"},\"image\":{\"@id\":\"https:\/\/medsol.cl\/#\/schema\/logo\/image\/\"}}]}<\/script>\n<!-- \/ Yoast SEO plugin. -->","yoast_head_json":{"title":"Colch\u00f3n Cl\u00ednico Med One Visco - Med Solutions","robots":{"index":"index","follow":"follow","max-snippet":"max-snippet:-1","max-image-preview":"max-image-preview:large","max-video-preview":"max-video-preview:-1"},"canonical":"https:\/\/medsol.cl\/index.php\/producto\/colchon-clinico-med-one-visco\/","og_locale":"es_ES","og_type":"article","og_title":"Colch\u00f3n Cl\u00ednico Med One Visco - Med Solutions","og_description":"Nuestro Colch\u00f3n Cl\u00ednico Med One Visco est\u00e1 dise\u00f1ado para brindar el m\u00e1ximo confort y alivio de dolores. Las multicapas de [&hellip;]","og_url":"https:\/\/medsol.cl\/index.php\/producto\/colchon-clinico-med-one-visco\/","og_site_name":"Med Solutions","article_modified_time":"2025-07-23T21:19:17+00:00","og_image":[{"width":600,"height":600,"url":"https:\/\/medsol.cl\/wp-content\/uploads\/2025\/07\/COL.jpg","type":"image\/jpeg"}],"twitter_card":"summary_large_image","twitter_misc":{"Tiempo de lectura":"1 minuto"},"schema":{"@context":"https:\/\/schema.org","@graph":[{"@type":"WebPage","@id":"https:\/\/medsol.cl\/index.php\/producto\/colchon-clinico-med-one-visco\/","url":"https:\/\/medsol.cl\/index.php\/producto\/colchon-clinico-med-one-visco\/","name":"Colch\u00f3n Cl\u00ednico Med One Visco - Med Solutions","isPartOf":{"@id":"https:\/\/medsol.cl\/#website"},"primaryImageOfPage":{"@id":"https:\/\/medsol.cl\/index.php\/producto\/colchon-clinico-med-one-visco\/#primaryimage"},"image":{"@id":"https:\/\/medsol.cl\/index.php\/producto\/colchon-clinico-med-one-visco\/#primaryimage"},"thumbnailUrl":"https:\/\/medsol.cl\/wp-content\/uploads\/2025\/07\/COL.jpg","datePublished":"2025-07-23T21:18:41+00:00","dateModified":"2025-07-23T21:19:17+00:00","breadcrumb":{"@id":"https:\/\/medsol.cl\/index.php\/producto\/colchon-clinico-med-one-visco\/#breadcrumb"},"inLanguage":"es","potentialAction":[{"@type":"ReadAction","target":["https:\/\/medsol.cl\/index.php\/producto\/colchon-clinico-med-one-visco\/"]}]},{"@type":"ImageObject","inLanguage":"es","@id":"https:\/\/medsol.cl\/index.php\/producto\/colchon-clinico-med-one-visco\/#primaryimage","url":"https:\/\/medsol.cl\/wp-content\/uploads\/2025\/07\/COL.jpg","contentUrl":"https:\/\/medsol.cl\/wp-content\/uploads\/2025\/07\/COL.jpg","width":600,"height":600},{"@type":"BreadcrumbList","@id":"https:\/\/medsol.cl\/index.php\/producto\/colchon-clinico-med-one-visco\/#breadcrumb","itemListElement":[{"@type":"ListItem","position":1,"name":"Portada","item":"https:\/\/medsol.cl\/"},{"@type":"ListItem","position":2,"name":"Tienda","item":"https:\/\/medsol.cl\/index.php\/tienda\/"},{"@type":"ListItem","position":3,"name":"Colch\u00f3n Cl\u00ednico Med One Visco"}]},{"@type":"WebSite","@id":"https:\/\/medsol.cl\/#website","url":"https:\/\/medsol.cl\/","name":"Med Solutions","description":"Tu Mejor Aliado","publisher":{"@id":"https:\/\/medsol.cl\/#organization"},"potentialAction":[{"@type":"SearchAction","target":{"@type":"EntryPoint","urlTemplate":"https:\/\/medsol.cl\/?s={search_term_string}"},"query-input":{"@type":"PropertyValueSpecification","valueRequired":true,"valueName":"search_term_string"}}],"inLanguage":"es"},{"@type":"Organization","@id":"https:\/\/medsol.cl\/#organization","name":"Med Solutions","url":"https:\/\/medsol.cl\/","logo":{"@type":"ImageObject","inLanguage":"es","@id":"https:\/\/medsol.cl\/#\/schema\/logo\/image\/","url":"https:\/\/medsol.cl\/wp-content\/uploads\/2025\/07\/Logo-Med-Solutions-e1753134682177.png","contentUrl":"https:\/\/medsol.cl\/wp-content\/uploads\/2025\/07\/Logo-Med-Solutions-e1753134682177.png","width":955,"height":867,"caption":"Med Solutions"},"image":{"@id":"https:\/\/medsol.cl\/#\/schema\/logo\/image\/"}}]}},"_links":{"self":[{"href":"https:\/\/medsol.cl\/index.php\/wp-json\/wp\/v2\/product\/321","targetHints":{"allow":["GET"]}}],"collection":[{"href":"https:\/\/medsol.cl\/index.php\/wp-json\/wp\/v2\/product"}],"about":[{"href":"https:\/\/medsol.cl\/index.php\/wp-json\/wp\/v2\/types\/product"}],"replies":[{"embeddable":true,"href":"https:\/\/medsol.cl\/index.php\/wp-json\/wp\/v2\/comments?post=321"}],"wp:featuredmedia":[{"embeddable":true,"href":"https:\/\/medsol.cl\/index.php\/wp-json\/wp\/v2\/media\/322"}],"wp:attachment":[{"href":"https:\/\/medsol.cl\/index.php\/wp-json\/wp\/v2\/media?parent=321"}],"wp:term":[{"taxonomy":"product_brand","embeddable":true,"href":"https:\/\/medsol.cl\/index.php\/wp-json\/wp\/v2\/product_brand?post=321"},{"taxonomy":"product_cat","embeddable":true,"href":"https:\/\/medsol.cl\/index.php\/wp-json\/wp\/v2\/product_cat?post=321"},{"taxonomy":"product_tag","embeddable":true,"href":"https:\/\/medsol.cl\/index.php\/wp-json\/wp\/v2\/product_tag?post=321"}],"curies":[{"name":"wp","href":"https:\/\/api.w.org\/{rel}","templated":true}]}}