{"id":443,"date":"2025-07-24T16:26:52","date_gmt":"2025-07-24T16:26:52","guid":{"rendered":"https:\/\/medsol.cl\/?post_type=product&#038;p=443"},"modified":"2025-07-24T17:56:16","modified_gmt":"2025-07-24T17:56:16","slug":"bomba-de-aspiracion-de-secreciones-apex","status":"publish","type":"product","link":"https:\/\/medsol.cl\/index.php\/producto\/bomba-de-aspiracion-de-secreciones-apex\/","title":{"rendered":"Bomba de aspiraci\u00f3n de secreciones APEX"},"content":{"rendered":"<p>Las bombas de aspiraci\u00f3n de secreciones APEX son uno de los equipos m\u00e1s fiables, duraderos y funcionales del mercado. A esto se suma su valor econ\u00f3mico que le da un atractivo bastante especial.<br \/>\nEsta versi\u00f3n VacMaxi es de uso cl\u00ednico, convirti\u00e9ndose en un producto apropiado para ser ocupado en hospitales y cl\u00ednicas, debido a que posee un motor de mayor potencia, permitiendo alcanzar un flujo de extracci\u00f3n alrededor de los 46 litros por minuto; adem\u00e1s de su f\u00e1cil manejo y su bajo nivel de ruido; dispone de man\u00f3metro de control de flujo de extracci\u00f3n y una perilla de regulaci\u00f3n de la presi\u00f3n de extracci\u00f3n. No dejamos de destacar tambi\u00e9n su pr\u00e1ctico dise\u00f1o que permite transportarlo de un lugar a otro, gracias a su mango anat\u00f3mico y su tama\u00f1o compacto y su peso.<\/p>\n<p>Especificaciones T\u00e9cnicas:<\/p>\n<p>Contiene un resistente motor de pist\u00f3n de diagrama que puede alcanzar un ratio de flujo de 60 litros por minuto que lo hace apropiado para hospitales.<br \/>\nPermite un ajuste de la presi\u00f3n de extracci\u00f3n que oscila entre 0 a 600 mm\/Hg, que pueden ser observados con le man\u00f3metro que se encuentra instalado cerca de la manilla de traslado, al igual que su perilla de graduaci\u00f3n y el bot\u00f3n de encendido.<br \/>\nDimensiones del aparato: 20.6 cm de largo, 35.2 cm de ancho y 19.2 cm de alto<br \/>\nPeso: 4,8 Kg.<br \/>\nCapacidad del vaso: 1800 c.c.<br \/>\nPotente motor sin necesidad de mantenimiento.<br \/>\nNivel de ruido muy bajo: menos de 55 dB.<\/p>\n<p>Incluye:<\/p>\n<p>Equipo<br \/>\nVaso recolector<br \/>\nFiltro<br \/>\nManguera De Silicona<br \/>\nManual de Usuario<\/p>\n<p>6 meses de garant\u00eda por defecto de f\u00e1brica.<\/p>\n","protected":false},"excerpt":{"rendered":"<p>Las bombas de aspiraci\u00f3n de secreciones APEX son uno de los equipos m\u00e1s fiables, duraderos y funcionales del mercado. A [&hellip;]<\/p>\n","protected":false},"featured_media":444,"comment_status":"open","ping_status":"closed","template":"","meta":{"site-sidebar-layout":"default","site-content-layout":"","ast-site-content-layout":"default","site-content-style":"default","site-sidebar-style":"default","ast-global-header-display":"","ast-banner-title-visibility":"","ast-main-header-display":"","ast-hfb-above-header-display":"","ast-hfb-below-header-display":"","ast-hfb-mobile-header-display":"","site-post-title":"","ast-breadcrumbs-content":"","ast-featured-img":"","footer-sml-layout":"","theme-transparent-header-meta":"default","adv-header-id-meta":"","stick-header-meta":"","header-above-stick-meta":"","header-main-stick-meta":"","header-below-stick-meta":"","astra-migrate-meta-layouts":"set","ast-page-background-enabled":"default","ast-page-background-meta":{"desktop":{"background-color":"var(--ast-global-color-5)","background-image":"","background-repeat":"repeat","background-position":"center center","background-size":"auto","background-attachment":"scroll","background-type":"","background-media":"","overlay-type":"","overlay-color":"","overlay-opacity":"","overlay-gradient":""},"tablet":{"background-color":"","background-image":"","background-repeat":"repeat","background-position":"center center","background-size":"auto","background-attachment":"scroll","background-type":"","background-media":"","overlay-type":"","overlay-color":"","overlay-opacity":"","overlay-gradient":""},"mobile":{"background-color":"","background-image":"","background-repeat":"repeat","background-position":"center center","background-size":"auto","background-attachment":"scroll","background-type":"","background-media":"","overlay-type":"","overlay-color":"","overlay-opacity":"","overlay-gradient":""}},"ast-content-background-meta":{"desktop":{"background-color":"var(--ast-global-color-4)","background-image":"","background-repeat":"repeat","background-position":"center center","background-size":"auto","background-attachment":"scroll","background-type":"","background-media":"","overlay-type":"","overlay-color":"","overlay-opacity":"","overlay-gradient":""},"tablet":{"background-color":"var(--ast-global-color-4)","background-image":"","background-repeat":"repeat","background-position":"center center","background-size":"auto","background-attachment":"scroll","background-type":"","background-media":"","overlay-type":"","overlay-color":"","overlay-opacity":"","overlay-gradient":""},"mobile":{"background-color":"var(--ast-global-color-4)","background-image":"","background-repeat":"repeat","background-position":"center center","background-size":"auto","background-attachment":"scroll","background-type":"","background-media":"","overlay-type":"","overlay-color":"","overlay-opacity":"","overlay-gradient":""}}},"product_brand":[],"product_cat":[25],"product_tag":[],"class_list":{"0":"post-443","1":"product","2":"type-product","3":"status-publish","4":"has-post-thumbnail","6":"product_cat-equipos-medicos","7":"desktop-align-left","8":"tablet-align-left","9":"mobile-align-left","11":"first","12":"instock","13":"shipping-taxable","14":"product-type-simple"},"yoast_head":"<!-- This site is optimized with the Yoast SEO plugin v25.8 - https:\/\/yoast.com\/wordpress\/plugins\/seo\/ -->\n<title>Bomba de aspiraci\u00f3n de secreciones APEX - Med Solutions<\/title>\n<meta name=\"robots\" content=\"index, follow, max-snippet:-1, max-image-preview:large, max-video-preview:-1\" \/>\n<link rel=\"canonical\" href=\"https:\/\/medsol.cl\/index.php\/producto\/bomba-de-aspiracion-de-secreciones-apex\/\" \/>\n<meta property=\"og:locale\" content=\"es_ES\" \/>\n<meta property=\"og:type\" content=\"article\" \/>\n<meta property=\"og:title\" content=\"Bomba de aspiraci\u00f3n de secreciones APEX - Med Solutions\" \/>\n<meta property=\"og:description\" content=\"Las bombas de aspiraci\u00f3n de secreciones APEX son uno de los equipos m\u00e1s fiables, duraderos y funcionales del mercado. A [&hellip;]\" \/>\n<meta property=\"og:url\" content=\"https:\/\/medsol.cl\/index.php\/producto\/bomba-de-aspiracion-de-secreciones-apex\/\" \/>\n<meta property=\"og:site_name\" content=\"Med Solutions\" \/>\n<meta property=\"article:modified_time\" content=\"2025-07-24T17:56:16+00:00\" \/>\n<meta property=\"og:image\" content=\"https:\/\/medsol.cl\/wp-content\/uploads\/2025\/07\/bomba.jpg\" \/>\n\t<meta property=\"og:image:width\" content=\"600\" \/>\n\t<meta property=\"og:image:height\" content=\"600\" \/>\n\t<meta property=\"og:image:type\" content=\"image\/jpeg\" \/>\n<meta name=\"twitter:card\" content=\"summary_large_image\" \/>\n<meta name=\"twitter:label1\" content=\"Tiempo de lectura\" \/>\n\t<meta name=\"twitter:data1\" content=\"1 minuto\" \/>\n<script type=\"application\/ld+json\" class=\"yoast-schema-graph\">{\"@context\":\"https:\/\/schema.org\",\"@graph\":[{\"@type\":\"WebPage\",\"@id\":\"https:\/\/medsol.cl\/index.php\/producto\/bomba-de-aspiracion-de-secreciones-apex\/\",\"url\":\"https:\/\/medsol.cl\/index.php\/producto\/bomba-de-aspiracion-de-secreciones-apex\/\",\"name\":\"Bomba de aspiraci\u00f3n de secreciones APEX - Med Solutions\",\"isPartOf\":{\"@id\":\"https:\/\/medsol.cl\/#website\"},\"primaryImageOfPage\":{\"@id\":\"https:\/\/medsol.cl\/index.php\/producto\/bomba-de-aspiracion-de-secreciones-apex\/#primaryimage\"},\"image\":{\"@id\":\"https:\/\/medsol.cl\/index.php\/producto\/bomba-de-aspiracion-de-secreciones-apex\/#primaryimage\"},\"thumbnailUrl\":\"https:\/\/medsol.cl\/wp-content\/uploads\/2025\/07\/bomba.jpg\",\"datePublished\":\"2025-07-24T16:26:52+00:00\",\"dateModified\":\"2025-07-24T17:56:16+00:00\",\"breadcrumb\":{\"@id\":\"https:\/\/medsol.cl\/index.php\/producto\/bomba-de-aspiracion-de-secreciones-apex\/#breadcrumb\"},\"inLanguage\":\"es\",\"potentialAction\":[{\"@type\":\"ReadAction\",\"target\":[\"https:\/\/medsol.cl\/index.php\/producto\/bomba-de-aspiracion-de-secreciones-apex\/\"]}]},{\"@type\":\"ImageObject\",\"inLanguage\":\"es\",\"@id\":\"https:\/\/medsol.cl\/index.php\/producto\/bomba-de-aspiracion-de-secreciones-apex\/#primaryimage\",\"url\":\"https:\/\/medsol.cl\/wp-content\/uploads\/2025\/07\/bomba.jpg\",\"contentUrl\":\"https:\/\/medsol.cl\/wp-content\/uploads\/2025\/07\/bomba.jpg\",\"width\":600,\"height\":600},{\"@type\":\"BreadcrumbList\",\"@id\":\"https:\/\/medsol.cl\/index.php\/producto\/bomba-de-aspiracion-de-secreciones-apex\/#breadcrumb\",\"itemListElement\":[{\"@type\":\"ListItem\",\"position\":1,\"name\":\"Portada\",\"item\":\"https:\/\/medsol.cl\/\"},{\"@type\":\"ListItem\",\"position\":2,\"name\":\"Tienda\",\"item\":\"https:\/\/medsol.cl\/index.php\/tienda\/\"},{\"@type\":\"ListItem\",\"position\":3,\"name\":\"Bomba de aspiraci\u00f3n de secreciones APEX\"}]},{\"@type\":\"WebSite\",\"@id\":\"https:\/\/medsol.cl\/#website\",\"url\":\"https:\/\/medsol.cl\/\",\"name\":\"Med Solutions\",\"description\":\"Tu Mejor Aliado\",\"publisher\":{\"@id\":\"https:\/\/medsol.cl\/#organization\"},\"potentialAction\":[{\"@type\":\"SearchAction\",\"target\":{\"@type\":\"EntryPoint\",\"urlTemplate\":\"https:\/\/medsol.cl\/?s={search_term_string}\"},\"query-input\":{\"@type\":\"PropertyValueSpecification\",\"valueRequired\":true,\"valueName\":\"search_term_string\"}}],\"inLanguage\":\"es\"},{\"@type\":\"Organization\",\"@id\":\"https:\/\/medsol.cl\/#organization\",\"name\":\"Med Solutions\",\"url\":\"https:\/\/medsol.cl\/\",\"logo\":{\"@type\":\"ImageObject\",\"inLanguage\":\"es\",\"@id\":\"https:\/\/medsol.cl\/#\/schema\/logo\/image\/\",\"url\":\"https:\/\/medsol.cl\/wp-content\/uploads\/2025\/07\/Logo-Med-Solutions-e1753134682177.png\",\"contentUrl\":\"https:\/\/medsol.cl\/wp-content\/uploads\/2025\/07\/Logo-Med-Solutions-e1753134682177.png\",\"width\":955,\"height\":867,\"caption\":\"Med Solutions\"},\"image\":{\"@id\":\"https:\/\/medsol.cl\/#\/schema\/logo\/image\/\"}}]}<\/script>\n<!-- \/ Yoast SEO plugin. -->","yoast_head_json":{"title":"Bomba de aspiraci\u00f3n de secreciones APEX - Med Solutions","robots":{"index":"index","follow":"follow","max-snippet":"max-snippet:-1","max-image-preview":"max-image-preview:large","max-video-preview":"max-video-preview:-1"},"canonical":"https:\/\/medsol.cl\/index.php\/producto\/bomba-de-aspiracion-de-secreciones-apex\/","og_locale":"es_ES","og_type":"article","og_title":"Bomba de aspiraci\u00f3n de secreciones APEX - Med Solutions","og_description":"Las bombas de aspiraci\u00f3n de secreciones APEX son uno de los equipos m\u00e1s fiables, duraderos y funcionales del mercado. A [&hellip;]","og_url":"https:\/\/medsol.cl\/index.php\/producto\/bomba-de-aspiracion-de-secreciones-apex\/","og_site_name":"Med Solutions","article_modified_time":"2025-07-24T17:56:16+00:00","og_image":[{"width":600,"height":600,"url":"https:\/\/medsol.cl\/wp-content\/uploads\/2025\/07\/bomba.jpg","type":"image\/jpeg"}],"twitter_card":"summary_large_image","twitter_misc":{"Tiempo de lectura":"1 minuto"},"schema":{"@context":"https:\/\/schema.org","@graph":[{"@type":"WebPage","@id":"https:\/\/medsol.cl\/index.php\/producto\/bomba-de-aspiracion-de-secreciones-apex\/","url":"https:\/\/medsol.cl\/index.php\/producto\/bomba-de-aspiracion-de-secreciones-apex\/","name":"Bomba de aspiraci\u00f3n de secreciones APEX - Med Solutions","isPartOf":{"@id":"https:\/\/medsol.cl\/#website"},"primaryImageOfPage":{"@id":"https:\/\/medsol.cl\/index.php\/producto\/bomba-de-aspiracion-de-secreciones-apex\/#primaryimage"},"image":{"@id":"https:\/\/medsol.cl\/index.php\/producto\/bomba-de-aspiracion-de-secreciones-apex\/#primaryimage"},"thumbnailUrl":"https:\/\/medsol.cl\/wp-content\/uploads\/2025\/07\/bomba.jpg","datePublished":"2025-07-24T16:26:52+00:00","dateModified":"2025-07-24T17:56:16+00:00","breadcrumb":{"@id":"https:\/\/medsol.cl\/index.php\/producto\/bomba-de-aspiracion-de-secreciones-apex\/#breadcrumb"},"inLanguage":"es","potentialAction":[{"@type":"ReadAction","target":["https:\/\/medsol.cl\/index.php\/producto\/bomba-de-aspiracion-de-secreciones-apex\/"]}]},{"@type":"ImageObject","inLanguage":"es","@id":"https:\/\/medsol.cl\/index.php\/producto\/bomba-de-aspiracion-de-secreciones-apex\/#primaryimage","url":"https:\/\/medsol.cl\/wp-content\/uploads\/2025\/07\/bomba.jpg","contentUrl":"https:\/\/medsol.cl\/wp-content\/uploads\/2025\/07\/bomba.jpg","width":600,"height":600},{"@type":"BreadcrumbList","@id":"https:\/\/medsol.cl\/index.php\/producto\/bomba-de-aspiracion-de-secreciones-apex\/#breadcrumb","itemListElement":[{"@type":"ListItem","position":1,"name":"Portada","item":"https:\/\/medsol.cl\/"},{"@type":"ListItem","position":2,"name":"Tienda","item":"https:\/\/medsol.cl\/index.php\/tienda\/"},{"@type":"ListItem","position":3,"name":"Bomba de aspiraci\u00f3n de secreciones APEX"}]},{"@type":"WebSite","@id":"https:\/\/medsol.cl\/#website","url":"https:\/\/medsol.cl\/","name":"Med Solutions","description":"Tu Mejor Aliado","publisher":{"@id":"https:\/\/medsol.cl\/#organization"},"potentialAction":[{"@type":"SearchAction","target":{"@type":"EntryPoint","urlTemplate":"https:\/\/medsol.cl\/?s={search_term_string}"},"query-input":{"@type":"PropertyValueSpecification","valueRequired":true,"valueName":"search_term_string"}}],"inLanguage":"es"},{"@type":"Organization","@id":"https:\/\/medsol.cl\/#organization","name":"Med Solutions","url":"https:\/\/medsol.cl\/","logo":{"@type":"ImageObject","inLanguage":"es","@id":"https:\/\/medsol.cl\/#\/schema\/logo\/image\/","url":"https:\/\/medsol.cl\/wp-content\/uploads\/2025\/07\/Logo-Med-Solutions-e1753134682177.png","contentUrl":"https:\/\/medsol.cl\/wp-content\/uploads\/2025\/07\/Logo-Med-Solutions-e1753134682177.png","width":955,"height":867,"caption":"Med Solutions"},"image":{"@id":"https:\/\/medsol.cl\/#\/schema\/logo\/image\/"}}]}},"_links":{"self":[{"href":"https:\/\/medsol.cl\/index.php\/wp-json\/wp\/v2\/product\/443","targetHints":{"allow":["GET"]}}],"collection":[{"href":"https:\/\/medsol.cl\/index.php\/wp-json\/wp\/v2\/product"}],"about":[{"href":"https:\/\/medsol.cl\/index.php\/wp-json\/wp\/v2\/types\/product"}],"replies":[{"embeddable":true,"href":"https:\/\/medsol.cl\/index.php\/wp-json\/wp\/v2\/comments?post=443"}],"wp:featuredmedia":[{"embeddable":true,"href":"https:\/\/medsol.cl\/index.php\/wp-json\/wp\/v2\/media\/444"}],"wp:attachment":[{"href":"https:\/\/medsol.cl\/index.php\/wp-json\/wp\/v2\/media?parent=443"}],"wp:term":[{"taxonomy":"product_brand","embeddable":true,"href":"https:\/\/medsol.cl\/index.php\/wp-json\/wp\/v2\/product_brand?post=443"},{"taxonomy":"product_cat","embeddable":true,"href":"https:\/\/medsol.cl\/index.php\/wp-json\/wp\/v2\/product_cat?post=443"},{"taxonomy":"product_tag","embeddable":true,"href":"https:\/\/medsol.cl\/index.php\/wp-json\/wp\/v2\/product_tag?post=443"}],"curies":[{"name":"wp","href":"https:\/\/api.w.org\/{rel}","templated":true}]}}