{"id":628,"date":"2025-07-29T15:35:23","date_gmt":"2025-07-29T15:35:23","guid":{"rendered":"https:\/\/medsol.cl\/?post_type=product&#038;p=628"},"modified":"2025-07-29T15:35:51","modified_gmt":"2025-07-29T15:35:51","slug":"toma-presion-digital-de-brazo-omron-hem-7130","status":"publish","type":"product","link":"https:\/\/medsol.cl\/index.php\/producto\/toma-presion-digital-de-brazo-omron-hem-7130\/","title":{"rendered":"Toma Presi\u00f3n Digital de Brazo Omron Hem 7130"},"content":{"rendered":"<p>Experimenta el control total de tu salud cardiovascular con el Toma Presi\u00f3n Omron 7130, un dispositivo innovador dise\u00f1ado para brindarte precisi\u00f3n y comodidad en cada medici\u00f3n. Este tensi\u00f3metro de brazo no solo mide tu presi\u00f3n arterial, sino que tambi\u00e9n te alerta ante la detecci\u00f3n de latidos irregulares, proporcion\u00e1ndote una informaci\u00f3n valiosa sobre tu salud card\u00edaca.<\/p>\n<p>La Gu\u00eda de Ajuste del Brazalete es una caracter\u00edstica destacada que eleva la exactitud del dispositivo. Este sistema intuitivo te avisa cuando el brazalete no est\u00e1 colocado adecuadamente, reduciendo cualquier margen de error y garantizando mediciones fiables en todo momento. Adem\u00e1s, el brazalete universal se ajusta f\u00e1cil y c\u00f3modamente a brazos con circunferencias de 22 a 42 cm, adapt\u00e1ndose a diversas necesidades. La versatilidad del Toma Presi\u00f3n Omron 7130 se extiende a su fuente de energ\u00eda, ya que puede funcionar con 4 bater\u00edas AA o mediante un adaptador a la red el\u00e9ctrica (no incluido), brind\u00e1ndote opciones flexibles para mantenerlo en funcionamiento.<\/p>\n<p>Con su capacidad de almacenamiento, el Omron 7130 guarda las \u00faltimas 60 mediciones con fecha y hora, permiti\u00e9ndote realizar un seguimiento detallado de tu historial de presi\u00f3n arterial. Esta funci\u00f3n no solo facilita la ubicaci\u00f3n de registros espec\u00edficos, sino que tambi\u00e9n te brinda la capacidad de monitorear cualquier cambio en tu presi\u00f3n arterial a lo largo del tiempo. En resumen, el Toma Presi\u00f3n Omron 7130 no solo es un dispositivo de medici\u00f3n, sino un compa\u00f1ero integral para el cuidado de tu salud cardiovascular. Descubre la tranquilidad de un monitoreo preciso y c\u00f3modo con esta herramienta avanzada de Omron.<\/p>\n<p>Caracter\u00edsticas del toma presi\u00f3n Omron 7130:<br \/>\nDetector de error de movimiento<br \/>\nGu\u00eda de ajuste del brazalete<br \/>\n60 Memorias con fecha y hora<br \/>\nOpci\u00f3n de funcionamiento a corriente el\u00e9ctrica<\/p>\n<p>5 a\u00f1os de garant\u00eda por defecto de f\u00e1brica (Con la marca Omron).<\/p>\n","protected":false},"excerpt":{"rendered":"<p>Incluye:<\/p>\n<ul>\n<li>Unidad principal Omron 7130<\/li>\n<li>Brazalete universal<\/li>\n<li>4 pilas alcalinas \u201cAA\u201d<\/li>\n<li>Manual de instrucciones<\/li>\n<\/ul>\n","protected":false},"featured_media":630,"comment_status":"open","ping_status":"closed","template":"","meta":{"site-sidebar-layout":"default","site-content-layout":"","ast-site-content-layout":"default","site-content-style":"default","site-sidebar-style":"default","ast-global-header-display":"","ast-banner-title-visibility":"","ast-main-header-display":"","ast-hfb-above-header-display":"","ast-hfb-below-header-display":"","ast-hfb-mobile-header-display":"","site-post-title":"","ast-breadcrumbs-content":"","ast-featured-img":"","footer-sml-layout":"","theme-transparent-header-meta":"default","adv-header-id-meta":"","stick-header-meta":"","header-above-stick-meta":"","header-main-stick-meta":"","header-below-stick-meta":"","astra-migrate-meta-layouts":"set","ast-page-background-enabled":"default","ast-page-background-meta":{"desktop":{"background-color":"var(--ast-global-color-5)","background-image":"","background-repeat":"repeat","background-position":"center center","background-size":"auto","background-attachment":"scroll","background-type":"","background-media":"","overlay-type":"","overlay-color":"","overlay-opacity":"","overlay-gradient":""},"tablet":{"background-color":"","background-image":"","background-repeat":"repeat","background-position":"center center","background-size":"auto","background-attachment":"scroll","background-type":"","background-media":"","overlay-type":"","overlay-color":"","overlay-opacity":"","overlay-gradient":""},"mobile":{"background-color":"","background-image":"","background-repeat":"repeat","background-position":"center center","background-size":"auto","background-attachment":"scroll","background-type":"","background-media":"","overlay-type":"","overlay-color":"","overlay-opacity":"","overlay-gradient":""}},"ast-content-background-meta":{"desktop":{"background-color":"var(--ast-global-color-4)","background-image":"","background-repeat":"repeat","background-position":"center center","background-size":"auto","background-attachment":"scroll","background-type":"","background-media":"","overlay-type":"","overlay-color":"","overlay-opacity":"","overlay-gradient":""},"tablet":{"background-color":"var(--ast-global-color-4)","background-image":"","background-repeat":"repeat","background-position":"center center","background-size":"auto","background-attachment":"scroll","background-type":"","background-media":"","overlay-type":"","overlay-color":"","overlay-opacity":"","overlay-gradient":""},"mobile":{"background-color":"var(--ast-global-color-4)","background-image":"","background-repeat":"repeat","background-position":"center center","background-size":"auto","background-attachment":"scroll","background-type":"","background-media":"","overlay-type":"","overlay-color":"","overlay-opacity":"","overlay-gradient":""}}},"product_brand":[],"product_cat":[27],"product_tag":[],"class_list":{"0":"post-628","1":"product","2":"type-product","3":"status-publish","4":"has-post-thumbnail","6":"product_cat-equipos-de-diagnostico","7":"desktop-align-left","8":"tablet-align-left","9":"mobile-align-left","11":"first","12":"instock","13":"shipping-taxable","14":"product-type-simple"},"yoast_head":"<!-- This site is optimized with the Yoast SEO plugin v25.8 - https:\/\/yoast.com\/wordpress\/plugins\/seo\/ -->\n<title>Toma Presi\u00f3n Digital de Brazo Omron Hem 7130 - Med Solutions<\/title>\n<meta name=\"robots\" content=\"index, follow, max-snippet:-1, max-image-preview:large, max-video-preview:-1\" \/>\n<link rel=\"canonical\" href=\"https:\/\/medsol.cl\/index.php\/producto\/toma-presion-digital-de-brazo-omron-hem-7130\/\" \/>\n<meta property=\"og:locale\" content=\"es_ES\" \/>\n<meta property=\"og:type\" content=\"article\" \/>\n<meta property=\"og:title\" content=\"Toma Presi\u00f3n Digital de Brazo Omron Hem 7130 - Med Solutions\" \/>\n<meta property=\"og:description\" content=\"Incluye:   Unidad principal Omron 7130  Brazalete universal  4 pilas alcalinas \u201cAA\u201d  Manual de instrucciones\" \/>\n<meta property=\"og:url\" content=\"https:\/\/medsol.cl\/index.php\/producto\/toma-presion-digital-de-brazo-omron-hem-7130\/\" \/>\n<meta property=\"og:site_name\" content=\"Med Solutions\" \/>\n<meta property=\"article:modified_time\" content=\"2025-07-29T15:35:51+00:00\" \/>\n<meta property=\"og:image\" content=\"https:\/\/medsol.cl\/wp-content\/uploads\/2025\/07\/TomaPresionOmron7130.jpg\" \/>\n\t<meta property=\"og:image:width\" content=\"1400\" \/>\n\t<meta property=\"og:image:height\" content=\"1400\" \/>\n\t<meta property=\"og:image:type\" content=\"image\/jpeg\" \/>\n<meta name=\"twitter:card\" content=\"summary_large_image\" \/>\n<meta name=\"twitter:label1\" content=\"Tiempo de lectura\" \/>\n\t<meta name=\"twitter:data1\" content=\"2 minutos\" \/>\n<script type=\"application\/ld+json\" class=\"yoast-schema-graph\">{\"@context\":\"https:\/\/schema.org\",\"@graph\":[{\"@type\":\"WebPage\",\"@id\":\"https:\/\/medsol.cl\/index.php\/producto\/toma-presion-digital-de-brazo-omron-hem-7130\/\",\"url\":\"https:\/\/medsol.cl\/index.php\/producto\/toma-presion-digital-de-brazo-omron-hem-7130\/\",\"name\":\"Toma Presi\u00f3n Digital de Brazo Omron Hem 7130 - Med Solutions\",\"isPartOf\":{\"@id\":\"https:\/\/medsol.cl\/#website\"},\"primaryImageOfPage\":{\"@id\":\"https:\/\/medsol.cl\/index.php\/producto\/toma-presion-digital-de-brazo-omron-hem-7130\/#primaryimage\"},\"image\":{\"@id\":\"https:\/\/medsol.cl\/index.php\/producto\/toma-presion-digital-de-brazo-omron-hem-7130\/#primaryimage\"},\"thumbnailUrl\":\"https:\/\/medsol.cl\/wp-content\/uploads\/2025\/07\/TomaPresionOmron7130.jpg\",\"datePublished\":\"2025-07-29T15:35:23+00:00\",\"dateModified\":\"2025-07-29T15:35:51+00:00\",\"breadcrumb\":{\"@id\":\"https:\/\/medsol.cl\/index.php\/producto\/toma-presion-digital-de-brazo-omron-hem-7130\/#breadcrumb\"},\"inLanguage\":\"es\",\"potentialAction\":[{\"@type\":\"ReadAction\",\"target\":[\"https:\/\/medsol.cl\/index.php\/producto\/toma-presion-digital-de-brazo-omron-hem-7130\/\"]}]},{\"@type\":\"ImageObject\",\"inLanguage\":\"es\",\"@id\":\"https:\/\/medsol.cl\/index.php\/producto\/toma-presion-digital-de-brazo-omron-hem-7130\/#primaryimage\",\"url\":\"https:\/\/medsol.cl\/wp-content\/uploads\/2025\/07\/TomaPresionOmron7130.jpg\",\"contentUrl\":\"https:\/\/medsol.cl\/wp-content\/uploads\/2025\/07\/TomaPresionOmron7130.jpg\",\"width\":1400,\"height\":1400},{\"@type\":\"BreadcrumbList\",\"@id\":\"https:\/\/medsol.cl\/index.php\/producto\/toma-presion-digital-de-brazo-omron-hem-7130\/#breadcrumb\",\"itemListElement\":[{\"@type\":\"ListItem\",\"position\":1,\"name\":\"Portada\",\"item\":\"https:\/\/medsol.cl\/\"},{\"@type\":\"ListItem\",\"position\":2,\"name\":\"Tienda\",\"item\":\"https:\/\/medsol.cl\/index.php\/tienda\/\"},{\"@type\":\"ListItem\",\"position\":3,\"name\":\"Toma Presi\u00f3n Digital de Brazo Omron Hem 7130\"}]},{\"@type\":\"WebSite\",\"@id\":\"https:\/\/medsol.cl\/#website\",\"url\":\"https:\/\/medsol.cl\/\",\"name\":\"Med Solutions\",\"description\":\"Tu Mejor Aliado\",\"publisher\":{\"@id\":\"https:\/\/medsol.cl\/#organization\"},\"potentialAction\":[{\"@type\":\"SearchAction\",\"target\":{\"@type\":\"EntryPoint\",\"urlTemplate\":\"https:\/\/medsol.cl\/?s={search_term_string}\"},\"query-input\":{\"@type\":\"PropertyValueSpecification\",\"valueRequired\":true,\"valueName\":\"search_term_string\"}}],\"inLanguage\":\"es\"},{\"@type\":\"Organization\",\"@id\":\"https:\/\/medsol.cl\/#organization\",\"name\":\"Med Solutions\",\"url\":\"https:\/\/medsol.cl\/\",\"logo\":{\"@type\":\"ImageObject\",\"inLanguage\":\"es\",\"@id\":\"https:\/\/medsol.cl\/#\/schema\/logo\/image\/\",\"url\":\"https:\/\/medsol.cl\/wp-content\/uploads\/2025\/07\/Logo-Med-Solutions-e1753134682177.png\",\"contentUrl\":\"https:\/\/medsol.cl\/wp-content\/uploads\/2025\/07\/Logo-Med-Solutions-e1753134682177.png\",\"width\":955,\"height\":867,\"caption\":\"Med Solutions\"},\"image\":{\"@id\":\"https:\/\/medsol.cl\/#\/schema\/logo\/image\/\"}}]}<\/script>\n<!-- \/ Yoast SEO plugin. -->","yoast_head_json":{"title":"Toma Presi\u00f3n Digital de Brazo Omron Hem 7130 - Med Solutions","robots":{"index":"index","follow":"follow","max-snippet":"max-snippet:-1","max-image-preview":"max-image-preview:large","max-video-preview":"max-video-preview:-1"},"canonical":"https:\/\/medsol.cl\/index.php\/producto\/toma-presion-digital-de-brazo-omron-hem-7130\/","og_locale":"es_ES","og_type":"article","og_title":"Toma Presi\u00f3n Digital de Brazo Omron Hem 7130 - Med Solutions","og_description":"Incluye:   Unidad principal Omron 7130  Brazalete universal  4 pilas alcalinas \u201cAA\u201d  Manual de instrucciones","og_url":"https:\/\/medsol.cl\/index.php\/producto\/toma-presion-digital-de-brazo-omron-hem-7130\/","og_site_name":"Med Solutions","article_modified_time":"2025-07-29T15:35:51+00:00","og_image":[{"width":1400,"height":1400,"url":"https:\/\/medsol.cl\/wp-content\/uploads\/2025\/07\/TomaPresionOmron7130.jpg","type":"image\/jpeg"}],"twitter_card":"summary_large_image","twitter_misc":{"Tiempo de lectura":"2 minutos"},"schema":{"@context":"https:\/\/schema.org","@graph":[{"@type":"WebPage","@id":"https:\/\/medsol.cl\/index.php\/producto\/toma-presion-digital-de-brazo-omron-hem-7130\/","url":"https:\/\/medsol.cl\/index.php\/producto\/toma-presion-digital-de-brazo-omron-hem-7130\/","name":"Toma Presi\u00f3n Digital de Brazo Omron Hem 7130 - Med Solutions","isPartOf":{"@id":"https:\/\/medsol.cl\/#website"},"primaryImageOfPage":{"@id":"https:\/\/medsol.cl\/index.php\/producto\/toma-presion-digital-de-brazo-omron-hem-7130\/#primaryimage"},"image":{"@id":"https:\/\/medsol.cl\/index.php\/producto\/toma-presion-digital-de-brazo-omron-hem-7130\/#primaryimage"},"thumbnailUrl":"https:\/\/medsol.cl\/wp-content\/uploads\/2025\/07\/TomaPresionOmron7130.jpg","datePublished":"2025-07-29T15:35:23+00:00","dateModified":"2025-07-29T15:35:51+00:00","breadcrumb":{"@id":"https:\/\/medsol.cl\/index.php\/producto\/toma-presion-digital-de-brazo-omron-hem-7130\/#breadcrumb"},"inLanguage":"es","potentialAction":[{"@type":"ReadAction","target":["https:\/\/medsol.cl\/index.php\/producto\/toma-presion-digital-de-brazo-omron-hem-7130\/"]}]},{"@type":"ImageObject","inLanguage":"es","@id":"https:\/\/medsol.cl\/index.php\/producto\/toma-presion-digital-de-brazo-omron-hem-7130\/#primaryimage","url":"https:\/\/medsol.cl\/wp-content\/uploads\/2025\/07\/TomaPresionOmron7130.jpg","contentUrl":"https:\/\/medsol.cl\/wp-content\/uploads\/2025\/07\/TomaPresionOmron7130.jpg","width":1400,"height":1400},{"@type":"BreadcrumbList","@id":"https:\/\/medsol.cl\/index.php\/producto\/toma-presion-digital-de-brazo-omron-hem-7130\/#breadcrumb","itemListElement":[{"@type":"ListItem","position":1,"name":"Portada","item":"https:\/\/medsol.cl\/"},{"@type":"ListItem","position":2,"name":"Tienda","item":"https:\/\/medsol.cl\/index.php\/tienda\/"},{"@type":"ListItem","position":3,"name":"Toma Presi\u00f3n Digital de Brazo Omron Hem 7130"}]},{"@type":"WebSite","@id":"https:\/\/medsol.cl\/#website","url":"https:\/\/medsol.cl\/","name":"Med Solutions","description":"Tu Mejor Aliado","publisher":{"@id":"https:\/\/medsol.cl\/#organization"},"potentialAction":[{"@type":"SearchAction","target":{"@type":"EntryPoint","urlTemplate":"https:\/\/medsol.cl\/?s={search_term_string}"},"query-input":{"@type":"PropertyValueSpecification","valueRequired":true,"valueName":"search_term_string"}}],"inLanguage":"es"},{"@type":"Organization","@id":"https:\/\/medsol.cl\/#organization","name":"Med Solutions","url":"https:\/\/medsol.cl\/","logo":{"@type":"ImageObject","inLanguage":"es","@id":"https:\/\/medsol.cl\/#\/schema\/logo\/image\/","url":"https:\/\/medsol.cl\/wp-content\/uploads\/2025\/07\/Logo-Med-Solutions-e1753134682177.png","contentUrl":"https:\/\/medsol.cl\/wp-content\/uploads\/2025\/07\/Logo-Med-Solutions-e1753134682177.png","width":955,"height":867,"caption":"Med Solutions"},"image":{"@id":"https:\/\/medsol.cl\/#\/schema\/logo\/image\/"}}]}},"_links":{"self":[{"href":"https:\/\/medsol.cl\/index.php\/wp-json\/wp\/v2\/product\/628","targetHints":{"allow":["GET"]}}],"collection":[{"href":"https:\/\/medsol.cl\/index.php\/wp-json\/wp\/v2\/product"}],"about":[{"href":"https:\/\/medsol.cl\/index.php\/wp-json\/wp\/v2\/types\/product"}],"replies":[{"embeddable":true,"href":"https:\/\/medsol.cl\/index.php\/wp-json\/wp\/v2\/comments?post=628"}],"wp:featuredmedia":[{"embeddable":true,"href":"https:\/\/medsol.cl\/index.php\/wp-json\/wp\/v2\/media\/630"}],"wp:attachment":[{"href":"https:\/\/medsol.cl\/index.php\/wp-json\/wp\/v2\/media?parent=628"}],"wp:term":[{"taxonomy":"product_brand","embeddable":true,"href":"https:\/\/medsol.cl\/index.php\/wp-json\/wp\/v2\/product_brand?post=628"},{"taxonomy":"product_cat","embeddable":true,"href":"https:\/\/medsol.cl\/index.php\/wp-json\/wp\/v2\/product_cat?post=628"},{"taxonomy":"product_tag","embeddable":true,"href":"https:\/\/medsol.cl\/index.php\/wp-json\/wp\/v2\/product_tag?post=628"}],"curies":[{"name":"wp","href":"https:\/\/api.w.org\/{rel}","templated":true}]}}