{"id":632,"date":"2025-07-29T15:56:15","date_gmt":"2025-07-29T15:56:15","guid":{"rendered":"https:\/\/medsol.cl\/?post_type=product&#038;p=632"},"modified":"2025-07-29T15:56:15","modified_gmt":"2025-07-29T15:56:15","slug":"monitor-de-presion-omron-907-xl-pack-rodable-kit-brazaletes","status":"publish","type":"product","link":"https:\/\/medsol.cl\/index.php\/producto\/monitor-de-presion-omron-907-xl-pack-rodable-kit-brazaletes\/","title":{"rendered":"Monitor de Presi\u00f3n Omron 907 XL Pack Rodable + Kit Brazaletes"},"content":{"rendered":"<p>Cl\u00ednicamente monitoreo de la presi\u00f3n arterial mas precisa dise\u00f1ada para entornos profesionales.<br \/>\nLa hipertensi\u00f3n afecta a casi un tercio de los chilenos, Omron hizo el 907XL est\u00e1 dise\u00f1ado para ayudar a los m\u00e9dicos a diagnosticar con fiabilidad si un paciente sufre de esta condici\u00f3n.<br \/>\nViene con caja de laminaci\u00f3n para transportar de forma segura la unidad.<br \/>\nIncluye:<br \/>\nMonitor de presi\u00f3n arterial<br \/>\nCaja de laminaci\u00f3n de monitor de presi\u00f3n arterial y los pu\u00f1os<br \/>\nPu\u00f1os (Extra Large, grande, mediano y peque\u00f1o)<br \/>\nBladder Set<br \/>\n1.3m AirTube<br \/>\nAdaptador de CA<br \/>\nPaquete de bater\u00edas<br \/>\nCaracter\u00edsticas<br \/>\nPantalla: Pantalla digital<br \/>\nMedici\u00f3n: m\u00e9todo oscilom\u00e9trico<br \/>\nRango de medici\u00f3n: Presi\u00f3n 0 a 299 mmHg<br \/>\nPulse Rate: 30 a 199 latidos \/ min<br \/>\nPrecisi\u00f3n: Presi\u00f3n: Dentro de \u00b1 3 mm H gor 2%<br \/>\nPulse Rate: Dentro de \u00b1 5% de la lectura<br \/>\nLa inflaci\u00f3n: la inflaci\u00f3n autom\u00e1tica con el bombeo<br \/>\nLa deflaci\u00f3n: la deflaci\u00f3n autom\u00e1tica por la v\u00e1lvula de control \u2014 -electromagn\u00e9tico<br \/>\nLiberaci\u00f3n de aire: de aire r\u00e1pida liberaci\u00f3n autom\u00e1tica por la v\u00e1lvula de control electromagn\u00e9tico<br \/>\nDetecci\u00f3n de la presi\u00f3n: Electro capacidad est\u00e1tica semiconductor sensor de presi\u00f3n<\/p>\n<p>Fuente de alimentaci\u00f3n: Adaptador de CA (120 V CA, 60 Hz, 13VA) o (120 V CA, 50 \/ 60Hz, 0.2A) Bater\u00eda (4,8 VCC, 6W)<br \/>\nM\u00e9todo de protecci\u00f3n contra golpes el\u00e9ctrica: Clase II B TYPE<br \/>\nTemperatura de funcionamiento: 50 \u00b0 F a 104 \u00b0 F (10 a 40 \u00b0 C)<br \/>\nPeso de la unidad principal: Aprox. 32 oz (910 g)<br \/>\nDimensiones externas: Aprox.51 \/ 2 \u00ab(W) x 8\u00bb (H) X51 \/ 6 \u00ab<\/p>\n<p>GARANT\u00cdA<br \/>\n2 A\u00f1os de Garant\u00eda y Servicio T\u00e9cnico Autorizado<\/p>\n","protected":false},"excerpt":{"rendered":"<p>Cl\u00ednicamente monitoreo de la presi\u00f3n arterial mas precisa dise\u00f1ada para entornos profesionales. La hipertensi\u00f3n afecta a casi un tercio de [&hellip;]<\/p>\n","protected":false},"featured_media":635,"comment_status":"open","ping_status":"closed","template":"","meta":{"site-sidebar-layout":"default","site-content-layout":"","ast-site-content-layout":"default","site-content-style":"default","site-sidebar-style":"default","ast-global-header-display":"","ast-banner-title-visibility":"","ast-main-header-display":"","ast-hfb-above-header-display":"","ast-hfb-below-header-display":"","ast-hfb-mobile-header-display":"","site-post-title":"","ast-breadcrumbs-content":"","ast-featured-img":"","footer-sml-layout":"","theme-transparent-header-meta":"default","adv-header-id-meta":"","stick-header-meta":"","header-above-stick-meta":"","header-main-stick-meta":"","header-below-stick-meta":"","astra-migrate-meta-layouts":"set","ast-page-background-enabled":"default","ast-page-background-meta":{"desktop":{"background-color":"var(--ast-global-color-5)","background-image":"","background-repeat":"repeat","background-position":"center center","background-size":"auto","background-attachment":"scroll","background-type":"","background-media":"","overlay-type":"","overlay-color":"","overlay-opacity":"","overlay-gradient":""},"tablet":{"background-color":"","background-image":"","background-repeat":"repeat","background-position":"center center","background-size":"auto","background-attachment":"scroll","background-type":"","background-media":"","overlay-type":"","overlay-color":"","overlay-opacity":"","overlay-gradient":""},"mobile":{"background-color":"","background-image":"","background-repeat":"repeat","background-position":"center center","background-size":"auto","background-attachment":"scroll","background-type":"","background-media":"","overlay-type":"","overlay-color":"","overlay-opacity":"","overlay-gradient":""}},"ast-content-background-meta":{"desktop":{"background-color":"var(--ast-global-color-4)","background-image":"","background-repeat":"repeat","background-position":"center center","background-size":"auto","background-attachment":"scroll","background-type":"","background-media":"","overlay-type":"","overlay-color":"","overlay-opacity":"","overlay-gradient":""},"tablet":{"background-color":"var(--ast-global-color-4)","background-image":"","background-repeat":"repeat","background-position":"center center","background-size":"auto","background-attachment":"scroll","background-type":"","background-media":"","overlay-type":"","overlay-color":"","overlay-opacity":"","overlay-gradient":""},"mobile":{"background-color":"var(--ast-global-color-4)","background-image":"","background-repeat":"repeat","background-position":"center center","background-size":"auto","background-attachment":"scroll","background-type":"","background-media":"","overlay-type":"","overlay-color":"","overlay-opacity":"","overlay-gradient":""}}},"product_brand":[],"product_cat":[27],"product_tag":[],"class_list":{"0":"post-632","1":"product","2":"type-product","3":"status-publish","4":"has-post-thumbnail","6":"product_cat-equipos-de-diagnostico","7":"desktop-align-left","8":"tablet-align-left","9":"mobile-align-left","11":"first","12":"instock","13":"shipping-taxable","14":"product-type-simple"},"yoast_head":"<!-- This site is optimized with the Yoast SEO plugin v25.8 - https:\/\/yoast.com\/wordpress\/plugins\/seo\/ -->\n<title>Monitor de Presi\u00f3n Omron 907 XL Pack Rodable + Kit Brazaletes - Med Solutions<\/title>\n<meta name=\"robots\" content=\"index, follow, max-snippet:-1, max-image-preview:large, max-video-preview:-1\" \/>\n<link rel=\"canonical\" href=\"https:\/\/medsol.cl\/index.php\/producto\/monitor-de-presion-omron-907-xl-pack-rodable-kit-brazaletes\/\" \/>\n<meta property=\"og:locale\" content=\"es_ES\" \/>\n<meta property=\"og:type\" content=\"article\" \/>\n<meta property=\"og:title\" content=\"Monitor de Presi\u00f3n Omron 907 XL Pack Rodable + Kit Brazaletes - Med Solutions\" \/>\n<meta property=\"og:description\" content=\"Cl\u00ednicamente monitoreo de la presi\u00f3n arterial mas precisa dise\u00f1ada para entornos profesionales. La hipertensi\u00f3n afecta a casi un tercio de [&hellip;]\" \/>\n<meta property=\"og:url\" content=\"https:\/\/medsol.cl\/index.php\/producto\/monitor-de-presion-omron-907-xl-pack-rodable-kit-brazaletes\/\" \/>\n<meta property=\"og:site_name\" content=\"Med Solutions\" \/>\n<meta property=\"og:image\" content=\"https:\/\/medsol.cl\/wp-content\/uploads\/2025\/07\/omron-professional-intellisense-blood-pressure-monitor-500x500-1.jpg\" \/>\n\t<meta property=\"og:image:width\" content=\"500\" \/>\n\t<meta property=\"og:image:height\" content=\"448\" \/>\n\t<meta property=\"og:image:type\" content=\"image\/jpeg\" \/>\n<meta name=\"twitter:card\" content=\"summary_large_image\" \/>\n<meta name=\"twitter:label1\" content=\"Tiempo de lectura\" \/>\n\t<meta name=\"twitter:data1\" content=\"1 minuto\" \/>\n<script type=\"application\/ld+json\" class=\"yoast-schema-graph\">{\"@context\":\"https:\/\/schema.org\",\"@graph\":[{\"@type\":\"WebPage\",\"@id\":\"https:\/\/medsol.cl\/index.php\/producto\/monitor-de-presion-omron-907-xl-pack-rodable-kit-brazaletes\/\",\"url\":\"https:\/\/medsol.cl\/index.php\/producto\/monitor-de-presion-omron-907-xl-pack-rodable-kit-brazaletes\/\",\"name\":\"Monitor de Presi\u00f3n Omron 907 XL Pack Rodable + Kit Brazaletes - Med Solutions\",\"isPartOf\":{\"@id\":\"https:\/\/medsol.cl\/#website\"},\"primaryImageOfPage\":{\"@id\":\"https:\/\/medsol.cl\/index.php\/producto\/monitor-de-presion-omron-907-xl-pack-rodable-kit-brazaletes\/#primaryimage\"},\"image\":{\"@id\":\"https:\/\/medsol.cl\/index.php\/producto\/monitor-de-presion-omron-907-xl-pack-rodable-kit-brazaletes\/#primaryimage\"},\"thumbnailUrl\":\"https:\/\/medsol.cl\/wp-content\/uploads\/2025\/07\/omron-professional-intellisense-blood-pressure-monitor-500x500-1.jpg\",\"datePublished\":\"2025-07-29T15:56:15+00:00\",\"breadcrumb\":{\"@id\":\"https:\/\/medsol.cl\/index.php\/producto\/monitor-de-presion-omron-907-xl-pack-rodable-kit-brazaletes\/#breadcrumb\"},\"inLanguage\":\"es\",\"potentialAction\":[{\"@type\":\"ReadAction\",\"target\":[\"https:\/\/medsol.cl\/index.php\/producto\/monitor-de-presion-omron-907-xl-pack-rodable-kit-brazaletes\/\"]}]},{\"@type\":\"ImageObject\",\"inLanguage\":\"es\",\"@id\":\"https:\/\/medsol.cl\/index.php\/producto\/monitor-de-presion-omron-907-xl-pack-rodable-kit-brazaletes\/#primaryimage\",\"url\":\"https:\/\/medsol.cl\/wp-content\/uploads\/2025\/07\/omron-professional-intellisense-blood-pressure-monitor-500x500-1.jpg\",\"contentUrl\":\"https:\/\/medsol.cl\/wp-content\/uploads\/2025\/07\/omron-professional-intellisense-blood-pressure-monitor-500x500-1.jpg\",\"width\":500,\"height\":448},{\"@type\":\"BreadcrumbList\",\"@id\":\"https:\/\/medsol.cl\/index.php\/producto\/monitor-de-presion-omron-907-xl-pack-rodable-kit-brazaletes\/#breadcrumb\",\"itemListElement\":[{\"@type\":\"ListItem\",\"position\":1,\"name\":\"Portada\",\"item\":\"https:\/\/medsol.cl\/\"},{\"@type\":\"ListItem\",\"position\":2,\"name\":\"Tienda\",\"item\":\"https:\/\/medsol.cl\/index.php\/tienda\/\"},{\"@type\":\"ListItem\",\"position\":3,\"name\":\"Monitor de Presi\u00f3n Omron 907 XL Pack Rodable + Kit Brazaletes\"}]},{\"@type\":\"WebSite\",\"@id\":\"https:\/\/medsol.cl\/#website\",\"url\":\"https:\/\/medsol.cl\/\",\"name\":\"Med Solutions\",\"description\":\"Tu Mejor Aliado\",\"publisher\":{\"@id\":\"https:\/\/medsol.cl\/#organization\"},\"potentialAction\":[{\"@type\":\"SearchAction\",\"target\":{\"@type\":\"EntryPoint\",\"urlTemplate\":\"https:\/\/medsol.cl\/?s={search_term_string}\"},\"query-input\":{\"@type\":\"PropertyValueSpecification\",\"valueRequired\":true,\"valueName\":\"search_term_string\"}}],\"inLanguage\":\"es\"},{\"@type\":\"Organization\",\"@id\":\"https:\/\/medsol.cl\/#organization\",\"name\":\"Med Solutions\",\"url\":\"https:\/\/medsol.cl\/\",\"logo\":{\"@type\":\"ImageObject\",\"inLanguage\":\"es\",\"@id\":\"https:\/\/medsol.cl\/#\/schema\/logo\/image\/\",\"url\":\"https:\/\/medsol.cl\/wp-content\/uploads\/2025\/07\/Logo-Med-Solutions-e1753134682177.png\",\"contentUrl\":\"https:\/\/medsol.cl\/wp-content\/uploads\/2025\/07\/Logo-Med-Solutions-e1753134682177.png\",\"width\":955,\"height\":867,\"caption\":\"Med Solutions\"},\"image\":{\"@id\":\"https:\/\/medsol.cl\/#\/schema\/logo\/image\/\"}}]}<\/script>\n<!-- \/ Yoast SEO plugin. -->","yoast_head_json":{"title":"Monitor de Presi\u00f3n Omron 907 XL Pack Rodable + Kit Brazaletes - Med Solutions","robots":{"index":"index","follow":"follow","max-snippet":"max-snippet:-1","max-image-preview":"max-image-preview:large","max-video-preview":"max-video-preview:-1"},"canonical":"https:\/\/medsol.cl\/index.php\/producto\/monitor-de-presion-omron-907-xl-pack-rodable-kit-brazaletes\/","og_locale":"es_ES","og_type":"article","og_title":"Monitor de Presi\u00f3n Omron 907 XL Pack Rodable + Kit Brazaletes - Med Solutions","og_description":"Cl\u00ednicamente monitoreo de la presi\u00f3n arterial mas precisa dise\u00f1ada para entornos profesionales. La hipertensi\u00f3n afecta a casi un tercio de [&hellip;]","og_url":"https:\/\/medsol.cl\/index.php\/producto\/monitor-de-presion-omron-907-xl-pack-rodable-kit-brazaletes\/","og_site_name":"Med Solutions","og_image":[{"width":500,"height":448,"url":"https:\/\/medsol.cl\/wp-content\/uploads\/2025\/07\/omron-professional-intellisense-blood-pressure-monitor-500x500-1.jpg","type":"image\/jpeg"}],"twitter_card":"summary_large_image","twitter_misc":{"Tiempo de lectura":"1 minuto"},"schema":{"@context":"https:\/\/schema.org","@graph":[{"@type":"WebPage","@id":"https:\/\/medsol.cl\/index.php\/producto\/monitor-de-presion-omron-907-xl-pack-rodable-kit-brazaletes\/","url":"https:\/\/medsol.cl\/index.php\/producto\/monitor-de-presion-omron-907-xl-pack-rodable-kit-brazaletes\/","name":"Monitor de Presi\u00f3n Omron 907 XL Pack Rodable + Kit Brazaletes - Med Solutions","isPartOf":{"@id":"https:\/\/medsol.cl\/#website"},"primaryImageOfPage":{"@id":"https:\/\/medsol.cl\/index.php\/producto\/monitor-de-presion-omron-907-xl-pack-rodable-kit-brazaletes\/#primaryimage"},"image":{"@id":"https:\/\/medsol.cl\/index.php\/producto\/monitor-de-presion-omron-907-xl-pack-rodable-kit-brazaletes\/#primaryimage"},"thumbnailUrl":"https:\/\/medsol.cl\/wp-content\/uploads\/2025\/07\/omron-professional-intellisense-blood-pressure-monitor-500x500-1.jpg","datePublished":"2025-07-29T15:56:15+00:00","breadcrumb":{"@id":"https:\/\/medsol.cl\/index.php\/producto\/monitor-de-presion-omron-907-xl-pack-rodable-kit-brazaletes\/#breadcrumb"},"inLanguage":"es","potentialAction":[{"@type":"ReadAction","target":["https:\/\/medsol.cl\/index.php\/producto\/monitor-de-presion-omron-907-xl-pack-rodable-kit-brazaletes\/"]}]},{"@type":"ImageObject","inLanguage":"es","@id":"https:\/\/medsol.cl\/index.php\/producto\/monitor-de-presion-omron-907-xl-pack-rodable-kit-brazaletes\/#primaryimage","url":"https:\/\/medsol.cl\/wp-content\/uploads\/2025\/07\/omron-professional-intellisense-blood-pressure-monitor-500x500-1.jpg","contentUrl":"https:\/\/medsol.cl\/wp-content\/uploads\/2025\/07\/omron-professional-intellisense-blood-pressure-monitor-500x500-1.jpg","width":500,"height":448},{"@type":"BreadcrumbList","@id":"https:\/\/medsol.cl\/index.php\/producto\/monitor-de-presion-omron-907-xl-pack-rodable-kit-brazaletes\/#breadcrumb","itemListElement":[{"@type":"ListItem","position":1,"name":"Portada","item":"https:\/\/medsol.cl\/"},{"@type":"ListItem","position":2,"name":"Tienda","item":"https:\/\/medsol.cl\/index.php\/tienda\/"},{"@type":"ListItem","position":3,"name":"Monitor de Presi\u00f3n Omron 907 XL Pack Rodable + Kit Brazaletes"}]},{"@type":"WebSite","@id":"https:\/\/medsol.cl\/#website","url":"https:\/\/medsol.cl\/","name":"Med Solutions","description":"Tu Mejor Aliado","publisher":{"@id":"https:\/\/medsol.cl\/#organization"},"potentialAction":[{"@type":"SearchAction","target":{"@type":"EntryPoint","urlTemplate":"https:\/\/medsol.cl\/?s={search_term_string}"},"query-input":{"@type":"PropertyValueSpecification","valueRequired":true,"valueName":"search_term_string"}}],"inLanguage":"es"},{"@type":"Organization","@id":"https:\/\/medsol.cl\/#organization","name":"Med Solutions","url":"https:\/\/medsol.cl\/","logo":{"@type":"ImageObject","inLanguage":"es","@id":"https:\/\/medsol.cl\/#\/schema\/logo\/image\/","url":"https:\/\/medsol.cl\/wp-content\/uploads\/2025\/07\/Logo-Med-Solutions-e1753134682177.png","contentUrl":"https:\/\/medsol.cl\/wp-content\/uploads\/2025\/07\/Logo-Med-Solutions-e1753134682177.png","width":955,"height":867,"caption":"Med Solutions"},"image":{"@id":"https:\/\/medsol.cl\/#\/schema\/logo\/image\/"}}]}},"_links":{"self":[{"href":"https:\/\/medsol.cl\/index.php\/wp-json\/wp\/v2\/product\/632","targetHints":{"allow":["GET"]}}],"collection":[{"href":"https:\/\/medsol.cl\/index.php\/wp-json\/wp\/v2\/product"}],"about":[{"href":"https:\/\/medsol.cl\/index.php\/wp-json\/wp\/v2\/types\/product"}],"replies":[{"embeddable":true,"href":"https:\/\/medsol.cl\/index.php\/wp-json\/wp\/v2\/comments?post=632"}],"wp:featuredmedia":[{"embeddable":true,"href":"https:\/\/medsol.cl\/index.php\/wp-json\/wp\/v2\/media\/635"}],"wp:attachment":[{"href":"https:\/\/medsol.cl\/index.php\/wp-json\/wp\/v2\/media?parent=632"}],"wp:term":[{"taxonomy":"product_brand","embeddable":true,"href":"https:\/\/medsol.cl\/index.php\/wp-json\/wp\/v2\/product_brand?post=632"},{"taxonomy":"product_cat","embeddable":true,"href":"https:\/\/medsol.cl\/index.php\/wp-json\/wp\/v2\/product_cat?post=632"},{"taxonomy":"product_tag","embeddable":true,"href":"https:\/\/medsol.cl\/index.php\/wp-json\/wp\/v2\/product_tag?post=632"}],"curies":[{"name":"wp","href":"https:\/\/api.w.org\/{rel}","templated":true}]}}