{"id":636,"date":"2025-07-29T15:59:11","date_gmt":"2025-07-29T15:59:11","guid":{"rendered":"https:\/\/medsol.cl\/?post_type=product&#038;p=636"},"modified":"2025-07-29T15:59:11","modified_gmt":"2025-07-29T15:59:11","slug":"camilla-de-examen-con-barandas","status":"publish","type":"product","link":"https:\/\/medsol.cl\/index.php\/producto\/camilla-de-examen-con-barandas\/","title":{"rendered":"Camilla de Examen con Barandas"},"content":{"rendered":"<p>Est\u00e1 dise\u00f1ado con lo necesario para otorgar seguridad al paciente en la toma de ex\u00e1menes, gracias a sus barandas de f\u00e1cil manejo, nuestra Mesa de Examen est\u00e1 construida con en una estructura esmaltada, con cabezal reclinable para mayor comodidad y sus barandas movibles, tapizada en Tevinil ISO CURE CERTIFICADO, Antibacteriano para su f\u00e1cil limpieza resistencia a qu\u00edmicos.<\/p>\n<p>CONSULTAR DISPONIBILIDAD<\/p>\n<p><strong>CARACTER\u00cdSTICAS<\/strong><\/p>\n<ul>\n<li>Estructura esmaltada<\/li>\n<li>Barandas importadas.<\/li>\n<li>Cabezal reclinable.<\/li>\n<li>Fabricado en Famedic.<\/li>\n<\/ul>\n<p><strong>Medidas<\/strong><\/p>\n<p>Largo: 180 cm.<\/p>\n<p>Ancho: 60 cm.<\/p>\n<p>Altura: 80 cm.<\/p>\n","protected":false},"excerpt":{"rendered":"<p>Est\u00e1 dise\u00f1ado con lo necesario para otorgar seguridad al paciente en la toma de ex\u00e1menes, gracias a sus barandas de [&hellip;]<\/p>\n","protected":false},"featured_media":637,"comment_status":"open","ping_status":"closed","template":"","meta":{"site-sidebar-layout":"default","site-content-layout":"","ast-site-content-layout":"default","site-content-style":"default","site-sidebar-style":"default","ast-global-header-display":"","ast-banner-title-visibility":"","ast-main-header-display":"","ast-hfb-above-header-display":"","ast-hfb-below-header-display":"","ast-hfb-mobile-header-display":"","site-post-title":"","ast-breadcrumbs-content":"","ast-featured-img":"","footer-sml-layout":"","theme-transparent-header-meta":"default","adv-header-id-meta":"","stick-header-meta":"","header-above-stick-meta":"","header-main-stick-meta":"","header-below-stick-meta":"","astra-migrate-meta-layouts":"set","ast-page-background-enabled":"default","ast-page-background-meta":{"desktop":{"background-color":"var(--ast-global-color-5)","background-image":"","background-repeat":"repeat","background-position":"center center","background-size":"auto","background-attachment":"scroll","background-type":"","background-media":"","overlay-type":"","overlay-color":"","overlay-opacity":"","overlay-gradient":""},"tablet":{"background-color":"","background-image":"","background-repeat":"repeat","background-position":"center center","background-size":"auto","background-attachment":"scroll","background-type":"","background-media":"","overlay-type":"","overlay-color":"","overlay-opacity":"","overlay-gradient":""},"mobile":{"background-color":"","background-image":"","background-repeat":"repeat","background-position":"center center","background-size":"auto","background-attachment":"scroll","background-type":"","background-media":"","overlay-type":"","overlay-color":"","overlay-opacity":"","overlay-gradient":""}},"ast-content-background-meta":{"desktop":{"background-color":"var(--ast-global-color-4)","background-image":"","background-repeat":"repeat","background-position":"center center","background-size":"auto","background-attachment":"scroll","background-type":"","background-media":"","overlay-type":"","overlay-color":"","overlay-opacity":"","overlay-gradient":""},"tablet":{"background-color":"var(--ast-global-color-4)","background-image":"","background-repeat":"repeat","background-position":"center center","background-size":"auto","background-attachment":"scroll","background-type":"","background-media":"","overlay-type":"","overlay-color":"","overlay-opacity":"","overlay-gradient":""},"mobile":{"background-color":"var(--ast-global-color-4)","background-image":"","background-repeat":"repeat","background-position":"center center","background-size":"auto","background-attachment":"scroll","background-type":"","background-media":"","overlay-type":"","overlay-color":"","overlay-opacity":"","overlay-gradient":""}}},"product_brand":[],"product_cat":[24],"product_tag":[],"class_list":{"0":"post-636","1":"product","2":"type-product","3":"status-publish","4":"has-post-thumbnail","6":"product_cat-mobiliario-clinico","7":"desktop-align-left","8":"tablet-align-left","9":"mobile-align-left","11":"first","12":"instock","13":"shipping-taxable","14":"product-type-simple"},"yoast_head":"<!-- This site is optimized with the Yoast SEO plugin v25.8 - https:\/\/yoast.com\/wordpress\/plugins\/seo\/ -->\n<title>Camilla de Examen con Barandas - Med Solutions<\/title>\n<meta name=\"robots\" content=\"index, follow, max-snippet:-1, max-image-preview:large, max-video-preview:-1\" \/>\n<link rel=\"canonical\" href=\"https:\/\/medsol.cl\/index.php\/producto\/camilla-de-examen-con-barandas\/\" \/>\n<meta property=\"og:locale\" content=\"es_ES\" \/>\n<meta property=\"og:type\" content=\"article\" \/>\n<meta property=\"og:title\" content=\"Camilla de Examen con Barandas - Med Solutions\" \/>\n<meta property=\"og:description\" content=\"Est\u00e1 dise\u00f1ado con lo necesario para otorgar seguridad al paciente en la toma de ex\u00e1menes, gracias a sus barandas de [&hellip;]\" \/>\n<meta property=\"og:url\" content=\"https:\/\/medsol.cl\/index.php\/producto\/camilla-de-examen-con-barandas\/\" \/>\n<meta property=\"og:site_name\" content=\"Med Solutions\" \/>\n<meta property=\"og:image\" content=\"https:\/\/medsol.cl\/wp-content\/uploads\/2025\/07\/1200.jpg\" \/>\n\t<meta property=\"og:image:width\" content=\"1200\" \/>\n\t<meta property=\"og:image:height\" content=\"1200\" \/>\n\t<meta property=\"og:image:type\" content=\"image\/jpeg\" \/>\n<meta name=\"twitter:card\" content=\"summary_large_image\" \/>\n<script type=\"application\/ld+json\" class=\"yoast-schema-graph\">{\"@context\":\"https:\/\/schema.org\",\"@graph\":[{\"@type\":\"WebPage\",\"@id\":\"https:\/\/medsol.cl\/index.php\/producto\/camilla-de-examen-con-barandas\/\",\"url\":\"https:\/\/medsol.cl\/index.php\/producto\/camilla-de-examen-con-barandas\/\",\"name\":\"Camilla de Examen con Barandas - Med Solutions\",\"isPartOf\":{\"@id\":\"https:\/\/medsol.cl\/#website\"},\"primaryImageOfPage\":{\"@id\":\"https:\/\/medsol.cl\/index.php\/producto\/camilla-de-examen-con-barandas\/#primaryimage\"},\"image\":{\"@id\":\"https:\/\/medsol.cl\/index.php\/producto\/camilla-de-examen-con-barandas\/#primaryimage\"},\"thumbnailUrl\":\"https:\/\/medsol.cl\/wp-content\/uploads\/2025\/07\/1200.jpg\",\"datePublished\":\"2025-07-29T15:59:11+00:00\",\"breadcrumb\":{\"@id\":\"https:\/\/medsol.cl\/index.php\/producto\/camilla-de-examen-con-barandas\/#breadcrumb\"},\"inLanguage\":\"es\",\"potentialAction\":[{\"@type\":\"ReadAction\",\"target\":[\"https:\/\/medsol.cl\/index.php\/producto\/camilla-de-examen-con-barandas\/\"]}]},{\"@type\":\"ImageObject\",\"inLanguage\":\"es\",\"@id\":\"https:\/\/medsol.cl\/index.php\/producto\/camilla-de-examen-con-barandas\/#primaryimage\",\"url\":\"https:\/\/medsol.cl\/wp-content\/uploads\/2025\/07\/1200.jpg\",\"contentUrl\":\"https:\/\/medsol.cl\/wp-content\/uploads\/2025\/07\/1200.jpg\",\"width\":1200,\"height\":1200},{\"@type\":\"BreadcrumbList\",\"@id\":\"https:\/\/medsol.cl\/index.php\/producto\/camilla-de-examen-con-barandas\/#breadcrumb\",\"itemListElement\":[{\"@type\":\"ListItem\",\"position\":1,\"name\":\"Portada\",\"item\":\"https:\/\/medsol.cl\/\"},{\"@type\":\"ListItem\",\"position\":2,\"name\":\"Tienda\",\"item\":\"https:\/\/medsol.cl\/index.php\/tienda\/\"},{\"@type\":\"ListItem\",\"position\":3,\"name\":\"Camilla de Examen con Barandas\"}]},{\"@type\":\"WebSite\",\"@id\":\"https:\/\/medsol.cl\/#website\",\"url\":\"https:\/\/medsol.cl\/\",\"name\":\"Med Solutions\",\"description\":\"Tu Mejor Aliado\",\"publisher\":{\"@id\":\"https:\/\/medsol.cl\/#organization\"},\"potentialAction\":[{\"@type\":\"SearchAction\",\"target\":{\"@type\":\"EntryPoint\",\"urlTemplate\":\"https:\/\/medsol.cl\/?s={search_term_string}\"},\"query-input\":{\"@type\":\"PropertyValueSpecification\",\"valueRequired\":true,\"valueName\":\"search_term_string\"}}],\"inLanguage\":\"es\"},{\"@type\":\"Organization\",\"@id\":\"https:\/\/medsol.cl\/#organization\",\"name\":\"Med Solutions\",\"url\":\"https:\/\/medsol.cl\/\",\"logo\":{\"@type\":\"ImageObject\",\"inLanguage\":\"es\",\"@id\":\"https:\/\/medsol.cl\/#\/schema\/logo\/image\/\",\"url\":\"https:\/\/medsol.cl\/wp-content\/uploads\/2025\/07\/Logo-Med-Solutions-e1753134682177.png\",\"contentUrl\":\"https:\/\/medsol.cl\/wp-content\/uploads\/2025\/07\/Logo-Med-Solutions-e1753134682177.png\",\"width\":955,\"height\":867,\"caption\":\"Med Solutions\"},\"image\":{\"@id\":\"https:\/\/medsol.cl\/#\/schema\/logo\/image\/\"}}]}<\/script>\n<!-- \/ Yoast SEO plugin. -->","yoast_head_json":{"title":"Camilla de Examen con Barandas - Med Solutions","robots":{"index":"index","follow":"follow","max-snippet":"max-snippet:-1","max-image-preview":"max-image-preview:large","max-video-preview":"max-video-preview:-1"},"canonical":"https:\/\/medsol.cl\/index.php\/producto\/camilla-de-examen-con-barandas\/","og_locale":"es_ES","og_type":"article","og_title":"Camilla de Examen con Barandas - Med Solutions","og_description":"Est\u00e1 dise\u00f1ado con lo necesario para otorgar seguridad al paciente en la toma de ex\u00e1menes, gracias a sus barandas de [&hellip;]","og_url":"https:\/\/medsol.cl\/index.php\/producto\/camilla-de-examen-con-barandas\/","og_site_name":"Med Solutions","og_image":[{"width":1200,"height":1200,"url":"https:\/\/medsol.cl\/wp-content\/uploads\/2025\/07\/1200.jpg","type":"image\/jpeg"}],"twitter_card":"summary_large_image","schema":{"@context":"https:\/\/schema.org","@graph":[{"@type":"WebPage","@id":"https:\/\/medsol.cl\/index.php\/producto\/camilla-de-examen-con-barandas\/","url":"https:\/\/medsol.cl\/index.php\/producto\/camilla-de-examen-con-barandas\/","name":"Camilla de Examen con Barandas - Med Solutions","isPartOf":{"@id":"https:\/\/medsol.cl\/#website"},"primaryImageOfPage":{"@id":"https:\/\/medsol.cl\/index.php\/producto\/camilla-de-examen-con-barandas\/#primaryimage"},"image":{"@id":"https:\/\/medsol.cl\/index.php\/producto\/camilla-de-examen-con-barandas\/#primaryimage"},"thumbnailUrl":"https:\/\/medsol.cl\/wp-content\/uploads\/2025\/07\/1200.jpg","datePublished":"2025-07-29T15:59:11+00:00","breadcrumb":{"@id":"https:\/\/medsol.cl\/index.php\/producto\/camilla-de-examen-con-barandas\/#breadcrumb"},"inLanguage":"es","potentialAction":[{"@type":"ReadAction","target":["https:\/\/medsol.cl\/index.php\/producto\/camilla-de-examen-con-barandas\/"]}]},{"@type":"ImageObject","inLanguage":"es","@id":"https:\/\/medsol.cl\/index.php\/producto\/camilla-de-examen-con-barandas\/#primaryimage","url":"https:\/\/medsol.cl\/wp-content\/uploads\/2025\/07\/1200.jpg","contentUrl":"https:\/\/medsol.cl\/wp-content\/uploads\/2025\/07\/1200.jpg","width":1200,"height":1200},{"@type":"BreadcrumbList","@id":"https:\/\/medsol.cl\/index.php\/producto\/camilla-de-examen-con-barandas\/#breadcrumb","itemListElement":[{"@type":"ListItem","position":1,"name":"Portada","item":"https:\/\/medsol.cl\/"},{"@type":"ListItem","position":2,"name":"Tienda","item":"https:\/\/medsol.cl\/index.php\/tienda\/"},{"@type":"ListItem","position":3,"name":"Camilla de Examen con Barandas"}]},{"@type":"WebSite","@id":"https:\/\/medsol.cl\/#website","url":"https:\/\/medsol.cl\/","name":"Med Solutions","description":"Tu Mejor Aliado","publisher":{"@id":"https:\/\/medsol.cl\/#organization"},"potentialAction":[{"@type":"SearchAction","target":{"@type":"EntryPoint","urlTemplate":"https:\/\/medsol.cl\/?s={search_term_string}"},"query-input":{"@type":"PropertyValueSpecification","valueRequired":true,"valueName":"search_term_string"}}],"inLanguage":"es"},{"@type":"Organization","@id":"https:\/\/medsol.cl\/#organization","name":"Med Solutions","url":"https:\/\/medsol.cl\/","logo":{"@type":"ImageObject","inLanguage":"es","@id":"https:\/\/medsol.cl\/#\/schema\/logo\/image\/","url":"https:\/\/medsol.cl\/wp-content\/uploads\/2025\/07\/Logo-Med-Solutions-e1753134682177.png","contentUrl":"https:\/\/medsol.cl\/wp-content\/uploads\/2025\/07\/Logo-Med-Solutions-e1753134682177.png","width":955,"height":867,"caption":"Med Solutions"},"image":{"@id":"https:\/\/medsol.cl\/#\/schema\/logo\/image\/"}}]}},"_links":{"self":[{"href":"https:\/\/medsol.cl\/index.php\/wp-json\/wp\/v2\/product\/636","targetHints":{"allow":["GET"]}}],"collection":[{"href":"https:\/\/medsol.cl\/index.php\/wp-json\/wp\/v2\/product"}],"about":[{"href":"https:\/\/medsol.cl\/index.php\/wp-json\/wp\/v2\/types\/product"}],"replies":[{"embeddable":true,"href":"https:\/\/medsol.cl\/index.php\/wp-json\/wp\/v2\/comments?post=636"}],"wp:featuredmedia":[{"embeddable":true,"href":"https:\/\/medsol.cl\/index.php\/wp-json\/wp\/v2\/media\/637"}],"wp:attachment":[{"href":"https:\/\/medsol.cl\/index.php\/wp-json\/wp\/v2\/media?parent=636"}],"wp:term":[{"taxonomy":"product_brand","embeddable":true,"href":"https:\/\/medsol.cl\/index.php\/wp-json\/wp\/v2\/product_brand?post=636"},{"taxonomy":"product_cat","embeddable":true,"href":"https:\/\/medsol.cl\/index.php\/wp-json\/wp\/v2\/product_cat?post=636"},{"taxonomy":"product_tag","embeddable":true,"href":"https:\/\/medsol.cl\/index.php\/wp-json\/wp\/v2\/product_tag?post=636"}],"curies":[{"name":"wp","href":"https:\/\/api.w.org\/{rel}","templated":true}]}}