{"id":70,"date":"2025-07-21T18:14:35","date_gmt":"2025-07-21T18:14:35","guid":{"rendered":"https:\/\/medsol.cl\/?post_type=product&#038;p=70"},"modified":"2025-07-23T20:18:13","modified_gmt":"2025-07-23T20:18:13","slug":"seca-217-tallimetro-de-montaje-rapido-y-alta-precision","status":"publish","type":"product","link":"https:\/\/medsol.cl\/index.php\/producto\/seca-217-tallimetro-de-montaje-rapido-y-alta-precision\/","title":{"rendered":"SECA 217 \u2013 Tall\u00edmetro de Montaje R\u00e1pido y Alta Precisi\u00f3n"},"content":{"rendered":"<p>El <strong>SECA 217<\/strong> es un <strong>tall\u00edmetro port\u00e1til de montaje fijo<\/strong> con estructura robusta de alta estabilidad. Dise\u00f1ado para <strong>mediciones precisas en adultos y ni\u00f1os<\/strong>, cuenta con una varilla met\u00e1lica con escala claramente legible y tope deslizante para la cabeza.<br \/>\n\ud83d\udd27 Se ensambla sin herramientas y es ideal para <strong>uso en consultorios, cl\u00ednicas y terreno<\/strong>.<br \/>\n\ud83d\udccf <strong>Rango de medici\u00f3n:<\/strong> 20 \u2013 205 cm<br \/>\n\ud83c\udfaf <strong>Precisi\u00f3n:<\/strong> 1 mm<\/p>\n","protected":false},"excerpt":{"rendered":"<p>El SECA 217 es un tall\u00edmetro port\u00e1til de montaje fijo con estructura robusta de alta estabilidad. Dise\u00f1ado para mediciones precisas [&hellip;]<\/p>\n","protected":false},"featured_media":71,"comment_status":"open","ping_status":"closed","template":"","meta":{"site-sidebar-layout":"default","site-content-layout":"","ast-site-content-layout":"default","site-content-style":"default","site-sidebar-style":"default","ast-global-header-display":"","ast-banner-title-visibility":"","ast-main-header-display":"","ast-hfb-above-header-display":"","ast-hfb-below-header-display":"","ast-hfb-mobile-header-display":"","site-post-title":"","ast-breadcrumbs-content":"","ast-featured-img":"","footer-sml-layout":"","theme-transparent-header-meta":"default","adv-header-id-meta":"","stick-header-meta":"","header-above-stick-meta":"","header-main-stick-meta":"","header-below-stick-meta":"","astra-migrate-meta-layouts":"set","ast-page-background-enabled":"default","ast-page-background-meta":{"desktop":{"background-color":"var(--ast-global-color-5)","background-image":"","background-repeat":"repeat","background-position":"center center","background-size":"auto","background-attachment":"scroll","background-type":"","background-media":"","overlay-type":"","overlay-color":"","overlay-opacity":"","overlay-gradient":""},"tablet":{"background-color":"","background-image":"","background-repeat":"repeat","background-position":"center center","background-size":"auto","background-attachment":"scroll","background-type":"","background-media":"","overlay-type":"","overlay-color":"","overlay-opacity":"","overlay-gradient":""},"mobile":{"background-color":"","background-image":"","background-repeat":"repeat","background-position":"center center","background-size":"auto","background-attachment":"scroll","background-type":"","background-media":"","overlay-type":"","overlay-color":"","overlay-opacity":"","overlay-gradient":""}},"ast-content-background-meta":{"desktop":{"background-color":"var(--ast-global-color-4)","background-image":"","background-repeat":"repeat","background-position":"center center","background-size":"auto","background-attachment":"scroll","background-type":"","background-media":"","overlay-type":"","overlay-color":"","overlay-opacity":"","overlay-gradient":""},"tablet":{"background-color":"var(--ast-global-color-4)","background-image":"","background-repeat":"repeat","background-position":"center center","background-size":"auto","background-attachment":"scroll","background-type":"","background-media":"","overlay-type":"","overlay-color":"","overlay-opacity":"","overlay-gradient":""},"mobile":{"background-color":"var(--ast-global-color-4)","background-image":"","background-repeat":"repeat","background-position":"center center","background-size":"auto","background-attachment":"scroll","background-type":"","background-media":"","overlay-type":"","overlay-color":"","overlay-opacity":"","overlay-gradient":""}}},"product_brand":[],"product_cat":[25],"product_tag":[],"class_list":{"0":"post-70","1":"product","2":"type-product","3":"status-publish","4":"has-post-thumbnail","6":"product_cat-equipos-medicos","7":"desktop-align-left","8":"tablet-align-left","9":"mobile-align-left","11":"first","12":"instock","13":"shipping-taxable","14":"product-type-simple"},"yoast_head":"<!-- This site is optimized with the Yoast SEO plugin v25.8 - https:\/\/yoast.com\/wordpress\/plugins\/seo\/ -->\n<title>SECA 217 \u2013 Tall\u00edmetro de Montaje R\u00e1pido y Alta Precisi\u00f3n - Med Solutions<\/title>\n<meta name=\"robots\" content=\"index, follow, max-snippet:-1, max-image-preview:large, max-video-preview:-1\" \/>\n<link rel=\"canonical\" href=\"https:\/\/medsol.cl\/index.php\/producto\/seca-217-tallimetro-de-montaje-rapido-y-alta-precision\/\" \/>\n<meta property=\"og:locale\" content=\"es_ES\" \/>\n<meta property=\"og:type\" content=\"article\" \/>\n<meta property=\"og:title\" content=\"SECA 217 \u2013 Tall\u00edmetro de Montaje R\u00e1pido y Alta Precisi\u00f3n - Med Solutions\" \/>\n<meta property=\"og:description\" content=\"El SECA 217 es un tall\u00edmetro port\u00e1til de montaje fijo con estructura robusta de alta estabilidad. Dise\u00f1ado para mediciones precisas [&hellip;]\" \/>\n<meta property=\"og:url\" content=\"https:\/\/medsol.cl\/index.php\/producto\/seca-217-tallimetro-de-montaje-rapido-y-alta-precision\/\" \/>\n<meta property=\"og:site_name\" content=\"Med Solutions\" \/>\n<meta property=\"article:modified_time\" content=\"2025-07-23T20:18:13+00:00\" \/>\n<meta property=\"og:image\" content=\"https:\/\/medsol.cl\/wp-content\/uploads\/2025\/07\/217.webp\" \/>\n\t<meta property=\"og:image:width\" content=\"1400\" \/>\n\t<meta property=\"og:image:height\" content=\"1400\" \/>\n\t<meta property=\"og:image:type\" content=\"image\/webp\" \/>\n<meta name=\"twitter:card\" content=\"summary_large_image\" \/>\n<script type=\"application\/ld+json\" class=\"yoast-schema-graph\">{\"@context\":\"https:\/\/schema.org\",\"@graph\":[{\"@type\":\"WebPage\",\"@id\":\"https:\/\/medsol.cl\/index.php\/producto\/seca-217-tallimetro-de-montaje-rapido-y-alta-precision\/\",\"url\":\"https:\/\/medsol.cl\/index.php\/producto\/seca-217-tallimetro-de-montaje-rapido-y-alta-precision\/\",\"name\":\"SECA 217 \u2013 Tall\u00edmetro de Montaje R\u00e1pido y Alta Precisi\u00f3n - Med Solutions\",\"isPartOf\":{\"@id\":\"https:\/\/medsol.cl\/#website\"},\"primaryImageOfPage\":{\"@id\":\"https:\/\/medsol.cl\/index.php\/producto\/seca-217-tallimetro-de-montaje-rapido-y-alta-precision\/#primaryimage\"},\"image\":{\"@id\":\"https:\/\/medsol.cl\/index.php\/producto\/seca-217-tallimetro-de-montaje-rapido-y-alta-precision\/#primaryimage\"},\"thumbnailUrl\":\"https:\/\/medsol.cl\/wp-content\/uploads\/2025\/07\/217.webp\",\"datePublished\":\"2025-07-21T18:14:35+00:00\",\"dateModified\":\"2025-07-23T20:18:13+00:00\",\"breadcrumb\":{\"@id\":\"https:\/\/medsol.cl\/index.php\/producto\/seca-217-tallimetro-de-montaje-rapido-y-alta-precision\/#breadcrumb\"},\"inLanguage\":\"es\",\"potentialAction\":[{\"@type\":\"ReadAction\",\"target\":[\"https:\/\/medsol.cl\/index.php\/producto\/seca-217-tallimetro-de-montaje-rapido-y-alta-precision\/\"]}]},{\"@type\":\"ImageObject\",\"inLanguage\":\"es\",\"@id\":\"https:\/\/medsol.cl\/index.php\/producto\/seca-217-tallimetro-de-montaje-rapido-y-alta-precision\/#primaryimage\",\"url\":\"https:\/\/medsol.cl\/wp-content\/uploads\/2025\/07\/217.webp\",\"contentUrl\":\"https:\/\/medsol.cl\/wp-content\/uploads\/2025\/07\/217.webp\",\"width\":1400,\"height\":1400},{\"@type\":\"BreadcrumbList\",\"@id\":\"https:\/\/medsol.cl\/index.php\/producto\/seca-217-tallimetro-de-montaje-rapido-y-alta-precision\/#breadcrumb\",\"itemListElement\":[{\"@type\":\"ListItem\",\"position\":1,\"name\":\"Portada\",\"item\":\"https:\/\/medsol.cl\/\"},{\"@type\":\"ListItem\",\"position\":2,\"name\":\"Tienda\",\"item\":\"https:\/\/medsol.cl\/index.php\/tienda\/\"},{\"@type\":\"ListItem\",\"position\":3,\"name\":\"SECA 217 \u2013 Tall\u00edmetro de Montaje R\u00e1pido y Alta Precisi\u00f3n\"}]},{\"@type\":\"WebSite\",\"@id\":\"https:\/\/medsol.cl\/#website\",\"url\":\"https:\/\/medsol.cl\/\",\"name\":\"Med Solutions\",\"description\":\"Tu Mejor Aliado\",\"publisher\":{\"@id\":\"https:\/\/medsol.cl\/#organization\"},\"potentialAction\":[{\"@type\":\"SearchAction\",\"target\":{\"@type\":\"EntryPoint\",\"urlTemplate\":\"https:\/\/medsol.cl\/?s={search_term_string}\"},\"query-input\":{\"@type\":\"PropertyValueSpecification\",\"valueRequired\":true,\"valueName\":\"search_term_string\"}}],\"inLanguage\":\"es\"},{\"@type\":\"Organization\",\"@id\":\"https:\/\/medsol.cl\/#organization\",\"name\":\"Med Solutions\",\"url\":\"https:\/\/medsol.cl\/\",\"logo\":{\"@type\":\"ImageObject\",\"inLanguage\":\"es\",\"@id\":\"https:\/\/medsol.cl\/#\/schema\/logo\/image\/\",\"url\":\"https:\/\/medsol.cl\/wp-content\/uploads\/2025\/07\/Logo-Med-Solutions-e1753134682177.png\",\"contentUrl\":\"https:\/\/medsol.cl\/wp-content\/uploads\/2025\/07\/Logo-Med-Solutions-e1753134682177.png\",\"width\":955,\"height\":867,\"caption\":\"Med Solutions\"},\"image\":{\"@id\":\"https:\/\/medsol.cl\/#\/schema\/logo\/image\/\"}}]}<\/script>\n<!-- \/ Yoast SEO plugin. -->","yoast_head_json":{"title":"SECA 217 \u2013 Tall\u00edmetro de Montaje R\u00e1pido y Alta Precisi\u00f3n - Med Solutions","robots":{"index":"index","follow":"follow","max-snippet":"max-snippet:-1","max-image-preview":"max-image-preview:large","max-video-preview":"max-video-preview:-1"},"canonical":"https:\/\/medsol.cl\/index.php\/producto\/seca-217-tallimetro-de-montaje-rapido-y-alta-precision\/","og_locale":"es_ES","og_type":"article","og_title":"SECA 217 \u2013 Tall\u00edmetro de Montaje R\u00e1pido y Alta Precisi\u00f3n - Med Solutions","og_description":"El SECA 217 es un tall\u00edmetro port\u00e1til de montaje fijo con estructura robusta de alta estabilidad. Dise\u00f1ado para mediciones precisas [&hellip;]","og_url":"https:\/\/medsol.cl\/index.php\/producto\/seca-217-tallimetro-de-montaje-rapido-y-alta-precision\/","og_site_name":"Med Solutions","article_modified_time":"2025-07-23T20:18:13+00:00","og_image":[{"width":1400,"height":1400,"url":"https:\/\/medsol.cl\/wp-content\/uploads\/2025\/07\/217.webp","type":"image\/webp"}],"twitter_card":"summary_large_image","schema":{"@context":"https:\/\/schema.org","@graph":[{"@type":"WebPage","@id":"https:\/\/medsol.cl\/index.php\/producto\/seca-217-tallimetro-de-montaje-rapido-y-alta-precision\/","url":"https:\/\/medsol.cl\/index.php\/producto\/seca-217-tallimetro-de-montaje-rapido-y-alta-precision\/","name":"SECA 217 \u2013 Tall\u00edmetro de Montaje R\u00e1pido y Alta Precisi\u00f3n - Med Solutions","isPartOf":{"@id":"https:\/\/medsol.cl\/#website"},"primaryImageOfPage":{"@id":"https:\/\/medsol.cl\/index.php\/producto\/seca-217-tallimetro-de-montaje-rapido-y-alta-precision\/#primaryimage"},"image":{"@id":"https:\/\/medsol.cl\/index.php\/producto\/seca-217-tallimetro-de-montaje-rapido-y-alta-precision\/#primaryimage"},"thumbnailUrl":"https:\/\/medsol.cl\/wp-content\/uploads\/2025\/07\/217.webp","datePublished":"2025-07-21T18:14:35+00:00","dateModified":"2025-07-23T20:18:13+00:00","breadcrumb":{"@id":"https:\/\/medsol.cl\/index.php\/producto\/seca-217-tallimetro-de-montaje-rapido-y-alta-precision\/#breadcrumb"},"inLanguage":"es","potentialAction":[{"@type":"ReadAction","target":["https:\/\/medsol.cl\/index.php\/producto\/seca-217-tallimetro-de-montaje-rapido-y-alta-precision\/"]}]},{"@type":"ImageObject","inLanguage":"es","@id":"https:\/\/medsol.cl\/index.php\/producto\/seca-217-tallimetro-de-montaje-rapido-y-alta-precision\/#primaryimage","url":"https:\/\/medsol.cl\/wp-content\/uploads\/2025\/07\/217.webp","contentUrl":"https:\/\/medsol.cl\/wp-content\/uploads\/2025\/07\/217.webp","width":1400,"height":1400},{"@type":"BreadcrumbList","@id":"https:\/\/medsol.cl\/index.php\/producto\/seca-217-tallimetro-de-montaje-rapido-y-alta-precision\/#breadcrumb","itemListElement":[{"@type":"ListItem","position":1,"name":"Portada","item":"https:\/\/medsol.cl\/"},{"@type":"ListItem","position":2,"name":"Tienda","item":"https:\/\/medsol.cl\/index.php\/tienda\/"},{"@type":"ListItem","position":3,"name":"SECA 217 \u2013 Tall\u00edmetro de Montaje R\u00e1pido y Alta Precisi\u00f3n"}]},{"@type":"WebSite","@id":"https:\/\/medsol.cl\/#website","url":"https:\/\/medsol.cl\/","name":"Med Solutions","description":"Tu Mejor Aliado","publisher":{"@id":"https:\/\/medsol.cl\/#organization"},"potentialAction":[{"@type":"SearchAction","target":{"@type":"EntryPoint","urlTemplate":"https:\/\/medsol.cl\/?s={search_term_string}"},"query-input":{"@type":"PropertyValueSpecification","valueRequired":true,"valueName":"search_term_string"}}],"inLanguage":"es"},{"@type":"Organization","@id":"https:\/\/medsol.cl\/#organization","name":"Med Solutions","url":"https:\/\/medsol.cl\/","logo":{"@type":"ImageObject","inLanguage":"es","@id":"https:\/\/medsol.cl\/#\/schema\/logo\/image\/","url":"https:\/\/medsol.cl\/wp-content\/uploads\/2025\/07\/Logo-Med-Solutions-e1753134682177.png","contentUrl":"https:\/\/medsol.cl\/wp-content\/uploads\/2025\/07\/Logo-Med-Solutions-e1753134682177.png","width":955,"height":867,"caption":"Med Solutions"},"image":{"@id":"https:\/\/medsol.cl\/#\/schema\/logo\/image\/"}}]}},"_links":{"self":[{"href":"https:\/\/medsol.cl\/index.php\/wp-json\/wp\/v2\/product\/70","targetHints":{"allow":["GET"]}}],"collection":[{"href":"https:\/\/medsol.cl\/index.php\/wp-json\/wp\/v2\/product"}],"about":[{"href":"https:\/\/medsol.cl\/index.php\/wp-json\/wp\/v2\/types\/product"}],"replies":[{"embeddable":true,"href":"https:\/\/medsol.cl\/index.php\/wp-json\/wp\/v2\/comments?post=70"}],"wp:featuredmedia":[{"embeddable":true,"href":"https:\/\/medsol.cl\/index.php\/wp-json\/wp\/v2\/media\/71"}],"wp:attachment":[{"href":"https:\/\/medsol.cl\/index.php\/wp-json\/wp\/v2\/media?parent=70"}],"wp:term":[{"taxonomy":"product_brand","embeddable":true,"href":"https:\/\/medsol.cl\/index.php\/wp-json\/wp\/v2\/product_brand?post=70"},{"taxonomy":"product_cat","embeddable":true,"href":"https:\/\/medsol.cl\/index.php\/wp-json\/wp\/v2\/product_cat?post=70"},{"taxonomy":"product_tag","embeddable":true,"href":"https:\/\/medsol.cl\/index.php\/wp-json\/wp\/v2\/product_tag?post=70"}],"curies":[{"name":"wp","href":"https:\/\/api.w.org\/{rel}","templated":true}]}}