{"id":86,"date":"2025-07-21T19:34:23","date_gmt":"2025-07-21T19:34:23","guid":{"rendered":"https:\/\/medsol.cl\/?post_type=product&#038;p=86"},"modified":"2025-07-23T20:16:58","modified_gmt":"2025-07-23T20:16:58","slug":"bomba-aspira-30-litros","status":"publish","type":"product","link":"https:\/\/medsol.cl\/index.php\/producto\/bomba-aspira-30-litros\/","title":{"rendered":"Bomba de Aspiraci\u00f3n Port\u00e1til Aspira Go 30 Litros"},"content":{"rendered":"<p>Aspirador port\u00e1til profesional para aspiraci\u00f3n far\u00edngea, alimentado por bater\u00eda, para uso m\u00e9dico y quir\u00fargico en instalaciones sanitarias, como hospitales y para cuidados domiciliarios.<\/p>\n<p>Bomba de succi\u00f3n\/aspiraci\u00f3n port\u00e1til de dise\u00f1o compacto y liviana (2,5 Kg), flujo de aire 30 lpm. Puede conectarse a la corriente alterna, bater\u00eda o cargador de autom\u00f3vil. Rango de vac\u00edo ajustable de -0,10 a -0,85 bar aprox. Duraci\u00f3n de bater\u00eda: 45 min aprox. Uso 30 min ON \u2013 30 min OFF. Certificaci\u00f3n ISO 10079-1 y CE.<\/p>\n<ul>\n<li>Sistema ASPICOMFORT patentado para un control preciso del nivel de succi\u00f3n<\/li>\n<li>Soporte de jarra patentado: flexible, estable, f\u00e1cil de limpiar<\/li>\n<li>Hecho en Italia<\/li>\n<li>Silenciosa<\/li>\n<li>Soporte frasco (1 incluido)<\/li>\n<\/ul>\n","protected":false},"excerpt":{"rendered":"<p>Aspirador port\u00e1til profesional para aspiraci\u00f3n far\u00edngea, alimentado por bater\u00eda, para uso m\u00e9dico y quir\u00fargico en instalaciones sanitarias, como hospitales y [&hellip;]<\/p>\n","protected":false},"featured_media":87,"comment_status":"open","ping_status":"closed","template":"","meta":{"site-sidebar-layout":"default","site-content-layout":"","ast-site-content-layout":"default","site-content-style":"default","site-sidebar-style":"default","ast-global-header-display":"","ast-banner-title-visibility":"","ast-main-header-display":"","ast-hfb-above-header-display":"","ast-hfb-below-header-display":"","ast-hfb-mobile-header-display":"","site-post-title":"","ast-breadcrumbs-content":"","ast-featured-img":"","footer-sml-layout":"","theme-transparent-header-meta":"default","adv-header-id-meta":"","stick-header-meta":"","header-above-stick-meta":"","header-main-stick-meta":"","header-below-stick-meta":"","astra-migrate-meta-layouts":"set","ast-page-background-enabled":"default","ast-page-background-meta":{"desktop":{"background-color":"var(--ast-global-color-5)","background-image":"","background-repeat":"repeat","background-position":"center center","background-size":"auto","background-attachment":"scroll","background-type":"","background-media":"","overlay-type":"","overlay-color":"","overlay-opacity":"","overlay-gradient":""},"tablet":{"background-color":"","background-image":"","background-repeat":"repeat","background-position":"center center","background-size":"auto","background-attachment":"scroll","background-type":"","background-media":"","overlay-type":"","overlay-color":"","overlay-opacity":"","overlay-gradient":""},"mobile":{"background-color":"","background-image":"","background-repeat":"repeat","background-position":"center center","background-size":"auto","background-attachment":"scroll","background-type":"","background-media":"","overlay-type":"","overlay-color":"","overlay-opacity":"","overlay-gradient":""}},"ast-content-background-meta":{"desktop":{"background-color":"var(--ast-global-color-4)","background-image":"","background-repeat":"repeat","background-position":"center center","background-size":"auto","background-attachment":"scroll","background-type":"","background-media":"","overlay-type":"","overlay-color":"","overlay-opacity":"","overlay-gradient":""},"tablet":{"background-color":"var(--ast-global-color-4)","background-image":"","background-repeat":"repeat","background-position":"center center","background-size":"auto","background-attachment":"scroll","background-type":"","background-media":"","overlay-type":"","overlay-color":"","overlay-opacity":"","overlay-gradient":""},"mobile":{"background-color":"var(--ast-global-color-4)","background-image":"","background-repeat":"repeat","background-position":"center center","background-size":"auto","background-attachment":"scroll","background-type":"","background-media":"","overlay-type":"","overlay-color":"","overlay-opacity":"","overlay-gradient":""}}},"product_brand":[],"product_cat":[25],"product_tag":[],"class_list":{"0":"post-86","1":"product","2":"type-product","3":"status-publish","4":"has-post-thumbnail","6":"product_cat-equipos-medicos","7":"desktop-align-left","8":"tablet-align-left","9":"mobile-align-left","11":"first","12":"instock","13":"shipping-taxable","14":"product-type-simple"},"yoast_head":"<!-- This site is optimized with the Yoast SEO plugin v25.8 - https:\/\/yoast.com\/wordpress\/plugins\/seo\/ -->\n<title>Bomba de Aspiraci\u00f3n Port\u00e1til Aspira Go 30 Litros - Med Solutions<\/title>\n<meta name=\"robots\" content=\"index, follow, max-snippet:-1, max-image-preview:large, max-video-preview:-1\" \/>\n<link rel=\"canonical\" href=\"https:\/\/medsol.cl\/index.php\/producto\/bomba-aspira-30-litros\/\" \/>\n<meta property=\"og:locale\" content=\"es_ES\" \/>\n<meta property=\"og:type\" content=\"article\" \/>\n<meta property=\"og:title\" content=\"Bomba de Aspiraci\u00f3n Port\u00e1til Aspira Go 30 Litros - Med Solutions\" \/>\n<meta property=\"og:description\" content=\"Aspirador port\u00e1til profesional para aspiraci\u00f3n far\u00edngea, alimentado por bater\u00eda, para uso m\u00e9dico y quir\u00fargico en instalaciones sanitarias, como hospitales y [&hellip;]\" \/>\n<meta property=\"og:url\" content=\"https:\/\/medsol.cl\/index.php\/producto\/bomba-aspira-30-litros\/\" \/>\n<meta property=\"og:site_name\" content=\"Med Solutions\" \/>\n<meta property=\"article:modified_time\" content=\"2025-07-23T20:16:58+00:00\" \/>\n<meta property=\"og:image\" content=\"https:\/\/medsol.cl\/wp-content\/uploads\/2025\/07\/BOMBA-ASPIRA-GO-30.jpg\" \/>\n\t<meta property=\"og:image:width\" content=\"2123\" \/>\n\t<meta property=\"og:image:height\" content=\"1308\" \/>\n\t<meta property=\"og:image:type\" content=\"image\/jpeg\" \/>\n<meta name=\"twitter:card\" content=\"summary_large_image\" \/>\n<meta name=\"twitter:label1\" content=\"Tiempo de lectura\" \/>\n\t<meta name=\"twitter:data1\" content=\"1 minuto\" \/>\n<script type=\"application\/ld+json\" class=\"yoast-schema-graph\">{\"@context\":\"https:\/\/schema.org\",\"@graph\":[{\"@type\":\"WebPage\",\"@id\":\"https:\/\/medsol.cl\/index.php\/producto\/bomba-aspira-30-litros\/\",\"url\":\"https:\/\/medsol.cl\/index.php\/producto\/bomba-aspira-30-litros\/\",\"name\":\"Bomba de Aspiraci\u00f3n Port\u00e1til Aspira Go 30 Litros - Med Solutions\",\"isPartOf\":{\"@id\":\"https:\/\/medsol.cl\/#website\"},\"primaryImageOfPage\":{\"@id\":\"https:\/\/medsol.cl\/index.php\/producto\/bomba-aspira-30-litros\/#primaryimage\"},\"image\":{\"@id\":\"https:\/\/medsol.cl\/index.php\/producto\/bomba-aspira-30-litros\/#primaryimage\"},\"thumbnailUrl\":\"https:\/\/medsol.cl\/wp-content\/uploads\/2025\/07\/BOMBA-ASPIRA-GO-30.jpg\",\"datePublished\":\"2025-07-21T19:34:23+00:00\",\"dateModified\":\"2025-07-23T20:16:58+00:00\",\"breadcrumb\":{\"@id\":\"https:\/\/medsol.cl\/index.php\/producto\/bomba-aspira-30-litros\/#breadcrumb\"},\"inLanguage\":\"es\",\"potentialAction\":[{\"@type\":\"ReadAction\",\"target\":[\"https:\/\/medsol.cl\/index.php\/producto\/bomba-aspira-30-litros\/\"]}]},{\"@type\":\"ImageObject\",\"inLanguage\":\"es\",\"@id\":\"https:\/\/medsol.cl\/index.php\/producto\/bomba-aspira-30-litros\/#primaryimage\",\"url\":\"https:\/\/medsol.cl\/wp-content\/uploads\/2025\/07\/BOMBA-ASPIRA-GO-30.jpg\",\"contentUrl\":\"https:\/\/medsol.cl\/wp-content\/uploads\/2025\/07\/BOMBA-ASPIRA-GO-30.jpg\",\"width\":2123,\"height\":1308},{\"@type\":\"BreadcrumbList\",\"@id\":\"https:\/\/medsol.cl\/index.php\/producto\/bomba-aspira-30-litros\/#breadcrumb\",\"itemListElement\":[{\"@type\":\"ListItem\",\"position\":1,\"name\":\"Portada\",\"item\":\"https:\/\/medsol.cl\/\"},{\"@type\":\"ListItem\",\"position\":2,\"name\":\"Tienda\",\"item\":\"https:\/\/medsol.cl\/index.php\/tienda\/\"},{\"@type\":\"ListItem\",\"position\":3,\"name\":\"Bomba de Aspiraci\u00f3n Port\u00e1til Aspira Go 30 Litros\"}]},{\"@type\":\"WebSite\",\"@id\":\"https:\/\/medsol.cl\/#website\",\"url\":\"https:\/\/medsol.cl\/\",\"name\":\"Med Solutions\",\"description\":\"Tu Mejor Aliado\",\"publisher\":{\"@id\":\"https:\/\/medsol.cl\/#organization\"},\"potentialAction\":[{\"@type\":\"SearchAction\",\"target\":{\"@type\":\"EntryPoint\",\"urlTemplate\":\"https:\/\/medsol.cl\/?s={search_term_string}\"},\"query-input\":{\"@type\":\"PropertyValueSpecification\",\"valueRequired\":true,\"valueName\":\"search_term_string\"}}],\"inLanguage\":\"es\"},{\"@type\":\"Organization\",\"@id\":\"https:\/\/medsol.cl\/#organization\",\"name\":\"Med Solutions\",\"url\":\"https:\/\/medsol.cl\/\",\"logo\":{\"@type\":\"ImageObject\",\"inLanguage\":\"es\",\"@id\":\"https:\/\/medsol.cl\/#\/schema\/logo\/image\/\",\"url\":\"https:\/\/medsol.cl\/wp-content\/uploads\/2025\/07\/Logo-Med-Solutions-e1753134682177.png\",\"contentUrl\":\"https:\/\/medsol.cl\/wp-content\/uploads\/2025\/07\/Logo-Med-Solutions-e1753134682177.png\",\"width\":955,\"height\":867,\"caption\":\"Med Solutions\"},\"image\":{\"@id\":\"https:\/\/medsol.cl\/#\/schema\/logo\/image\/\"}}]}<\/script>\n<!-- \/ Yoast SEO plugin. -->","yoast_head_json":{"title":"Bomba de Aspiraci\u00f3n Port\u00e1til Aspira Go 30 Litros - Med Solutions","robots":{"index":"index","follow":"follow","max-snippet":"max-snippet:-1","max-image-preview":"max-image-preview:large","max-video-preview":"max-video-preview:-1"},"canonical":"https:\/\/medsol.cl\/index.php\/producto\/bomba-aspira-30-litros\/","og_locale":"es_ES","og_type":"article","og_title":"Bomba de Aspiraci\u00f3n Port\u00e1til Aspira Go 30 Litros - Med Solutions","og_description":"Aspirador port\u00e1til profesional para aspiraci\u00f3n far\u00edngea, alimentado por bater\u00eda, para uso m\u00e9dico y quir\u00fargico en instalaciones sanitarias, como hospitales y [&hellip;]","og_url":"https:\/\/medsol.cl\/index.php\/producto\/bomba-aspira-30-litros\/","og_site_name":"Med Solutions","article_modified_time":"2025-07-23T20:16:58+00:00","og_image":[{"width":2123,"height":1308,"url":"https:\/\/medsol.cl\/wp-content\/uploads\/2025\/07\/BOMBA-ASPIRA-GO-30.jpg","type":"image\/jpeg"}],"twitter_card":"summary_large_image","twitter_misc":{"Tiempo de lectura":"1 minuto"},"schema":{"@context":"https:\/\/schema.org","@graph":[{"@type":"WebPage","@id":"https:\/\/medsol.cl\/index.php\/producto\/bomba-aspira-30-litros\/","url":"https:\/\/medsol.cl\/index.php\/producto\/bomba-aspira-30-litros\/","name":"Bomba de Aspiraci\u00f3n Port\u00e1til Aspira Go 30 Litros - Med Solutions","isPartOf":{"@id":"https:\/\/medsol.cl\/#website"},"primaryImageOfPage":{"@id":"https:\/\/medsol.cl\/index.php\/producto\/bomba-aspira-30-litros\/#primaryimage"},"image":{"@id":"https:\/\/medsol.cl\/index.php\/producto\/bomba-aspira-30-litros\/#primaryimage"},"thumbnailUrl":"https:\/\/medsol.cl\/wp-content\/uploads\/2025\/07\/BOMBA-ASPIRA-GO-30.jpg","datePublished":"2025-07-21T19:34:23+00:00","dateModified":"2025-07-23T20:16:58+00:00","breadcrumb":{"@id":"https:\/\/medsol.cl\/index.php\/producto\/bomba-aspira-30-litros\/#breadcrumb"},"inLanguage":"es","potentialAction":[{"@type":"ReadAction","target":["https:\/\/medsol.cl\/index.php\/producto\/bomba-aspira-30-litros\/"]}]},{"@type":"ImageObject","inLanguage":"es","@id":"https:\/\/medsol.cl\/index.php\/producto\/bomba-aspira-30-litros\/#primaryimage","url":"https:\/\/medsol.cl\/wp-content\/uploads\/2025\/07\/BOMBA-ASPIRA-GO-30.jpg","contentUrl":"https:\/\/medsol.cl\/wp-content\/uploads\/2025\/07\/BOMBA-ASPIRA-GO-30.jpg","width":2123,"height":1308},{"@type":"BreadcrumbList","@id":"https:\/\/medsol.cl\/index.php\/producto\/bomba-aspira-30-litros\/#breadcrumb","itemListElement":[{"@type":"ListItem","position":1,"name":"Portada","item":"https:\/\/medsol.cl\/"},{"@type":"ListItem","position":2,"name":"Tienda","item":"https:\/\/medsol.cl\/index.php\/tienda\/"},{"@type":"ListItem","position":3,"name":"Bomba de Aspiraci\u00f3n Port\u00e1til Aspira Go 30 Litros"}]},{"@type":"WebSite","@id":"https:\/\/medsol.cl\/#website","url":"https:\/\/medsol.cl\/","name":"Med Solutions","description":"Tu Mejor Aliado","publisher":{"@id":"https:\/\/medsol.cl\/#organization"},"potentialAction":[{"@type":"SearchAction","target":{"@type":"EntryPoint","urlTemplate":"https:\/\/medsol.cl\/?s={search_term_string}"},"query-input":{"@type":"PropertyValueSpecification","valueRequired":true,"valueName":"search_term_string"}}],"inLanguage":"es"},{"@type":"Organization","@id":"https:\/\/medsol.cl\/#organization","name":"Med Solutions","url":"https:\/\/medsol.cl\/","logo":{"@type":"ImageObject","inLanguage":"es","@id":"https:\/\/medsol.cl\/#\/schema\/logo\/image\/","url":"https:\/\/medsol.cl\/wp-content\/uploads\/2025\/07\/Logo-Med-Solutions-e1753134682177.png","contentUrl":"https:\/\/medsol.cl\/wp-content\/uploads\/2025\/07\/Logo-Med-Solutions-e1753134682177.png","width":955,"height":867,"caption":"Med Solutions"},"image":{"@id":"https:\/\/medsol.cl\/#\/schema\/logo\/image\/"}}]}},"_links":{"self":[{"href":"https:\/\/medsol.cl\/index.php\/wp-json\/wp\/v2\/product\/86","targetHints":{"allow":["GET"]}}],"collection":[{"href":"https:\/\/medsol.cl\/index.php\/wp-json\/wp\/v2\/product"}],"about":[{"href":"https:\/\/medsol.cl\/index.php\/wp-json\/wp\/v2\/types\/product"}],"replies":[{"embeddable":true,"href":"https:\/\/medsol.cl\/index.php\/wp-json\/wp\/v2\/comments?post=86"}],"wp:featuredmedia":[{"embeddable":true,"href":"https:\/\/medsol.cl\/index.php\/wp-json\/wp\/v2\/media\/87"}],"wp:attachment":[{"href":"https:\/\/medsol.cl\/index.php\/wp-json\/wp\/v2\/media?parent=86"}],"wp:term":[{"taxonomy":"product_brand","embeddable":true,"href":"https:\/\/medsol.cl\/index.php\/wp-json\/wp\/v2\/product_brand?post=86"},{"taxonomy":"product_cat","embeddable":true,"href":"https:\/\/medsol.cl\/index.php\/wp-json\/wp\/v2\/product_cat?post=86"},{"taxonomy":"product_tag","embeddable":true,"href":"https:\/\/medsol.cl\/index.php\/wp-json\/wp\/v2\/product_tag?post=86"}],"curies":[{"name":"wp","href":"https:\/\/api.w.org\/{rel}","templated":true}]}}