{"id":91,"date":"2025-07-21T20:33:54","date_gmt":"2025-07-21T20:33:54","guid":{"rendered":"https:\/\/medsol.cl\/?post_type=product&#038;p=91"},"modified":"2025-07-23T20:17:24","modified_gmt":"2025-07-23T20:17:24","slug":"colchon-clinico-med-home","status":"publish","type":"product","link":"https:\/\/medsol.cl\/index.php\/producto\/colchon-clinico-med-home\/","title":{"rendered":"Colch\u00f3n Cl\u00ednico Med Home"},"content":{"rendered":"<p>El Colch\u00f3n Cl\u00ednico Med Home para catre es perfecto para ti. Hecho de un material impermeable y una tela Oxford lavable, este colch\u00f3n es duradero y f\u00e1cil de mantener. Espuma de 8cm de espesor y dimensiones de 192cm de largo, 83cm de ancho y 8cm de alto, este colch\u00f3n es c\u00f3modo y se puede plegar hasta en 4 pliegues para un f\u00e1cil almacenamiento y los cuales se ajustan al movimiento de camas cl\u00ednicas, tanto el\u00e9ctricas como manuales.<\/p>\n<p>&nbsp;<\/p>\n<p>COLCHON MEDHOME<\/p>\n<ul>\n<li>C\u00f3digo<\/li>\n<\/ul>\n<p>780642763254-0<\/p>\n<ul>\n<li>Componentes del Mixto<\/li>\n<\/ul>\n<p>Colch\u00f3n MedHome<\/p>\n<ul>\n<li>Modelo<\/li>\n<\/ul>\n<p>MedHome<\/p>\n<ul>\n<li>Plazaje<\/li>\n<\/ul>\n<p>83x192x8<\/p>\n<ul>\n<li>Beneficios\/Atributos<\/li>\n<\/ul>\n<p>Colch\u00f3n MedHome de 8 cent\u00edmetros de espesor, relleno de espuma D21 de alta densidad.<\/p>\n<ul>\n<li>Performance<\/li>\n<\/ul>\n<p>Cuenta con 4 secciones, los cuales se ajustan al movimiento de camas cl\u00ednicas, tanto el\u00e9ctrica como manuales, Funda f\u00e1cilmente removible, lavable, repelente al agua e incluye respiraderos y cierre.<\/p>\n<ul>\n<li>FT Colch\u00f3n<\/li>\n<\/ul>\n<p>COLCHON MEDHOME 0.83 X 1.92 X 0.08 MTS<\/p>\n<ul>\n<li>Tipo de Cubierta<\/li>\n<\/ul>\n<p>Cubierta es f\u00e1cilmente removible, lavable, repelente al agua e incluye respiraderos y cierre.<\/p>\n<ul>\n<li>Lados de Uso<\/li>\n<\/ul>\n<p>One side<\/p>\n<ul>\n<li>Tipo de Tela<\/li>\n<\/ul>\n<p>Tela Oxford lavable, repelente al agua e incluye respiraderos y cierre.<\/p>\n<ul>\n<li>Relleno del Caj\u00f3n<\/li>\n<\/ul>\n<p>Colch\u00f3n MedHome Secciones de espumas de 8 cent\u00edmetros de espesor, relleno de espuma D21 de alta densidad.<\/p>\n<ul>\n<li>Largo<\/li>\n<\/ul>\n<p>192 Cm.<\/p>\n<ul>\n<li>Ancho<\/li>\n<\/ul>\n<p>83 Cm.<\/p>\n<ul>\n<li>Alto<\/li>\n<\/ul>\n<p>8 Cm.<\/p>\n<ul>\n<li>Peso (kg)<\/li>\n<\/ul>\n<p>5 Kg,<\/p>\n<ul>\n<li>Garant\u00eda sobre Rellenos, Telas y otros Componentes del mixto<\/li>\n<\/ul>\n<p>Colch\u00f3n MedHome, Garant\u00eda 6 meses<\/p>\n","protected":false},"excerpt":{"rendered":"<p>El Colch\u00f3n Cl\u00ednico Med Home para catre es perfecto para ti. Hecho de un material impermeable y una tela Oxford [&hellip;]<\/p>\n","protected":false},"featured_media":92,"comment_status":"open","ping_status":"closed","template":"","meta":{"site-sidebar-layout":"default","site-content-layout":"","ast-site-content-layout":"default","site-content-style":"default","site-sidebar-style":"default","ast-global-header-display":"","ast-banner-title-visibility":"","ast-main-header-display":"","ast-hfb-above-header-display":"","ast-hfb-below-header-display":"","ast-hfb-mobile-header-display":"","site-post-title":"","ast-breadcrumbs-content":"","ast-featured-img":"","footer-sml-layout":"","theme-transparent-header-meta":"default","adv-header-id-meta":"","stick-header-meta":"","header-above-stick-meta":"","header-main-stick-meta":"","header-below-stick-meta":"","astra-migrate-meta-layouts":"set","ast-page-background-enabled":"default","ast-page-background-meta":{"desktop":{"background-color":"var(--ast-global-color-5)","background-image":"","background-repeat":"repeat","background-position":"center center","background-size":"auto","background-attachment":"scroll","background-type":"","background-media":"","overlay-type":"","overlay-color":"","overlay-opacity":"","overlay-gradient":""},"tablet":{"background-color":"","background-image":"","background-repeat":"repeat","background-position":"center center","background-size":"auto","background-attachment":"scroll","background-type":"","background-media":"","overlay-type":"","overlay-color":"","overlay-opacity":"","overlay-gradient":""},"mobile":{"background-color":"","background-image":"","background-repeat":"repeat","background-position":"center center","background-size":"auto","background-attachment":"scroll","background-type":"","background-media":"","overlay-type":"","overlay-color":"","overlay-opacity":"","overlay-gradient":""}},"ast-content-background-meta":{"desktop":{"background-color":"var(--ast-global-color-4)","background-image":"","background-repeat":"repeat","background-position":"center center","background-size":"auto","background-attachment":"scroll","background-type":"","background-media":"","overlay-type":"","overlay-color":"","overlay-opacity":"","overlay-gradient":""},"tablet":{"background-color":"var(--ast-global-color-4)","background-image":"","background-repeat":"repeat","background-position":"center center","background-size":"auto","background-attachment":"scroll","background-type":"","background-media":"","overlay-type":"","overlay-color":"","overlay-opacity":"","overlay-gradient":""},"mobile":{"background-color":"var(--ast-global-color-4)","background-image":"","background-repeat":"repeat","background-position":"center center","background-size":"auto","background-attachment":"scroll","background-type":"","background-media":"","overlay-type":"","overlay-color":"","overlay-opacity":"","overlay-gradient":""}}},"product_brand":[],"product_cat":[24],"product_tag":[],"class_list":{"0":"post-91","1":"product","2":"type-product","3":"status-publish","4":"has-post-thumbnail","6":"product_cat-mobiliario-clinico","7":"desktop-align-left","8":"tablet-align-left","9":"mobile-align-left","11":"first","12":"instock","13":"shipping-taxable","14":"product-type-simple"},"yoast_head":"<!-- This site is optimized with the Yoast SEO plugin v25.8 - https:\/\/yoast.com\/wordpress\/plugins\/seo\/ -->\n<title>Colch\u00f3n Cl\u00ednico Med Home - Med Solutions<\/title>\n<meta name=\"robots\" content=\"index, follow, max-snippet:-1, max-image-preview:large, max-video-preview:-1\" \/>\n<link rel=\"canonical\" href=\"https:\/\/medsol.cl\/index.php\/producto\/colchon-clinico-med-home\/\" \/>\n<meta property=\"og:locale\" content=\"es_ES\" \/>\n<meta property=\"og:type\" content=\"article\" \/>\n<meta property=\"og:title\" content=\"Colch\u00f3n Cl\u00ednico Med Home - Med Solutions\" \/>\n<meta property=\"og:description\" content=\"El Colch\u00f3n Cl\u00ednico Med Home para catre es perfecto para ti. Hecho de un material impermeable y una tela Oxford [&hellip;]\" \/>\n<meta property=\"og:url\" content=\"https:\/\/medsol.cl\/index.php\/producto\/colchon-clinico-med-home\/\" \/>\n<meta property=\"og:site_name\" content=\"Med Solutions\" \/>\n<meta property=\"article:modified_time\" content=\"2025-07-23T20:17:24+00:00\" \/>\n<meta property=\"og:image\" content=\"https:\/\/medsol.cl\/wp-content\/uploads\/2025\/07\/colchon-med-home-01.jpg\" \/>\n\t<meta property=\"og:image:width\" content=\"1000\" \/>\n\t<meta property=\"og:image:height\" content=\"1000\" \/>\n\t<meta property=\"og:image:type\" content=\"image\/jpeg\" \/>\n<meta name=\"twitter:card\" content=\"summary_large_image\" \/>\n<meta name=\"twitter:label1\" content=\"Tiempo de lectura\" \/>\n\t<meta name=\"twitter:data1\" content=\"1 minuto\" \/>\n<script type=\"application\/ld+json\" class=\"yoast-schema-graph\">{\"@context\":\"https:\/\/schema.org\",\"@graph\":[{\"@type\":\"WebPage\",\"@id\":\"https:\/\/medsol.cl\/index.php\/producto\/colchon-clinico-med-home\/\",\"url\":\"https:\/\/medsol.cl\/index.php\/producto\/colchon-clinico-med-home\/\",\"name\":\"Colch\u00f3n Cl\u00ednico Med Home - Med Solutions\",\"isPartOf\":{\"@id\":\"https:\/\/medsol.cl\/#website\"},\"primaryImageOfPage\":{\"@id\":\"https:\/\/medsol.cl\/index.php\/producto\/colchon-clinico-med-home\/#primaryimage\"},\"image\":{\"@id\":\"https:\/\/medsol.cl\/index.php\/producto\/colchon-clinico-med-home\/#primaryimage\"},\"thumbnailUrl\":\"https:\/\/medsol.cl\/wp-content\/uploads\/2025\/07\/colchon-med-home-01.jpg\",\"datePublished\":\"2025-07-21T20:33:54+00:00\",\"dateModified\":\"2025-07-23T20:17:24+00:00\",\"breadcrumb\":{\"@id\":\"https:\/\/medsol.cl\/index.php\/producto\/colchon-clinico-med-home\/#breadcrumb\"},\"inLanguage\":\"es\",\"potentialAction\":[{\"@type\":\"ReadAction\",\"target\":[\"https:\/\/medsol.cl\/index.php\/producto\/colchon-clinico-med-home\/\"]}]},{\"@type\":\"ImageObject\",\"inLanguage\":\"es\",\"@id\":\"https:\/\/medsol.cl\/index.php\/producto\/colchon-clinico-med-home\/#primaryimage\",\"url\":\"https:\/\/medsol.cl\/wp-content\/uploads\/2025\/07\/colchon-med-home-01.jpg\",\"contentUrl\":\"https:\/\/medsol.cl\/wp-content\/uploads\/2025\/07\/colchon-med-home-01.jpg\",\"width\":1000,\"height\":1000},{\"@type\":\"BreadcrumbList\",\"@id\":\"https:\/\/medsol.cl\/index.php\/producto\/colchon-clinico-med-home\/#breadcrumb\",\"itemListElement\":[{\"@type\":\"ListItem\",\"position\":1,\"name\":\"Portada\",\"item\":\"https:\/\/medsol.cl\/\"},{\"@type\":\"ListItem\",\"position\":2,\"name\":\"Tienda\",\"item\":\"https:\/\/medsol.cl\/index.php\/tienda\/\"},{\"@type\":\"ListItem\",\"position\":3,\"name\":\"Colch\u00f3n Cl\u00ednico Med Home\"}]},{\"@type\":\"WebSite\",\"@id\":\"https:\/\/medsol.cl\/#website\",\"url\":\"https:\/\/medsol.cl\/\",\"name\":\"Med Solutions\",\"description\":\"Tu Mejor Aliado\",\"publisher\":{\"@id\":\"https:\/\/medsol.cl\/#organization\"},\"potentialAction\":[{\"@type\":\"SearchAction\",\"target\":{\"@type\":\"EntryPoint\",\"urlTemplate\":\"https:\/\/medsol.cl\/?s={search_term_string}\"},\"query-input\":{\"@type\":\"PropertyValueSpecification\",\"valueRequired\":true,\"valueName\":\"search_term_string\"}}],\"inLanguage\":\"es\"},{\"@type\":\"Organization\",\"@id\":\"https:\/\/medsol.cl\/#organization\",\"name\":\"Med Solutions\",\"url\":\"https:\/\/medsol.cl\/\",\"logo\":{\"@type\":\"ImageObject\",\"inLanguage\":\"es\",\"@id\":\"https:\/\/medsol.cl\/#\/schema\/logo\/image\/\",\"url\":\"https:\/\/medsol.cl\/wp-content\/uploads\/2025\/07\/Logo-Med-Solutions-e1753134682177.png\",\"contentUrl\":\"https:\/\/medsol.cl\/wp-content\/uploads\/2025\/07\/Logo-Med-Solutions-e1753134682177.png\",\"width\":955,\"height\":867,\"caption\":\"Med Solutions\"},\"image\":{\"@id\":\"https:\/\/medsol.cl\/#\/schema\/logo\/image\/\"}}]}<\/script>\n<!-- \/ Yoast SEO plugin. -->","yoast_head_json":{"title":"Colch\u00f3n Cl\u00ednico Med Home - Med Solutions","robots":{"index":"index","follow":"follow","max-snippet":"max-snippet:-1","max-image-preview":"max-image-preview:large","max-video-preview":"max-video-preview:-1"},"canonical":"https:\/\/medsol.cl\/index.php\/producto\/colchon-clinico-med-home\/","og_locale":"es_ES","og_type":"article","og_title":"Colch\u00f3n Cl\u00ednico Med Home - Med Solutions","og_description":"El Colch\u00f3n Cl\u00ednico Med Home para catre es perfecto para ti. Hecho de un material impermeable y una tela Oxford [&hellip;]","og_url":"https:\/\/medsol.cl\/index.php\/producto\/colchon-clinico-med-home\/","og_site_name":"Med Solutions","article_modified_time":"2025-07-23T20:17:24+00:00","og_image":[{"width":1000,"height":1000,"url":"https:\/\/medsol.cl\/wp-content\/uploads\/2025\/07\/colchon-med-home-01.jpg","type":"image\/jpeg"}],"twitter_card":"summary_large_image","twitter_misc":{"Tiempo de lectura":"1 minuto"},"schema":{"@context":"https:\/\/schema.org","@graph":[{"@type":"WebPage","@id":"https:\/\/medsol.cl\/index.php\/producto\/colchon-clinico-med-home\/","url":"https:\/\/medsol.cl\/index.php\/producto\/colchon-clinico-med-home\/","name":"Colch\u00f3n Cl\u00ednico Med Home - Med Solutions","isPartOf":{"@id":"https:\/\/medsol.cl\/#website"},"primaryImageOfPage":{"@id":"https:\/\/medsol.cl\/index.php\/producto\/colchon-clinico-med-home\/#primaryimage"},"image":{"@id":"https:\/\/medsol.cl\/index.php\/producto\/colchon-clinico-med-home\/#primaryimage"},"thumbnailUrl":"https:\/\/medsol.cl\/wp-content\/uploads\/2025\/07\/colchon-med-home-01.jpg","datePublished":"2025-07-21T20:33:54+00:00","dateModified":"2025-07-23T20:17:24+00:00","breadcrumb":{"@id":"https:\/\/medsol.cl\/index.php\/producto\/colchon-clinico-med-home\/#breadcrumb"},"inLanguage":"es","potentialAction":[{"@type":"ReadAction","target":["https:\/\/medsol.cl\/index.php\/producto\/colchon-clinico-med-home\/"]}]},{"@type":"ImageObject","inLanguage":"es","@id":"https:\/\/medsol.cl\/index.php\/producto\/colchon-clinico-med-home\/#primaryimage","url":"https:\/\/medsol.cl\/wp-content\/uploads\/2025\/07\/colchon-med-home-01.jpg","contentUrl":"https:\/\/medsol.cl\/wp-content\/uploads\/2025\/07\/colchon-med-home-01.jpg","width":1000,"height":1000},{"@type":"BreadcrumbList","@id":"https:\/\/medsol.cl\/index.php\/producto\/colchon-clinico-med-home\/#breadcrumb","itemListElement":[{"@type":"ListItem","position":1,"name":"Portada","item":"https:\/\/medsol.cl\/"},{"@type":"ListItem","position":2,"name":"Tienda","item":"https:\/\/medsol.cl\/index.php\/tienda\/"},{"@type":"ListItem","position":3,"name":"Colch\u00f3n Cl\u00ednico Med Home"}]},{"@type":"WebSite","@id":"https:\/\/medsol.cl\/#website","url":"https:\/\/medsol.cl\/","name":"Med Solutions","description":"Tu Mejor Aliado","publisher":{"@id":"https:\/\/medsol.cl\/#organization"},"potentialAction":[{"@type":"SearchAction","target":{"@type":"EntryPoint","urlTemplate":"https:\/\/medsol.cl\/?s={search_term_string}"},"query-input":{"@type":"PropertyValueSpecification","valueRequired":true,"valueName":"search_term_string"}}],"inLanguage":"es"},{"@type":"Organization","@id":"https:\/\/medsol.cl\/#organization","name":"Med Solutions","url":"https:\/\/medsol.cl\/","logo":{"@type":"ImageObject","inLanguage":"es","@id":"https:\/\/medsol.cl\/#\/schema\/logo\/image\/","url":"https:\/\/medsol.cl\/wp-content\/uploads\/2025\/07\/Logo-Med-Solutions-e1753134682177.png","contentUrl":"https:\/\/medsol.cl\/wp-content\/uploads\/2025\/07\/Logo-Med-Solutions-e1753134682177.png","width":955,"height":867,"caption":"Med Solutions"},"image":{"@id":"https:\/\/medsol.cl\/#\/schema\/logo\/image\/"}}]}},"_links":{"self":[{"href":"https:\/\/medsol.cl\/index.php\/wp-json\/wp\/v2\/product\/91","targetHints":{"allow":["GET"]}}],"collection":[{"href":"https:\/\/medsol.cl\/index.php\/wp-json\/wp\/v2\/product"}],"about":[{"href":"https:\/\/medsol.cl\/index.php\/wp-json\/wp\/v2\/types\/product"}],"replies":[{"embeddable":true,"href":"https:\/\/medsol.cl\/index.php\/wp-json\/wp\/v2\/comments?post=91"}],"wp:featuredmedia":[{"embeddable":true,"href":"https:\/\/medsol.cl\/index.php\/wp-json\/wp\/v2\/media\/92"}],"wp:attachment":[{"href":"https:\/\/medsol.cl\/index.php\/wp-json\/wp\/v2\/media?parent=91"}],"wp:term":[{"taxonomy":"product_brand","embeddable":true,"href":"https:\/\/medsol.cl\/index.php\/wp-json\/wp\/v2\/product_brand?post=91"},{"taxonomy":"product_cat","embeddable":true,"href":"https:\/\/medsol.cl\/index.php\/wp-json\/wp\/v2\/product_cat?post=91"},{"taxonomy":"product_tag","embeddable":true,"href":"https:\/\/medsol.cl\/index.php\/wp-json\/wp\/v2\/product_tag?post=91"}],"curies":[{"name":"wp","href":"https:\/\/api.w.org\/{rel}","templated":true}]}}